{"id":3488,"date":"2025-06-04T10:35:17","date_gmt":"2025-06-04T08:35:17","guid":{"rendered":"https:\/\/bravoplaya.com\/animation\/la-historia\/"},"modified":"2026-04-27T16:27:27","modified_gmt":"2026-04-27T14:27:27","slug":"hun-verhaal","status":"publish","type":"page","link":"https:\/\/www.bravoplaya.com\/de\/animation\/hun-verhaal\/","title":{"rendered":"Die Geschichte von Bravito und Mansita"},"content":{"rendered":"\n<div class=\"wp-block-cover alignfull has-parallax header-top has-animation\" style=\"margin-top:0px;margin-bottom:0px\"><div class=\"wp-block-cover__image-background wp-image-2563 has-parallax\" style=\"background-position:50% 50%;background-image:url(https:\/\/www.bravoplaya.com\/wp-content\/uploads\/bravito-mansita-inicio.jpg)\"><\/div><span aria-hidden=\"true\" class=\"wp-block-cover__background has-theme-blue-background-color has-background-dim-20 has-background-dim\"><\/span><div class=\"wp-block-cover__inner-container is-layout-constrained wp-block-cover-is-layout-constrained\">\n<h1 class=\"wp-block-heading has-text-align-center animation--init--once animation--bottom has-theme-white-color has-text-color has-link-color wp-elements-9b9f937f32e67143d91fab07395cdb61\">Die Geschichte <br>von Bravito und Mansita<\/h1>\n\n\n\n<div class=\"wp-block-group alignwide breadcrumbs animation--init--once is-layout-constrained wp-block-group-is-layout-constrained\" style=\"margin-top:0px;margin-bottom:0px\">\n<div class=\"wp-block-group alignfull los-breadcrumbs is-layout-constrained wp-block-group-is-layout-constrained\">\n<span><span><a href=\"https:\/\/www.bravoplaya.com\/de\/\">Inicio<\/a><\/span><\/span>\n<\/div>\n<\/div>\n\n\n\n<div class=\"wp-block-group alignfull motor-thelis has-theme-brown-2-background-color has-background is-layout-constrained wp-container-core-group-is-layout-703874a8 wp-block-group-is-layout-constrained\" style=\"margin-top:0px;margin-bottom:0px;padding-top:10px;padding-right:0px;padding-bottom:12px;padding-left:0px\">\n<div class=\"wp-block-columns is-layout-flex wp-container-core-columns-is-layout-28f84493 wp-block-columns-is-layout-flex\">\n<div class=\"wp-block-column is-layout-flow wp-block-column-is-layout-flow\" style=\"flex-basis:100%\">\n<section class=\"formulaire-de-recherche-bar\">\r\n            <div id=\"expand-thelis-formulaire\">Buchen<\/div>\r\n            <div class=\"container-form\"><thr-search-engine search-text=\"Suchen\"><\/thr-search-engine><a id=\"pay-btn-2\" onclick=\"window.open('https:\/\/thelisresa.webcamp.fr\/cart-directPayment.php?camping=pcyeyp&amp;lang=de');\"><i><\/i>Sich niederlassen<\/a>\r\n            <style>\r\n            \r\n            .thr-search-engine .thr-search-engine-main > .thr-btn-search { max-width: 20% !important; }\r\n            .thr .btn i { margin-right: 0 !important; }\r\n            #pay-btn-2 { \r\n                position: absolute;\r\n                right: 0;top: 0;\r\n                margin: 10px;\r\n                border: 0;\r\n                background-color: ;\r\n                color: ;\r\n                cursor: pointer;\r\n                width: calc(17% - 5px);\r\n                padding: 17px 0;\r\n                font-size: 18px;\r\n                font-weight: bold;\r\n                text-transform: auto;\r\n                transition: all .35s;\r\n                display: flex;justify-content: center;\r\n                align-items: center;\r\n            }\r\n            #pay-btn-2 i {\r\n                display: inline-flex;\r\n                width:18px;height:18px;\r\n                margin-right: 5px;\r\n                background-image: url('data:image\/svg+xml;utf8,<?xml version=\"1.0\" encoding=\"utf-8\"?><svg width=\"1792\" height=\"1792\" viewBox=\"0 0 1792 1792\" xmlns=\"http:\/\/www.w3.org\/2000\/svg\"><path d=\"M704 1536q0 52-38 90t-90 38-90-38-38-90 38-90 90-38 90 38 38 90zm896 0q0 52-38 90t-90 38-90-38-38-90 38-90 90-38 90 38 38 90zm128-1088v512q0 24-16.5 42.5t-40.5 21.5l-1044 122q13 60 13 70 0 16-24 64h920q26 0 45 19t19 45-19 45-45 19h-1024q-26 0-45-19t-19-45q0-11 8-31.5t16-36 21.5-40 15.5-29.5l-177-823h-204q-26 0-45-19t-19-45 19-45 45-19h256q16 0 28.5 6.5t19.5 15.5 13 24.5 8 26 5.5 29.5 4.5 26h1201q26 0 45 19t19 45z\" fill=\"rgba(255,255,255,1)\" \/><\/svg>');\r\n                background-size: cover;background-position: center center;background-repeat: no-repeat;\r\n            }\r\n            #pay-btn-2:hover { background-color: ; }\r\n            .thr-search-engine { width: 83%; }\r\n\r\n            @media screen and (max-width: 1024px) {\r\n                #pay-btn-2 { top: 52px; }\r\n                .thr-search-engine .thr-search-engine-main > .thr-btn-search { max-width: inherit !important; }\r\n            }\r\n            @media screen and (max-width: 990px) {\r\n                .thr-search-engine { width: 100%; }\r\n                #pay-btn-2 { position: relative;width: calc(100% - 20px);top: auto;margin-top: 0; }\r\n            }\r\n\r\n            thr-search-engine { border-right: 200px rgba(0,0,0,0) solid;display: block; }\r\n            @media screen and (max-width: 1024px) {\r\n                thr-search-engine { border-right: inherit;display: inherit; }\r\n            }\r\n            <\/style>\r\n            <\/div><\/section><!-- .formulaire-de-recherche-bar --><style>\r\n        #expand-thelis-formulaire { display: none; }\r\n        @media screen and (max-width: 1024px) {\r\n            #expand-thelis-formulaire { display: block; }\r\n            .formulaire-de-recherche-bar .container-form { display: none; }\r\n        }\r\n    <\/style><script>\r\n    jQuery(document).ready(function($){\r\n        jQuery('#expand-thelis-formulaire').click(function(){\r\n            if(\r\n                jQuery('.formulaire-de-recherche-bar .container-form').css('display') == 'none'\r\n            ){\r\n                jQuery('.formulaire-de-recherche-bar .container-form').css('display', 'block');\r\n                jQuery('#expand-thelis-formulaire').addClass('expanded');\r\n            }else{\r\n                jQuery('.formulaire-de-recherche-bar .container-form').css('display', 'none');\r\n                jQuery('#expand-thelis-formulaire').removeClass('expanded');\r\n            }\r\n        });\r\n    });\r\n    <\/script>\n<\/div>\n<\/div>\n<\/div>\n<\/div><\/div>\n\n\n\n<div class=\"wp-block-group alignfull bloque-intro oh is-layout-constrained wp-block-group-is-layout-constrained\">\n<div class=\"wp-block-columns are-vertically-aligned-center has-animation is-layout-flex wp-container-core-columns-is-layout-28f84493 wp-block-columns-is-layout-flex\">\n<div class=\"wp-block-column is-vertically-aligned-center is-layout-flow wp-block-column-is-layout-flow\">\n<h2 class=\"wp-block-heading has-text-align-center animation--init--once animation--bottom\" style=\"margin-bottom:40px\"><sup>Bravito und mansita<\/sup>Die Geschichte von Bravito und Mansita<\/h2>\n\n\n\n<p>Es war einmal eine kleine, aber sehr sch\u00f6ne Stierarena, in der Vaquillas-Vorf\u00fchrungen f\u00fcr Menschen jeden Alters stattfanden. Diese kleine Arena befand sich im Camping Torre La Sal 2, neben einem wundersch\u00f6nen wilden Strand.<\/p>\n\n\n\n<p>Am Karsamstag des Jahres 2012 nahm Bravito, ein sehr freundlicher und liebevoller kleiner Stier, an einer dieser Vorf\u00fchrungen teil. Die Arena f\u00fcllte sich mit Menschen, und um die Veranstaltung noch lustiger zu machen, trat auch ein etwas verr\u00fccktes Huhn namens Artemia auf, das als Torera auftrat.<\/p>\n\n\n\n<p>Bravito war ganz verzaubert vom ehrlichen Lachen der Kinder. Er war so gebannt, dass er gar nicht bemerkte, wie Artemia versuchte, ihn auf alle m\u00f6glichen Arten zu reizen. Je mehr die Kinder lachten, desto unbeweglicher und l\u00e4chelnder blieb Bravito mitten in der Arena stehen.<\/p>\n\n\n\n<p>Tomaset, der Viehz\u00fcchter, sehr ver\u00e4rgert, schleifte ihn zur\u00fcck in die Torile, wo die \u00fcbrigen Vaquillas und kleinen Stiere auf ihren Einsatz warteten. Dort fragte er ihn, was los sei, doch Bravito blieb l\u00e4chelnd stehen und konnte nicht einmal muhen.<\/p>\n\n\n\n<p>Die Vorf\u00fchrung ging weiter. Artemia konnte endlich auftreten, und alle Zuschauer \u2014 einschlie\u00dflich der Kinder \u2014 hatten gro\u00dfen Spa\u00df. Die letzte Vaquilla betrat die Arena und\u2026 turuturuuuu, die Vorstellung war beendet.<\/p>\n\n\n\n<p>W\u00e4hrenddessen blieb Bravito wie benommen und lauschte dem Murmeln und Lachen der Kinder. Pl\u00f6tzlich wurde es still, und man h\u00f6rte den Motor des Lastwagens, der die Tiere an diesen wundervollen Ort gebracht hatte. Sie fuhren bereits wieder weg.<\/p>\n\n\n\n<p>Bravito geriet in Panik. Er wollte nicht weggehen. Er begann untr\u00f6stlich zu weinen.<\/p>\n\n\n\n<p>Tomaset verstand sein Verhalten nicht. Er dachte, vielleicht habe er sich eine seltsame Krankheit eingefangen.<\/p>\n\n\n\n<p>Nur Bravito fehlte noch beim Einsteigen in den Lastwagen. Da h\u00f6rte er auf zu weinen, fasste Mut und klammerte sich mit aller Kraft an den sandigen Boden der Arena. Er wollte bei den Kindern im Camping Torre La Sal 2 bleiben \u2014 und genau das sagte er Tomaset, als dieser ihn erneut erstaunt fragte, was los sei.<\/p>\n\n\n\n<p>Tomaset erkl\u00e4rte ihm, dass das nicht m\u00f6glich sei und sie zur Ranch zur\u00fcckkehren m\u00fcssten, doch Bravito bewegte sich nicht. Es war unm\u00f6glich, ihn hochzuheben.<\/p>\n\n\n\n<p>Als sich die Abfahrt verz\u00f6gerte, erz\u00e4hlte Tomaset Fernando \u2014 dem Besitzer des Campingplatzes und der kleinen Arena \u2014 alles, was geschehen war. Die Geschichte r\u00fchrte Fernando so sehr, dass er vorschlug, Bravito d\u00fcrfe im Campingplatz bleiben.<\/p>\n\n\n\n<p>Bravito verbrachte das beste Jahr seines Lebens. Gl\u00fccklicher h\u00e4tte er nicht sein k\u00f6nnen.<\/p>\n\n\n\n<p>Die Kinder liebten ihn, und er suchte sie jeden Sommertag: morgens im Pool und am Strand, nachmittags auf dem Spielplatz, bei den H\u00fcpfburgen und in der Sportanlage \u2014 und manche Abende, nicht alle, weil er manchmal sehr m\u00fcde war, in der Diskothek des Campingplatzes.<\/p>\n\n\n\n<p>Bei den Kinderfesten der Animateure fehlte er nie. Und nat\u00fcrlich begr\u00fc\u00dfte er Tomaset und die \u00fcbrigen Vaquillas und kleinen Stiere jedes Mal, wenn eine Vorf\u00fchrung in der Arena stattfand.<\/p>\n\n\n\n<p>Zuf\u00e4llig \u2014 als sich sein erstes Jahr im Campingplatz n\u00e4herte \u2014 ebenfalls zu Ostern, brachte Tomaset Mansita mit: eine sanfte, kokette und fr\u00f6hliche kleine Kuh, die an der Vorf\u00fchrung teilnehmen sollte.<\/p>\n\n\n\n<p>Als Bravito und Mansita sich sahen, waren sie sofort voneinander begeistert.<\/p>\n\n\n\n<p>Bravito verliebte sich in ihr L\u00e4cheln und ihre fr\u00f6hlichen Augen, und Mansita war fasziniert davon, wie sehr die Kinder Bravito liebten.<\/p>\n\n\n\n<p>W\u00e4hrend der Vorstellung blieben Bravito und Mansita gemeinsam in den Torilen. Sie unterhielten sich \u2014 und vor allem lachten sie. Sie verstanden sich perfekt.<\/p>\n\n\n\n<p>Als die Vorf\u00fchrung endete, verschwand Mansita. Bravito wurde ein wenig traurig. Zwar verging es ihm jedes Mal, wenn er ein Kind sah, doch wenn er in den Stall zur\u00fcckkehrte, um sich auszuruhen oder zu fressen, dachte er wieder an sie.<\/p>\n\n\n\n<p>\u201eOh, was f\u00fcr sch\u00f6ne Wimpern\u2026\u201c, seufzte er und tr\u00f6stete sich mit dem Gedanken, sie im Juli bestimmt wiederzusehen.<\/p>\n\n\n\n<p>An einem Nachmittag Anfang Juni \u2014 als keine Kinder auf dem Campingplatz waren, weil sie in der Schule waren \u2014 sah Fernando Bravito am Strand sitzen, mit verlorenem Blick aufs Meer. Er setzte sich neben ihn und fragte, wie es ihm gehe.<\/p>\n\n\n\n<p>Bravito gestand ihm seine Gef\u00fchle, und erneut war Fernando ger\u00fchrt. Er war Bravito sehr dankbar, denn dieser machte alle Kinder gl\u00fccklich.<\/p>\n\n\n\n<p>Noch am selben Nachmittag rief Fernando Tomaset an und erz\u00e4hlte ihm, was geschehen war. Tomaset verstand nun endlich alles \u2014 jetzt wusste er, warum Mansita seit jener Vorf\u00fchrung so ver\u00e4ndert war.<\/p>\n\n\n\n<p>Fernando bat ihn, Mansita zu bringen, damit sie bei Bravito bleiben k\u00f6nne \u2014 einem kleinen Stier, der es verdiente, vollkommen gl\u00fccklich zu sein wegen seiner bedingungslosen Liebe zu den Kindern.<\/p>\n\n\n\n<p>Und so geschah es.<\/p>\n\n\n\n<p>Am 29. Juni 2013 stellte Bravito seine Gef\u00e4hrtin Mansita allen Kindern des Campingplatzes vor.<\/p>\n\n\n\n<p>Und bis heute sind sie der gl\u00fccklichste kleine Stier und die gl\u00fccklichste kleine Kuh der Welt.<\/p>\n\n\n\n<p>Und wenn sie nicht gestorben sind, dann leben sie noch heute.<\/p>\n<\/div>\n<\/div>\n<\/div>\n","protected":false},"excerpt":{"rendered":"<p>Es war einmal eine kleine, aber sehr h\u00fcbsche Stierkampfarena, in der Stierk\u00e4mpfe mit Jungstieren stattfanden&#8230;<\/p>\n","protected":false},"author":2,"featured_media":2563,"parent":3452,"menu_order":1,"comment_status":"closed","ping_status":"closed","template":"","meta":{"_acf_changed":false,"inline_featured_image":false,"footnotes":""},"class_list":["post-3488","page","type-page","status-publish","has-post-thumbnail","hentry"],"acf":[],"yoast_head":"<!-- This site is optimized with the Yoast SEO plugin v26.6 - https:\/\/yoast.com\/wordpress\/plugins\/seo\/ -->\n<title>Die Geschichte von Bravito und Mansita - Camping Bravoplaya<\/title>\n<meta name=\"description\" content=\"Es war einmal eine kleine, aber sehr h\u00fcbsche Stierkampfarena, in der Stierk\u00e4mpfe mit Jungstieren stattfanden...\" \/>\n<meta name=\"robots\" content=\"index, follow, max-snippet:-1, max-image-preview:large, max-video-preview:-1\" \/>\n<link rel=\"canonical\" href=\"https:\/\/www.bravoplaya.com\/de\/animation\/hun-verhaal\/\" \/>\n<meta property=\"og:locale\" content=\"de_DE\" \/>\n<meta property=\"og:type\" content=\"article\" \/>\n<meta property=\"og:title\" content=\"Die Geschichte von Bravito und Mansita - Camping Bravoplaya\" \/>\n<meta property=\"og:description\" content=\"Es war einmal eine kleine, aber sehr h\u00fcbsche Stierkampfarena, in der Stierk\u00e4mpfe mit Jungstieren stattfanden...\" \/>\n<meta property=\"og:url\" content=\"https:\/\/www.bravoplaya.com\/de\/animation\/hun-verhaal\/\" \/>\n<meta property=\"og:site_name\" content=\"Camping Bravoplaya\" \/>\n<meta property=\"article:modified_time\" content=\"2026-04-27T14:27:27+00:00\" \/>\n<meta property=\"og:image\" content=\"https:\/\/www.bravoplaya.com\/wp-content\/uploads\/bravito-mansita-inicio.jpg\" \/>\n\t<meta property=\"og:image:width\" content=\"1200\" \/>\n\t<meta property=\"og:image:height\" content=\"1074\" \/>\n\t<meta property=\"og:image:type\" content=\"image\/jpeg\" \/>\n<meta name=\"twitter:card\" content=\"summary_large_image\" \/>\n<meta name=\"twitter:label1\" content=\"Gesch\u00e4tzte Lesezeit\" \/>\n\t<meta name=\"twitter:data1\" content=\"4\u00a0Minuten\" \/>\n<!-- \/ Yoast SEO plugin. -->","yoast_head_json":{"title":"Die Geschichte von Bravito und Mansita - Camping Bravoplaya","description":"Es war einmal eine kleine, aber sehr h\u00fcbsche Stierkampfarena, in der Stierk\u00e4mpfe mit Jungstieren stattfanden...","robots":{"index":"index","follow":"follow","max-snippet":"max-snippet:-1","max-image-preview":"max-image-preview:large","max-video-preview":"max-video-preview:-1"},"canonical":"https:\/\/www.bravoplaya.com\/de\/animation\/hun-verhaal\/","og_locale":"de_DE","og_type":"article","og_title":"Die Geschichte von Bravito und Mansita - Camping Bravoplaya","og_description":"Es war einmal eine kleine, aber sehr h\u00fcbsche Stierkampfarena, in der Stierk\u00e4mpfe mit Jungstieren stattfanden...","og_url":"https:\/\/www.bravoplaya.com\/de\/animation\/hun-verhaal\/","og_site_name":"Camping Bravoplaya","article_modified_time":"2026-04-27T14:27:27+00:00","og_image":[{"width":1200,"height":1074,"url":"https:\/\/www.bravoplaya.com\/wp-content\/uploads\/bravito-mansita-inicio.jpg","type":"image\/jpeg"}],"twitter_card":"summary_large_image","twitter_misc":{"Gesch\u00e4tzte Lesezeit":"4\u00a0Minuten"},"schema":{"@context":"https:\/\/schema.org","@graph":[{"@type":"WebPage","@id":"https:\/\/www.bravoplaya.com\/de\/animation\/hun-verhaal\/","url":"https:\/\/www.bravoplaya.com\/de\/animation\/hun-verhaal\/","name":"Die Geschichte von Bravito und Mansita - Camping Bravoplaya","isPartOf":{"@id":"https:\/\/www.bravoplaya.com\/de\/#website"},"primaryImageOfPage":{"@id":"https:\/\/www.bravoplaya.com\/de\/animation\/hun-verhaal\/#primaryimage"},"image":{"@id":"https:\/\/www.bravoplaya.com\/de\/animation\/hun-verhaal\/#primaryimage"},"thumbnailUrl":"https:\/\/www.bravoplaya.com\/wp-content\/uploads\/bravito-mansita-inicio.jpg","datePublished":"2025-06-04T08:35:17+00:00","dateModified":"2026-04-27T14:27:27+00:00","description":"Es war einmal eine kleine, aber sehr h\u00fcbsche Stierkampfarena, in der Stierk\u00e4mpfe mit Jungstieren stattfanden...","breadcrumb":{"@id":"https:\/\/www.bravoplaya.com\/de\/animation\/hun-verhaal\/#breadcrumb"},"inLanguage":"de","potentialAction":[{"@type":"ReadAction","target":["https:\/\/www.bravoplaya.com\/de\/animation\/hun-verhaal\/"]}]},{"@type":"ImageObject","inLanguage":"de","@id":"https:\/\/www.bravoplaya.com\/de\/animation\/hun-verhaal\/#primaryimage","url":"https:\/\/www.bravoplaya.com\/wp-content\/uploads\/bravito-mansita-inicio.jpg","contentUrl":"https:\/\/www.bravoplaya.com\/wp-content\/uploads\/bravito-mansita-inicio.jpg","width":1200,"height":1074},{"@type":"BreadcrumbList","@id":"https:\/\/www.bravoplaya.com\/de\/animation\/hun-verhaal\/#breadcrumb","itemListElement":[{"@type":"ListItem","position":1,"name":"Inicio","item":"https:\/\/www.bravoplaya.com\/de\/"},{"@type":"ListItem","position":2,"name":"Animation","item":"https:\/\/www.bravoplaya.com\/de\/animation\/"},{"@type":"ListItem","position":3,"name":"Die Geschichte von Bravito und Mansita"}]},{"@type":"WebSite","@id":"https:\/\/www.bravoplaya.com\/de\/#website","url":"https:\/\/www.bravoplaya.com\/de\/","name":"Camping Bravoplaya","description":"Ein Erlebnis voller Eindr\u00fccke","publisher":{"@id":"https:\/\/www.bravoplaya.com\/de\/#organization"},"potentialAction":[{"@type":"SearchAction","target":{"@type":"EntryPoint","urlTemplate":"https:\/\/www.bravoplaya.com\/de\/?s={search_term_string}"},"query-input":{"@type":"PropertyValueSpecification","valueRequired":true,"valueName":"search_term_string"}}],"inLanguage":"de"},{"@type":"Organization","@id":"https:\/\/www.bravoplaya.com\/de\/#organization","name":"Camping Bravoplaya","url":"https:\/\/www.bravoplaya.com\/de\/","logo":{"@type":"ImageObject","inLanguage":"de","@id":"https:\/\/www.bravoplaya.com\/de\/#\/schema\/logo\/image\/","url":"https:\/\/www.bravoplaya.com\/wp-content\/uploads\/logo-bravoplaya.png","contentUrl":"https:\/\/www.bravoplaya.com\/wp-content\/uploads\/logo-bravoplaya.png","width":225,"height":225,"caption":"Camping Bravoplaya"},"image":{"@id":"https:\/\/www.bravoplaya.com\/de\/#\/schema\/logo\/image\/"}}]}},"_links":{"self":[{"href":"https:\/\/www.bravoplaya.com\/de\/wp-json\/wp\/v2\/pages\/3488","targetHints":{"allow":["GET"]}}],"collection":[{"href":"https:\/\/www.bravoplaya.com\/de\/wp-json\/wp\/v2\/pages"}],"about":[{"href":"https:\/\/www.bravoplaya.com\/de\/wp-json\/wp\/v2\/types\/page"}],"author":[{"embeddable":true,"href":"https:\/\/www.bravoplaya.com\/de\/wp-json\/wp\/v2\/users\/2"}],"replies":[{"embeddable":true,"href":"https:\/\/www.bravoplaya.com\/de\/wp-json\/wp\/v2\/comments?post=3488"}],"version-history":[{"count":3,"href":"https:\/\/www.bravoplaya.com\/de\/wp-json\/wp\/v2\/pages\/3488\/revisions"}],"predecessor-version":[{"id":6016,"href":"https:\/\/www.bravoplaya.com\/de\/wp-json\/wp\/v2\/pages\/3488\/revisions\/6016"}],"up":[{"embeddable":true,"href":"https:\/\/www.bravoplaya.com\/de\/wp-json\/wp\/v2\/pages\/3452"}],"wp:featuredmedia":[{"embeddable":true,"href":"https:\/\/www.bravoplaya.com\/de\/wp-json\/wp\/v2\/media\/2563"}],"wp:attachment":[{"href":"https:\/\/www.bravoplaya.com\/de\/wp-json\/wp\/v2\/media?parent=3488"}],"curies":[{"name":"wp","href":"https:\/\/api.w.org\/{rel}","templated":true}]}}