{"id":3512,"date":"2025-06-04T11:11:13","date_gmt":"2025-06-04T09:11:13","guid":{"rendered":"https:\/\/bravoplaya.com\/entorno\/"},"modified":"2026-04-21T12:03:46","modified_gmt":"2026-04-21T10:03:46","slug":"umgebung","status":"publish","type":"page","link":"https:\/\/www.bravoplaya.com\/de\/umgebung\/","title":{"rendered":"Umgebung"},"content":{"rendered":"\n<div class=\"wp-block-group alignfull header-video has-animation is-layout-constrained wp-block-group-is-layout-constrained\"><div class=\"wp-block-video-header alignfull\">\n\n    \n                <div id=\"overlay-360\" onclick=\"style.pointerEvents='none'\"><\/div>\n\n        <iframe src=\"https:\/\/player.vimeo.com\/video\/385200437?autoplay=1&#038;loop=1&#038;autopause=0&#038;muted=1\" frameborder=\"0\" allow=\"autoplay; fullscreen\" allowfullscreen><\/iframe>\n\n            \n    \n<\/div>\n\n\n\n\n<div class=\"wp-block-group alignfull header-video-content is-layout-constrained wp-block-group-is-layout-constrained\">\n<h1 class=\"wp-block-heading has-text-align-center animation--init--once animation--bottom\">Unsere Umgebung<\/h1>\n\n\n\n<div class=\"wp-block-group alignwide breadcrumbs animation--init--once is-layout-constrained wp-block-group-is-layout-constrained\" style=\"margin-top:0px;margin-bottom:0px\">\n<div class=\"wp-block-group alignfull los-breadcrumbs is-layout-constrained wp-block-group-is-layout-constrained\">\n<span><span><a href=\"https:\/\/www.bravoplaya.com\/de\/\">Inicio<\/a><\/span><\/span>\n<\/div>\n<\/div>\n\n\n\n<div class=\"wp-block-group alignfull motor-thelis has-theme-brown-2-background-color has-background is-layout-constrained wp-container-core-group-is-layout-703874a8 wp-block-group-is-layout-constrained\" style=\"margin-top:0px;margin-bottom:0px;padding-top:10px;padding-right:0px;padding-bottom:12px;padding-left:0px\">\n<div class=\"wp-block-columns is-layout-flex wp-container-core-columns-is-layout-28f84493 wp-block-columns-is-layout-flex\">\n<div class=\"wp-block-column is-layout-flow wp-block-column-is-layout-flow\" style=\"flex-basis:100%\">\n<section class=\"formulaire-de-recherche-bar\">\r\n            <div id=\"expand-thelis-formulaire\">Buchen<\/div>\r\n            <div class=\"container-form\"><thr-search-engine search-text=\"Suchen\"><\/thr-search-engine><a id=\"pay-btn-2\" onclick=\"window.open('https:\/\/thelisresa.webcamp.fr\/cart-directPayment.php?camping=pcyeyp&amp;lang=de');\"><i><\/i>Sich niederlassen<\/a>\r\n            <style>\r\n            \r\n            .thr-search-engine .thr-search-engine-main > .thr-btn-search { max-width: 20% !important; }\r\n            .thr .btn i { margin-right: 0 !important; }\r\n            #pay-btn-2 { \r\n                position: absolute;\r\n                right: 0;top: 0;\r\n                margin: 10px;\r\n                border: 0;\r\n                background-color: ;\r\n                color: ;\r\n                cursor: pointer;\r\n                width: calc(17% - 5px);\r\n                padding: 17px 0;\r\n                font-size: 18px;\r\n                font-weight: bold;\r\n                text-transform: auto;\r\n                transition: all .35s;\r\n                display: flex;justify-content: center;\r\n                align-items: center;\r\n            }\r\n            #pay-btn-2 i {\r\n                display: inline-flex;\r\n                width:18px;height:18px;\r\n                margin-right: 5px;\r\n                background-image: url('data:image\/svg+xml;utf8,<?xml version=\"1.0\" encoding=\"utf-8\"?><svg width=\"1792\" height=\"1792\" viewBox=\"0 0 1792 1792\" xmlns=\"http:\/\/www.w3.org\/2000\/svg\"><path d=\"M704 1536q0 52-38 90t-90 38-90-38-38-90 38-90 90-38 90 38 38 90zm896 0q0 52-38 90t-90 38-90-38-38-90 38-90 90-38 90 38 38 90zm128-1088v512q0 24-16.5 42.5t-40.5 21.5l-1044 122q13 60 13 70 0 16-24 64h920q26 0 45 19t19 45-19 45-45 19h-1024q-26 0-45-19t-19-45q0-11 8-31.5t16-36 21.5-40 15.5-29.5l-177-823h-204q-26 0-45-19t-19-45 19-45 45-19h256q16 0 28.5 6.5t19.5 15.5 13 24.5 8 26 5.5 29.5 4.5 26h1201q26 0 45 19t19 45z\" fill=\"rgba(255,255,255,1)\" \/><\/svg>');\r\n                background-size: cover;background-position: center center;background-repeat: no-repeat;\r\n            }\r\n            #pay-btn-2:hover { background-color: ; }\r\n            .thr-search-engine { width: 83%; }\r\n\r\n            @media screen and (max-width: 1024px) {\r\n                #pay-btn-2 { top: 52px; }\r\n                .thr-search-engine .thr-search-engine-main > .thr-btn-search { max-width: inherit !important; }\r\n            }\r\n            @media screen and (max-width: 990px) {\r\n                .thr-search-engine { width: 100%; }\r\n                #pay-btn-2 { position: relative;width: calc(100% - 20px);top: auto;margin-top: 0; }\r\n            }\r\n\r\n            thr-search-engine { border-right: 200px rgba(0,0,0,0) solid;display: block; }\r\n            @media screen and (max-width: 1024px) {\r\n                thr-search-engine { border-right: inherit;display: inherit; }\r\n            }\r\n            <\/style>\r\n            <\/div><\/section><!-- .formulaire-de-recherche-bar --><style>\r\n        #expand-thelis-formulaire { display: none; }\r\n        @media screen and (max-width: 1024px) {\r\n            #expand-thelis-formulaire { display: block; }\r\n            .formulaire-de-recherche-bar .container-form { display: none; }\r\n        }\r\n    <\/style><script>\r\n    jQuery(document).ready(function($){\r\n        jQuery('#expand-thelis-formulaire').click(function(){\r\n            if(\r\n                jQuery('.formulaire-de-recherche-bar .container-form').css('display') == 'none'\r\n            ){\r\n                jQuery('.formulaire-de-recherche-bar .container-form').css('display', 'block');\r\n                jQuery('#expand-thelis-formulaire').addClass('expanded');\r\n            }else{\r\n                jQuery('.formulaire-de-recherche-bar .container-form').css('display', 'none');\r\n                jQuery('#expand-thelis-formulaire').removeClass('expanded');\r\n            }\r\n        });\r\n    });\r\n    <\/script>\n<\/div>\n<\/div>\n<\/div>\n<\/div>\n<\/div>\n\n\n\n<div class=\"wp-block-group alignfull bloque-intro bloque-texto-imagen oh is-layout-constrained wp-block-group-is-layout-constrained\">\n<div class=\"wp-block-columns are-vertically-aligned-center has-animation is-layout-flex wp-container-core-columns-is-layout-28f84493 wp-block-columns-is-layout-flex\">\n<div class=\"wp-block-column is-vertically-aligned-center el-texto  animation--init--once animation--left is-layout-flow wp-block-column-is-layout-flow\">\n<h2 class=\"wp-block-heading\"><sup>Entdecken Sie unsere Umgebung<\/sup>Bravoplaya,<br><mark class=\"has-inline-color has-theme-blue-2-color\">ein Meer voller Eindr\u00fccke<\/mark><\/h2>\n\n\n\n<div class=\"wp-block-group is-layout-constrained wp-block-group-is-layout-constrained\">\n<p>Camping Bravoplaya liegt in einer privilegierten Umgebung, zwischen Meer und Bergen und praktisch umgeben von Naturparks.<\/p>\n\n\n\n<p>In erster Linie, an einem ruhigen Strand mit klarem und sauberem Wasser von geringer Tiefe, 3 km s\u00fcdlich liegt Oropesa del Mar und 10 km entfernt Benic\u00e0ssim. Im Norden befinden sich Torre la Sal und der Naturpark Prat de Cabanes.; \u00f6stlich, auf das Mittelmeer hinaus befindet sich die Inselgruppe \u201cLas Islas Columbretes\u201d, und im Westen geht es in die Berge, f\u00fcr herrliche Wanderungen, ein Beispiel daf\u00fcr ist das \u201cDesierto de las Palmas\u201d (Palmenw\u00fcste) in Benicassim.<\/p>\n\n\n\n<div class=\"wp-block-buttons is-layout-flex wp-block-buttons-is-layout-flex\">\n<div class=\"wp-block-button\"><a class=\"wp-block-button__link wp-element-button\" href=\"https:\/\/www.bravoplaya.com\/wp-content\/uploads\/web-guia-turistica-bravoplaya-2020.pdf\" target=\"_blank\" rel=\"noreferrer noopener\">Reisef\u00fchrer Bravoplaya<\/a><\/div>\n<\/div>\n<\/div>\n<\/div>\n\n\n\n<div class=\"wp-block-column is-vertically-aligned-center las-imagen r  animation--init--once animation--right is-layout-flow wp-block-column-is-layout-flow\">\n<div class=\"wp-block-cover is-light is-rounded\"><img loading=\"lazy\" decoding=\"async\" width=\"700\" height=\"450\" class=\"wp-block-cover__image-background wp-image-2140\" alt=\"\" src=\"https:\/\/www.bravoplaya.com\/wp-content\/uploads\/entorno-01.jpg\" data-object-fit=\"cover\" srcset=\"https:\/\/www.bravoplaya.com\/wp-content\/uploads\/\/entorno-01.jpg 700w, https:\/\/www.bravoplaya.com\/wp-content\/uploads\/\/entorno-01-512x329.jpg 512w, https:\/\/www.bravoplaya.com\/wp-content\/uploads\/\/entorno-01-256x165.jpg 256w\" sizes=\"auto, (max-width: 700px) 100vw, 700px\" \/><span aria-hidden=\"true\" class=\"wp-block-cover__background has-background-dim-0 has-background-dim\"><\/span><div class=\"wp-block-cover__inner-container is-layout-constrained wp-block-cover-is-layout-constrained\">\n<p class=\"has-text-align-center has-large-font-size\"><\/p>\n<\/div><\/div>\n<\/div>\n<\/div>\n<\/div>\n\n\n\n<div class=\"wp-block-group alignfull bloque-texto-imagen programacion entorno oh is-layout-constrained wp-block-group-is-layout-constrained\">\n<div class=\"wp-block-columns alignfull is-layout-flex wp-container-core-columns-is-layout-28f84493 wp-block-columns-is-layout-flex\">\n<div class=\"wp-block-column el-texto animation--init--once animation--left is-layout-flow wp-block-column-is-layout-flow\">\n<h4 class=\"wp-block-heading has-text-align-left\">Str\u00e4nde<\/h4>\n\n\n\n<p>1 km s\u00fcdlich des Campingplatzes liegen die Str\u00e4nde und Buchten von Oropesa, \u201ePLAYA DE LES AMPLARIES\u201c und der beliebte \u201ePLAYA DE MORRO DE GOS\u201c und \u201ePLAYA DE LA CONCHA\u201c.<\/p>\n\n\n\n<div class=\"wp-block-buttons is-layout-flex wp-block-buttons-is-layout-flex\">\n<div class=\"wp-block-button\"><a class=\"wp-block-button__link wp-element-button\" href=\"https:\/\/www.bravoplaya.com\/de\/umgebung\/straende\/\">Mehr erfahren<\/a><\/div>\n<\/div>\n<\/div>\n\n\n\n<div class=\"wp-block-column las-imagenes r  animation--init--once animation--right is-layout-flow wp-block-column-is-layout-flow\">\n<figure class=\"wp-block-image size-full is-rounded\"><img loading=\"lazy\" decoding=\"async\" width=\"850\" height=\"500\" src=\"https:\/\/www.bravoplaya.com\/wp-content\/uploads\/entorno-playas-feat.jpg\" alt=\"\" class=\"wp-image-2144\" srcset=\"https:\/\/www.bravoplaya.com\/wp-content\/uploads\/\/entorno-playas-feat.jpg 850w, https:\/\/www.bravoplaya.com\/wp-content\/uploads\/\/entorno-playas-feat-768x452.jpg 768w, https:\/\/www.bravoplaya.com\/wp-content\/uploads\/\/entorno-playas-feat-512x301.jpg 512w, https:\/\/www.bravoplaya.com\/wp-content\/uploads\/\/entorno-playas-feat-256x151.jpg 256w\" sizes=\"auto, (max-width: 850px) 100vw, 850px\" \/><\/figure>\n<\/div>\n<\/div>\n\n\n\n<div class=\"wp-block-columns alignfull is-layout-flex wp-container-core-columns-is-layout-28f84493 wp-block-columns-is-layout-flex\">\n<div class=\"wp-block-column las-imagenes r  animation--init--once animation--left is-layout-flow wp-block-column-is-layout-flow\">\n<figure class=\"wp-block-image size-full is-rounded\"><img loading=\"lazy\" decoding=\"async\" width=\"850\" height=\"500\" src=\"https:\/\/www.bravoplaya.com\/wp-content\/uploads\/entorno-int-cultural-feat.jpg\" alt=\"\" class=\"wp-image-2141\" srcset=\"https:\/\/www.bravoplaya.com\/wp-content\/uploads\/\/entorno-int-cultural-feat.jpg 850w, https:\/\/www.bravoplaya.com\/wp-content\/uploads\/\/entorno-int-cultural-feat-768x452.jpg 768w, https:\/\/www.bravoplaya.com\/wp-content\/uploads\/\/entorno-int-cultural-feat-512x301.jpg 512w, https:\/\/www.bravoplaya.com\/wp-content\/uploads\/\/entorno-int-cultural-feat-256x151.jpg 256w\" sizes=\"auto, (max-width: 850px) 100vw, 850px\" \/><\/figure>\n<\/div>\n\n\n\n<div class=\"wp-block-column el-texto animation--init--once animation--right is-layout-flow wp-block-column-is-layout-flow\">\n<h4 class=\"wp-block-heading has-text-align-left\">Kulturelles Interesse<\/h4>\n\n\n\n<p>10 km landeinw\u00e4rts, in Cabanes befindet sich ein \u00e4usserst bedeutender r\u00f6mischer Bogen, der Triumphbogen aus dem zweiten Jahrhundert nach Christus. C.<\/p>\n\n\n\n<p>Das historische Zentrum hat den Charme einer Gemeinde mit etwas mehr als 3.000 Einwohnern, mit B\u00e4ckereien und H\u00e4usern, die alte Elemente der mittelalterlichen Vergangenheit bewahren.<\/p>\n\n\n\n<div class=\"wp-block-buttons is-layout-flex wp-block-buttons-is-layout-flex\">\n<div class=\"wp-block-button\"><a class=\"wp-block-button__link wp-element-button\" href=\"https:\/\/www.bravoplaya.com\/de\/umgebung\/kulturelles-interesse\/\">Mehr erfahren<\/a><\/div>\n<\/div>\n<\/div>\n<\/div>\n\n\n\n<div class=\"wp-block-columns alignfull is-layout-flex wp-container-core-columns-is-layout-28f84493 wp-block-columns-is-layout-flex\">\n<div class=\"wp-block-column el-texto animation--init--once animation--left is-layout-flow wp-block-column-is-layout-flow\">\n<h4 class=\"wp-block-heading has-text-align-left\">Naturparks<\/h4>\n\n\n\n<p>Die Gemeinde Cabanes ist eine der m\u00e4chtigsten Naturlandschaften der valencianischen Gemeinschaft.<\/p>\n\n\n\n<p>Eingebettet zwischen den Naturparks des \u201ePrat Cabanes-Torreblanca\u201c und der \u201eDesierto de las palmas\u201c (Palmenw\u00fcste) findet der Besucher eine Vielzahl einzigartiger Orte zum Wandern oder Radfahren und das Naturschutzgebiet der Inseln \u201eLas Columbretes\u201c, ein einzigartiges und besonders empfindliches \u00d6kosystem.<\/p>\n\n\n\n<div class=\"wp-block-buttons is-layout-flex wp-block-buttons-is-layout-flex\">\n<div class=\"wp-block-button\"><a class=\"wp-block-button__link wp-element-button\" href=\"https:\/\/www.bravoplaya.com\/de\/umgebung\/naturparks\/\">Mehr erfahren<\/a><\/div>\n<\/div>\n<\/div>\n\n\n\n<div class=\"wp-block-column las-imagenes r  animation--init--once animation--right is-layout-flow wp-block-column-is-layout-flow\">\n<figure class=\"wp-block-image size-full is-rounded\"><img loading=\"lazy\" decoding=\"async\" width=\"850\" height=\"500\" src=\"https:\/\/www.bravoplaya.com\/wp-content\/uploads\/entorno-parques-feat.jpg\" alt=\"\" class=\"wp-image-2143\" srcset=\"https:\/\/www.bravoplaya.com\/wp-content\/uploads\/\/entorno-parques-feat.jpg 850w, https:\/\/www.bravoplaya.com\/wp-content\/uploads\/\/entorno-parques-feat-768x452.jpg 768w, https:\/\/www.bravoplaya.com\/wp-content\/uploads\/\/entorno-parques-feat-512x301.jpg 512w, https:\/\/www.bravoplaya.com\/wp-content\/uploads\/\/entorno-parques-feat-256x151.jpg 256w\" sizes=\"auto, (max-width: 850px) 100vw, 850px\" \/><\/figure>\n<\/div>\n<\/div>\n\n\n\n<div class=\"wp-block-columns alignfull is-layout-flex wp-container-core-columns-is-layout-28f84493 wp-block-columns-is-layout-flex\">\n<div class=\"wp-block-column las-imagenes r  animation--init--once animation--left is-layout-flow wp-block-column-is-layout-flow\">\n<figure class=\"wp-block-image size-full is-rounded\"><img loading=\"lazy\" decoding=\"async\" width=\"850\" height=\"500\" src=\"https:\/\/www.bravoplaya.com\/wp-content\/uploads\/entorno-int-ludico-feat.jpg\" alt=\"\" class=\"wp-image-2142\" srcset=\"https:\/\/www.bravoplaya.com\/wp-content\/uploads\/\/entorno-int-ludico-feat.jpg 850w, https:\/\/www.bravoplaya.com\/wp-content\/uploads\/\/entorno-int-ludico-feat-768x452.jpg 768w, https:\/\/www.bravoplaya.com\/wp-content\/uploads\/\/entorno-int-ludico-feat-512x301.jpg 512w, https:\/\/www.bravoplaya.com\/wp-content\/uploads\/\/entorno-int-ludico-feat-256x151.jpg 256w\" sizes=\"auto, (max-width: 850px) 100vw, 850px\" \/><\/figure>\n<\/div>\n\n\n\n<div class=\"wp-block-column el-texto animation--init--once animation--right is-layout-flow wp-block-column-is-layout-flow\">\n<h4 class=\"wp-block-heading has-text-align-left\">Sehensw\u00fcrdigkeiten<\/h4>\n\n\n\n<p>13 km s\u00fcdlich von Oropesa del Mar, mit Zugang von der Hauptstra\u00dfe in Benic\u00e0ssim, finden wir Freizeitangebote von besonderem Interesse.<\/p>\n\n\n\n<p>Das Aquarama, ein gro\u00dfer Wasserpark mit vielen Attraktionen f\u00fcr die ganze Familie, das Gel\u00e4nde des Musikfestivals, auf dem Mitte Juli das beliebte Volksfest gefeiert wird.<\/p>\n\n\n\n<div class=\"wp-block-buttons is-layout-flex wp-block-buttons-is-layout-flex\">\n<div class=\"wp-block-button\"><a class=\"wp-block-button__link wp-element-button\" href=\"https:\/\/www.bravoplaya.com\/de\/umgebung\/sehenswuerdigkeiten\/\">Mehr erfahren<\/a><\/div>\n<\/div>\n<\/div>\n<\/div>\n<\/div>\n","protected":false},"excerpt":{"rendered":"<p>Unsere Umgebung Entdecken Sie unsere UmgebungBravoplaya,ein Meer voller Eindr\u00fccke Camping Bravoplaya liegt in einer privilegierten Umgebung, zwischen Meer und Bergen und praktisch umgeben von Naturparks&#8230;.<\/p>\n","protected":false},"author":2,"featured_media":0,"parent":0,"menu_order":4,"comment_status":"closed","ping_status":"closed","template":"","meta":{"_acf_changed":false,"inline_featured_image":false,"footnotes":""},"class_list":["post-3512","page","type-page","status-publish","hentry"],"acf":[],"yoast_head":"<!-- This site is optimized with the Yoast SEO plugin v26.6 - https:\/\/yoast.com\/wordpress\/plugins\/seo\/ -->\n<title>Umgebung - Camping Bravoplaya<\/title>\n<meta name=\"description\" content=\"Der Campingplatz Bravoplaya befindet sich in einer privilegierten Lage zwischen Meer und Bergen und ist praktisch von Naturparks umgeben.\" \/>\n<meta name=\"robots\" content=\"index, follow, max-snippet:-1, max-image-preview:large, max-video-preview:-1\" \/>\n<link rel=\"canonical\" href=\"https:\/\/www.bravoplaya.com\/de\/umgebung\/\" \/>\n<meta property=\"og:locale\" content=\"de_DE\" \/>\n<meta property=\"og:type\" content=\"article\" \/>\n<meta property=\"og:title\" content=\"Umgebung - Camping Bravoplaya\" \/>\n<meta property=\"og:description\" content=\"Der Campingplatz Bravoplaya befindet sich in einer privilegierten Lage zwischen Meer und Bergen und ist praktisch von Naturparks umgeben.\" \/>\n<meta property=\"og:url\" content=\"https:\/\/www.bravoplaya.com\/de\/umgebung\/\" \/>\n<meta property=\"og:site_name\" content=\"Camping Bravoplaya\" \/>\n<meta property=\"article:modified_time\" content=\"2026-04-21T10:03:46+00:00\" \/>\n<meta property=\"og:image\" content=\"https:\/\/www.bravoplaya.com\/wp-content\/uploads\/entorno-01.jpg\" \/>\n\t<meta property=\"og:image:width\" content=\"700\" \/>\n\t<meta property=\"og:image:height\" content=\"450\" \/>\n\t<meta property=\"og:image:type\" content=\"image\/jpeg\" \/>\n<meta name=\"twitter:card\" content=\"summary_large_image\" \/>\n<meta name=\"twitter:label1\" content=\"Gesch\u00e4tzte Lesezeit\" \/>\n\t<meta name=\"twitter:data1\" content=\"3\u00a0Minuten\" \/>\n<!-- \/ Yoast SEO plugin. -->","yoast_head_json":{"title":"Umgebung - Camping Bravoplaya","description":"Der Campingplatz Bravoplaya befindet sich in einer privilegierten Lage zwischen Meer und Bergen und ist praktisch von Naturparks umgeben.","robots":{"index":"index","follow":"follow","max-snippet":"max-snippet:-1","max-image-preview":"max-image-preview:large","max-video-preview":"max-video-preview:-1"},"canonical":"https:\/\/www.bravoplaya.com\/de\/umgebung\/","og_locale":"de_DE","og_type":"article","og_title":"Umgebung - Camping Bravoplaya","og_description":"Der Campingplatz Bravoplaya befindet sich in einer privilegierten Lage zwischen Meer und Bergen und ist praktisch von Naturparks umgeben.","og_url":"https:\/\/www.bravoplaya.com\/de\/umgebung\/","og_site_name":"Camping Bravoplaya","article_modified_time":"2026-04-21T10:03:46+00:00","og_image":[{"width":700,"height":450,"url":"https:\/\/www.bravoplaya.com\/wp-content\/uploads\/entorno-01.jpg","type":"image\/jpeg"}],"twitter_card":"summary_large_image","twitter_misc":{"Gesch\u00e4tzte Lesezeit":"3\u00a0Minuten"},"schema":{"@context":"https:\/\/schema.org","@graph":[{"@type":"WebPage","@id":"https:\/\/www.bravoplaya.com\/de\/umgebung\/","url":"https:\/\/www.bravoplaya.com\/de\/umgebung\/","name":"Umgebung - Camping Bravoplaya","isPartOf":{"@id":"https:\/\/www.bravoplaya.com\/de\/#website"},"primaryImageOfPage":{"@id":"https:\/\/www.bravoplaya.com\/de\/umgebung\/#primaryimage"},"image":{"@id":"https:\/\/www.bravoplaya.com\/de\/umgebung\/#primaryimage"},"thumbnailUrl":"https:\/\/www.bravoplaya.com\/wp-content\/uploads\/entorno-01.jpg","datePublished":"2025-06-04T09:11:13+00:00","dateModified":"2026-04-21T10:03:46+00:00","description":"Der Campingplatz Bravoplaya befindet sich in einer privilegierten Lage zwischen Meer und Bergen und ist praktisch von Naturparks umgeben.","breadcrumb":{"@id":"https:\/\/www.bravoplaya.com\/de\/umgebung\/#breadcrumb"},"inLanguage":"de","potentialAction":[{"@type":"ReadAction","target":["https:\/\/www.bravoplaya.com\/de\/umgebung\/"]}]},{"@type":"ImageObject","inLanguage":"de","@id":"https:\/\/www.bravoplaya.com\/de\/umgebung\/#primaryimage","url":"https:\/\/www.bravoplaya.com\/wp-content\/uploads\/entorno-01.jpg","contentUrl":"https:\/\/www.bravoplaya.com\/wp-content\/uploads\/entorno-01.jpg"},{"@type":"BreadcrumbList","@id":"https:\/\/www.bravoplaya.com\/de\/umgebung\/#breadcrumb","itemListElement":[{"@type":"ListItem","position":1,"name":"Inicio","item":"https:\/\/www.bravoplaya.com\/de\/"},{"@type":"ListItem","position":2,"name":"Umgebung"}]},{"@type":"WebSite","@id":"https:\/\/www.bravoplaya.com\/de\/#website","url":"https:\/\/www.bravoplaya.com\/de\/","name":"Camping Bravoplaya","description":"Ein Erlebnis voller Eindr\u00fccke","publisher":{"@id":"https:\/\/www.bravoplaya.com\/de\/#organization"},"potentialAction":[{"@type":"SearchAction","target":{"@type":"EntryPoint","urlTemplate":"https:\/\/www.bravoplaya.com\/de\/?s={search_term_string}"},"query-input":{"@type":"PropertyValueSpecification","valueRequired":true,"valueName":"search_term_string"}}],"inLanguage":"de"},{"@type":"Organization","@id":"https:\/\/www.bravoplaya.com\/de\/#organization","name":"Camping Bravoplaya","url":"https:\/\/www.bravoplaya.com\/de\/","logo":{"@type":"ImageObject","inLanguage":"de","@id":"https:\/\/www.bravoplaya.com\/de\/#\/schema\/logo\/image\/","url":"https:\/\/www.bravoplaya.com\/wp-content\/uploads\/logo-bravoplaya.png","contentUrl":"https:\/\/www.bravoplaya.com\/wp-content\/uploads\/logo-bravoplaya.png","width":225,"height":225,"caption":"Camping Bravoplaya"},"image":{"@id":"https:\/\/www.bravoplaya.com\/de\/#\/schema\/logo\/image\/"}}]}},"_links":{"self":[{"href":"https:\/\/www.bravoplaya.com\/de\/wp-json\/wp\/v2\/pages\/3512","targetHints":{"allow":["GET"]}}],"collection":[{"href":"https:\/\/www.bravoplaya.com\/de\/wp-json\/wp\/v2\/pages"}],"about":[{"href":"https:\/\/www.bravoplaya.com\/de\/wp-json\/wp\/v2\/types\/page"}],"author":[{"embeddable":true,"href":"https:\/\/www.bravoplaya.com\/de\/wp-json\/wp\/v2\/users\/2"}],"replies":[{"embeddable":true,"href":"https:\/\/www.bravoplaya.com\/de\/wp-json\/wp\/v2\/comments?post=3512"}],"version-history":[{"count":4,"href":"https:\/\/www.bravoplaya.com\/de\/wp-json\/wp\/v2\/pages\/3512\/revisions"}],"predecessor-version":[{"id":6480,"href":"https:\/\/www.bravoplaya.com\/de\/wp-json\/wp\/v2\/pages\/3512\/revisions\/6480"}],"wp:attachment":[{"href":"https:\/\/www.bravoplaya.com\/de\/wp-json\/wp\/v2\/media?parent=3512"}],"curies":[{"name":"wp","href":"https:\/\/api.w.org\/{rel}","templated":true}]}}