{"id":3552,"date":"2025-06-04T12:46:42","date_gmt":"2025-06-04T10:46:42","guid":{"rendered":"https:\/\/bravoplaya.com\/umgebung\/sitios-de-interes-cultural\/"},"modified":"2026-04-21T12:03:46","modified_gmt":"2026-04-21T10:03:46","slug":"kulturelles-interesse","status":"publish","type":"page","link":"https:\/\/www.bravoplaya.com\/de\/umgebung\/kulturelles-interesse\/","title":{"rendered":"Kulturelle Sehensw\u00fcrdigkeiten"},"content":{"rendered":"\n<div class=\"wp-block-cover alignfull has-parallax header-top has-animation\" style=\"margin-top:0px;margin-bottom:0px\"><div class=\"wp-block-cover__image-background wp-image-2160 has-parallax\" style=\"background-position:50% 50%;background-image:url(https:\/\/www.bravoplaya.com\/wp-content\/uploads\/entorno-cultural-top.jpg)\"><\/div><span aria-hidden=\"true\" class=\"wp-block-cover__background has-theme-blue-background-color has-background-dim-20 has-background-dim\"><\/span><div class=\"wp-block-cover__inner-container is-layout-constrained wp-block-cover-is-layout-constrained\">\n<h1 class=\"wp-block-heading has-text-align-center animation--init--once animation--bottom has-theme-white-color has-text-color has-link-color wp-elements-d5a38de575ae60cef91555e64736c377\">Kulturelle Sehensw\u00fcrdigkeiten<\/h1>\n\n\n\n<div class=\"wp-block-group alignwide breadcrumbs animation--init--once is-layout-constrained wp-block-group-is-layout-constrained\" style=\"margin-top:0px;margin-bottom:0px\">\n<div class=\"wp-block-group alignfull los-breadcrumbs is-layout-constrained wp-block-group-is-layout-constrained\">\n<span><span><a href=\"https:\/\/www.bravoplaya.com\/de\/\">Inicio<\/a><\/span><\/span>\n<\/div>\n<\/div>\n\n\n\n<div class=\"wp-block-group alignfull motor-thelis has-theme-brown-2-background-color has-background is-layout-constrained wp-container-core-group-is-layout-703874a8 wp-block-group-is-layout-constrained\" style=\"margin-top:0px;margin-bottom:0px;padding-top:10px;padding-right:0px;padding-bottom:12px;padding-left:0px\">\n<div class=\"wp-block-columns is-layout-flex wp-container-core-columns-is-layout-28f84493 wp-block-columns-is-layout-flex\">\n<div class=\"wp-block-column is-layout-flow wp-block-column-is-layout-flow\" style=\"flex-basis:100%\">\n<section class=\"formulaire-de-recherche-bar\">\r\n            <div id=\"expand-thelis-formulaire\">Buchen<\/div>\r\n            <div class=\"container-form\"><thr-search-engine search-text=\"Suchen\"><\/thr-search-engine><a id=\"pay-btn-2\" onclick=\"window.open('https:\/\/thelisresa.webcamp.fr\/cart-directPayment.php?camping=pcyeyp&amp;lang=de');\"><i><\/i>Sich niederlassen<\/a>\r\n            <style>\r\n            \r\n            .thr-search-engine .thr-search-engine-main > .thr-btn-search { max-width: 20% !important; }\r\n            .thr .btn i { margin-right: 0 !important; }\r\n            #pay-btn-2 { \r\n                position: absolute;\r\n                right: 0;top: 0;\r\n                margin: 10px;\r\n                border: 0;\r\n                background-color: ;\r\n                color: ;\r\n                cursor: pointer;\r\n                width: calc(17% - 5px);\r\n                padding: 17px 0;\r\n                font-size: 18px;\r\n                font-weight: bold;\r\n                text-transform: auto;\r\n                transition: all .35s;\r\n                display: flex;justify-content: center;\r\n                align-items: center;\r\n            }\r\n            #pay-btn-2 i {\r\n                display: inline-flex;\r\n                width:18px;height:18px;\r\n                margin-right: 5px;\r\n                background-image: url('data:image\/svg+xml;utf8,<?xml version=\"1.0\" encoding=\"utf-8\"?><svg width=\"1792\" height=\"1792\" viewBox=\"0 0 1792 1792\" xmlns=\"http:\/\/www.w3.org\/2000\/svg\"><path d=\"M704 1536q0 52-38 90t-90 38-90-38-38-90 38-90 90-38 90 38 38 90zm896 0q0 52-38 90t-90 38-90-38-38-90 38-90 90-38 90 38 38 90zm128-1088v512q0 24-16.5 42.5t-40.5 21.5l-1044 122q13 60 13 70 0 16-24 64h920q26 0 45 19t19 45-19 45-45 19h-1024q-26 0-45-19t-19-45q0-11 8-31.5t16-36 21.5-40 15.5-29.5l-177-823h-204q-26 0-45-19t-19-45 19-45 45-19h256q16 0 28.5 6.5t19.5 15.5 13 24.5 8 26 5.5 29.5 4.5 26h1201q26 0 45 19t19 45z\" fill=\"rgba(255,255,255,1)\" \/><\/svg>');\r\n                background-size: cover;background-position: center center;background-repeat: no-repeat;\r\n            }\r\n            #pay-btn-2:hover { background-color: ; }\r\n            .thr-search-engine { width: 83%; }\r\n\r\n            @media screen and (max-width: 1024px) {\r\n                #pay-btn-2 { top: 52px; }\r\n                .thr-search-engine .thr-search-engine-main > .thr-btn-search { max-width: inherit !important; }\r\n            }\r\n            @media screen and (max-width: 990px) {\r\n                .thr-search-engine { width: 100%; }\r\n                #pay-btn-2 { position: relative;width: calc(100% - 20px);top: auto;margin-top: 0; }\r\n            }\r\n\r\n            thr-search-engine { border-right: 200px rgba(0,0,0,0) solid;display: block; }\r\n            @media screen and (max-width: 1024px) {\r\n                thr-search-engine { border-right: inherit;display: inherit; }\r\n            }\r\n            <\/style>\r\n            <\/div><\/section><!-- .formulaire-de-recherche-bar --><style>\r\n        #expand-thelis-formulaire { display: none; }\r\n        @media screen and (max-width: 1024px) {\r\n            #expand-thelis-formulaire { display: block; }\r\n            .formulaire-de-recherche-bar .container-form { display: none; }\r\n        }\r\n    <\/style><script>\r\n    jQuery(document).ready(function($){\r\n        jQuery('#expand-thelis-formulaire').click(function(){\r\n            if(\r\n                jQuery('.formulaire-de-recherche-bar .container-form').css('display') == 'none'\r\n            ){\r\n                jQuery('.formulaire-de-recherche-bar .container-form').css('display', 'block');\r\n                jQuery('#expand-thelis-formulaire').addClass('expanded');\r\n            }else{\r\n                jQuery('.formulaire-de-recherche-bar .container-form').css('display', 'none');\r\n                jQuery('#expand-thelis-formulaire').removeClass('expanded');\r\n            }\r\n        });\r\n    });\r\n    <\/script>\n<\/div>\n<\/div>\n<\/div>\n<\/div><\/div>\n\n\n\n<div class=\"wp-block-group alignfull bloque-intro oh is-layout-constrained wp-block-group-is-layout-constrained\">\n<div class=\"wp-block-columns are-vertically-aligned-center has-animation is-layout-flex wp-container-core-columns-is-layout-28f84493 wp-block-columns-is-layout-flex\">\n<div class=\"wp-block-column is-vertically-aligned-center is-layout-flow wp-block-column-is-layout-flow\">\n<h2 class=\"wp-block-heading has-text-align-center animation--init--once animation--bottom\"><sup>Entdecke unsere Umgebung<\/sup>Kulturelle Sehensw\u00fcrdigkeiten<\/h2>\n\n\n\n<p class=\"has-text-align-center\">Die Umgebung von Bravoplaya ist reich an Geschichte, Kulturerbe und einzigartigen Landschaften, die zum Entdecken einladen. In wenigen Kilometern Entfernung findest du Orte und Monumente, die die mediterrane Essenz und Jahrhunderte kulturellen Erbes bewahren.<\/p>\n\n\n\n<p class=\"has-text-align-center\">Nur 10 km landeinw\u00e4rts liegt Cabanes mit seinem beeindruckenden r\u00f6mischen Triumphbogen aus dem 2. Jahrhundert n. Chr., einem der bedeutendsten historischen Zeugnisse der Region.<\/p>\n\n\n\n<div class=\"wp-block-group animation--init--once animation--left is-layout-constrained wp-block-group-is-layout-constrained\" style=\"margin-top:70px\">\n<h4 class=\"wp-block-heading has-text-align-center\">Historisches Zentrum von Cabanes<\/h4>\n\n\n\n<p class=\"has-text-align-center\">Die Altstadt bewahrt den Charme einer traditionellen kleinen Gemeinde. Ihre Back\u00f6fen, Gassen und H\u00e4user zeigen Elemente aus dem Mittelalter und erm\u00f6glichen eine Reise in die Vergangenheit.<\/p>\n\n\n\n<h4 class=\"wp-block-heading has-text-align-center\">Burg von Miravet und Einsiedelei Les Santes<\/h4>\n\n\n\n<p class=\"has-text-align-center\">Im Naturgebiet Desierto de Les Palmes erhebt sich die malerische Burg von Miravet \u2014 ein historischer Ort, umgeben von Natur. In der N\u00e4he befindet sich auch die Einsiedelei Les Santes, ein kulturell und spirituell bedeutender Ort.<\/p>\n\n\n\n<h4 class=\"wp-block-heading has-text-align-center\">Pe\u00f1\u00edscola und die Burg des Papa Luna<\/h4>\n\n\n\n<p class=\"has-text-align-center\">30 km n\u00f6rdlich f\u00fchrt die K\u00fcste nach Pe\u00f1\u00edscola, bekannt als \u201eStadt im Meer\u201c. Die ikonische Burg des Papa Luna \u2014 eine Templerfestung aus dem Jahr 1307 \u2014 kr\u00f6nt den Felsen und ist Teil eines Mauersystems, das die Altstadt sch\u00fctzt und spektakul\u00e4re Ausblicke auf das Mittelmeer bietet.<\/p>\n\n\n\n<h4 class=\"wp-block-heading has-text-align-center\">Vilafam\u00e9s<\/h4>\n\n\n\n<p class=\"has-text-align-center\">40 km landeinw\u00e4rts liegt Vilafam\u00e9s \u2014 eines der sch\u00f6nsten D\u00f6rfer der Region Valencia. Seine gepflasterten Stra\u00dfen, die Burg und das Museum f\u00fcr zeitgen\u00f6ssische Kunst machen den Besuch zu einem besonderen kulturellen Erlebnis.<\/p>\n\n\n\n<h4 class=\"wp-block-heading has-text-align-center\">Grutas de San Jos\u00e9 \u2013 Vall d\u2019Uix\u00f3<\/h4>\n\n\n\n<p class=\"has-text-align-center\">50 km vom Campingplatz entfernt befinden sich die Grotten von San Jos\u00e9 im Naturpark Sierra de Espad\u00e1n. Sie beherbergen den l\u00e4ngsten schiffbaren unterirdischen Fluss Europas \u2014 eine beeindruckende touristische Route durch eine spektakul\u00e4re unterirdische Welt.<\/p>\n\n\n\n<h4 class=\"wp-block-heading has-text-align-center\">Morella<\/h4>\n\n\n\n<p class=\"has-text-align-center\">60 km landeinw\u00e4rts erhebt sich Morella auf \u00fcber 1.000 Metern H\u00f6he. Als eines der sch\u00f6nsten mittelalterlichen und ummauerten D\u00f6rfer Spaniens verbindet es Geschichte, Architektur und beeindruckende Ausblicke.<\/p>\n\n\n\n<h4 class=\"wp-block-heading has-text-align-center\">Culla<\/h4>\n\n\n\n<p class=\"has-text-align-center\">Nur wenige Kilometer vom Campingplatz entfernt liegt Culla \u2014 eines der \u201esch\u00f6nsten D\u00f6rfer Spaniens\u201c, im Landesinneren von Castell\u00f3n. Die als Kulturgut gesch\u00fctzte Altstadt bewahrt ihren mittelalterlichen Charakter mit gepflasterten Stra\u00dfen, Stadtmauern und privilegierter Naturumgebung.<\/p>\n\n\n\n<p class=\"has-text-align-center\">Culla beherbergt au\u00dferdem den Parc Miner del Maestrat \u2014 eine besondere Besucherroute, die das Bergbauerbe der Region auf anschauliche Weise zeigt. Reservierungen k\u00f6nnen direkt \u00fcber die Website vorgenommen werden.<\/p>\n<\/div>\n<\/div>\n<\/div>\n<\/div>\n","protected":false},"excerpt":{"rendered":"<p>Entdecke unsere UmgebungKulturelle Sehensw\u00fcrdigkeiten Die Umgebung von Bravoplaya ist reich an Geschichte, Kulturerbe und einzigartigen Landschaften, die zum Entdecken einladen. In wenigen Kilometern Entfernung findest&#8230;<\/p>\n","protected":false},"author":2,"featured_media":2141,"parent":3512,"menu_order":1,"comment_status":"closed","ping_status":"closed","template":"","meta":{"_acf_changed":false,"inline_featured_image":false,"footnotes":""},"class_list":["post-3552","page","type-page","status-publish","has-post-thumbnail","hentry"],"acf":[],"yoast_head":"<!-- This site is optimized with the Yoast SEO plugin v26.6 - https:\/\/yoast.com\/wordpress\/plugins\/seo\/ -->\n<title>Kulturelle Sehensw\u00fcrdigkeiten - Camping Bravoplaya<\/title>\n<meta name=\"description\" content=\"Entdecken Sie die Sehensw\u00fcrdigkeiten in der N\u00e4he des Campingplatzes Bravoplaya. Charmante D\u00f6rfer, historische Denkm\u00e4ler und einzigartige Traditionen.\" \/>\n<meta name=\"robots\" content=\"index, follow, max-snippet:-1, max-image-preview:large, max-video-preview:-1\" \/>\n<link rel=\"canonical\" href=\"https:\/\/www.bravoplaya.com\/de\/umgebung\/kulturelles-interesse\/\" \/>\n<meta property=\"og:locale\" content=\"de_DE\" \/>\n<meta property=\"og:type\" content=\"article\" \/>\n<meta property=\"og:title\" content=\"Kulturelle Sehensw\u00fcrdigkeiten - Camping Bravoplaya\" \/>\n<meta property=\"og:description\" content=\"Entdecken Sie die Sehensw\u00fcrdigkeiten in der N\u00e4he des Campingplatzes Bravoplaya. Charmante D\u00f6rfer, historische Denkm\u00e4ler und einzigartige Traditionen.\" \/>\n<meta property=\"og:url\" content=\"https:\/\/www.bravoplaya.com\/de\/umgebung\/kulturelles-interesse\/\" \/>\n<meta property=\"og:site_name\" content=\"Camping Bravoplaya\" \/>\n<meta property=\"article:modified_time\" content=\"2026-04-21T10:03:46+00:00\" \/>\n<meta property=\"og:image\" content=\"https:\/\/www.bravoplaya.com\/wp-content\/uploads\/entorno-int-cultural-feat.jpg\" \/>\n\t<meta property=\"og:image:width\" content=\"850\" \/>\n\t<meta property=\"og:image:height\" content=\"500\" \/>\n\t<meta property=\"og:image:type\" content=\"image\/jpeg\" \/>\n<meta name=\"twitter:card\" content=\"summary_large_image\" \/>\n<meta name=\"twitter:label1\" content=\"Gesch\u00e4tzte Lesezeit\" \/>\n\t<meta name=\"twitter:data1\" content=\"2\u00a0Minuten\" \/>\n<!-- \/ Yoast SEO plugin. -->","yoast_head_json":{"title":"Kulturelle Sehensw\u00fcrdigkeiten - Camping Bravoplaya","description":"Entdecken Sie die Sehensw\u00fcrdigkeiten in der N\u00e4he des Campingplatzes Bravoplaya. Charmante D\u00f6rfer, historische Denkm\u00e4ler und einzigartige Traditionen.","robots":{"index":"index","follow":"follow","max-snippet":"max-snippet:-1","max-image-preview":"max-image-preview:large","max-video-preview":"max-video-preview:-1"},"canonical":"https:\/\/www.bravoplaya.com\/de\/umgebung\/kulturelles-interesse\/","og_locale":"de_DE","og_type":"article","og_title":"Kulturelle Sehensw\u00fcrdigkeiten - Camping Bravoplaya","og_description":"Entdecken Sie die Sehensw\u00fcrdigkeiten in der N\u00e4he des Campingplatzes Bravoplaya. Charmante D\u00f6rfer, historische Denkm\u00e4ler und einzigartige Traditionen.","og_url":"https:\/\/www.bravoplaya.com\/de\/umgebung\/kulturelles-interesse\/","og_site_name":"Camping Bravoplaya","article_modified_time":"2026-04-21T10:03:46+00:00","og_image":[{"width":850,"height":500,"url":"https:\/\/www.bravoplaya.com\/wp-content\/uploads\/entorno-int-cultural-feat.jpg","type":"image\/jpeg"}],"twitter_card":"summary_large_image","twitter_misc":{"Gesch\u00e4tzte Lesezeit":"2\u00a0Minuten"},"schema":{"@context":"https:\/\/schema.org","@graph":[{"@type":"WebPage","@id":"https:\/\/www.bravoplaya.com\/de\/umgebung\/kulturelles-interesse\/","url":"https:\/\/www.bravoplaya.com\/de\/umgebung\/kulturelles-interesse\/","name":"Kulturelle Sehensw\u00fcrdigkeiten - Camping Bravoplaya","isPartOf":{"@id":"https:\/\/www.bravoplaya.com\/de\/#website"},"primaryImageOfPage":{"@id":"https:\/\/www.bravoplaya.com\/de\/umgebung\/kulturelles-interesse\/#primaryimage"},"image":{"@id":"https:\/\/www.bravoplaya.com\/de\/umgebung\/kulturelles-interesse\/#primaryimage"},"thumbnailUrl":"https:\/\/www.bravoplaya.com\/wp-content\/uploads\/entorno-int-cultural-feat.jpg","datePublished":"2025-06-04T10:46:42+00:00","dateModified":"2026-04-21T10:03:46+00:00","description":"Entdecken Sie die Sehensw\u00fcrdigkeiten in der N\u00e4he des Campingplatzes Bravoplaya. Charmante D\u00f6rfer, historische Denkm\u00e4ler und einzigartige Traditionen.","breadcrumb":{"@id":"https:\/\/www.bravoplaya.com\/de\/umgebung\/kulturelles-interesse\/#breadcrumb"},"inLanguage":"de","potentialAction":[{"@type":"ReadAction","target":["https:\/\/www.bravoplaya.com\/de\/umgebung\/kulturelles-interesse\/"]}]},{"@type":"ImageObject","inLanguage":"de","@id":"https:\/\/www.bravoplaya.com\/de\/umgebung\/kulturelles-interesse\/#primaryimage","url":"https:\/\/www.bravoplaya.com\/wp-content\/uploads\/entorno-int-cultural-feat.jpg","contentUrl":"https:\/\/www.bravoplaya.com\/wp-content\/uploads\/entorno-int-cultural-feat.jpg","width":850,"height":500},{"@type":"BreadcrumbList","@id":"https:\/\/www.bravoplaya.com\/de\/umgebung\/kulturelles-interesse\/#breadcrumb","itemListElement":[{"@type":"ListItem","position":1,"name":"Inicio","item":"https:\/\/www.bravoplaya.com\/de\/"},{"@type":"ListItem","position":2,"name":"Umgebung","item":"https:\/\/www.bravoplaya.com\/de\/entorno\/"},{"@type":"ListItem","position":3,"name":"Kulturelle Sehensw\u00fcrdigkeiten"}]},{"@type":"WebSite","@id":"https:\/\/www.bravoplaya.com\/de\/#website","url":"https:\/\/www.bravoplaya.com\/de\/","name":"Camping Bravoplaya","description":"Ein Erlebnis voller Eindr\u00fccke","publisher":{"@id":"https:\/\/www.bravoplaya.com\/de\/#organization"},"potentialAction":[{"@type":"SearchAction","target":{"@type":"EntryPoint","urlTemplate":"https:\/\/www.bravoplaya.com\/de\/?s={search_term_string}"},"query-input":{"@type":"PropertyValueSpecification","valueRequired":true,"valueName":"search_term_string"}}],"inLanguage":"de"},{"@type":"Organization","@id":"https:\/\/www.bravoplaya.com\/de\/#organization","name":"Camping Bravoplaya","url":"https:\/\/www.bravoplaya.com\/de\/","logo":{"@type":"ImageObject","inLanguage":"de","@id":"https:\/\/www.bravoplaya.com\/de\/#\/schema\/logo\/image\/","url":"https:\/\/www.bravoplaya.com\/wp-content\/uploads\/logo-bravoplaya.png","contentUrl":"https:\/\/www.bravoplaya.com\/wp-content\/uploads\/logo-bravoplaya.png","width":225,"height":225,"caption":"Camping Bravoplaya"},"image":{"@id":"https:\/\/www.bravoplaya.com\/de\/#\/schema\/logo\/image\/"}}]}},"_links":{"self":[{"href":"https:\/\/www.bravoplaya.com\/de\/wp-json\/wp\/v2\/pages\/3552","targetHints":{"allow":["GET"]}}],"collection":[{"href":"https:\/\/www.bravoplaya.com\/de\/wp-json\/wp\/v2\/pages"}],"about":[{"href":"https:\/\/www.bravoplaya.com\/de\/wp-json\/wp\/v2\/types\/page"}],"author":[{"embeddable":true,"href":"https:\/\/www.bravoplaya.com\/de\/wp-json\/wp\/v2\/users\/2"}],"replies":[{"embeddable":true,"href":"https:\/\/www.bravoplaya.com\/de\/wp-json\/wp\/v2\/comments?post=3552"}],"version-history":[{"count":2,"href":"https:\/\/www.bravoplaya.com\/de\/wp-json\/wp\/v2\/pages\/3552\/revisions"}],"predecessor-version":[{"id":6021,"href":"https:\/\/www.bravoplaya.com\/de\/wp-json\/wp\/v2\/pages\/3552\/revisions\/6021"}],"up":[{"embeddable":true,"href":"https:\/\/www.bravoplaya.com\/de\/wp-json\/wp\/v2\/pages\/3512"}],"wp:featuredmedia":[{"embeddable":true,"href":"https:\/\/www.bravoplaya.com\/de\/wp-json\/wp\/v2\/media\/2141"}],"wp:attachment":[{"href":"https:\/\/www.bravoplaya.com\/de\/wp-json\/wp\/v2\/media?parent=3552"}],"curies":[{"name":"wp","href":"https:\/\/api.w.org\/{rel}","templated":true}]}}