{"id":3572,"date":"2025-06-04T12:59:13","date_gmt":"2025-06-04T10:59:13","guid":{"rendered":"https:\/\/bravoplaya.com\/umgebung\/parques-naturales\/"},"modified":"2026-04-21T12:03:45","modified_gmt":"2026-04-21T10:03:45","slug":"naturparks","status":"publish","type":"page","link":"https:\/\/www.bravoplaya.com\/de\/umgebung\/naturparks\/","title":{"rendered":"Naturparks"},"content":{"rendered":"\n<div class=\"wp-block-cover alignfull has-parallax header-top has-animation\" style=\"margin-top:0px;margin-bottom:0px\"><span aria-hidden=\"true\" class=\"wp-block-cover__background has-theme-blue-background-color has-background-dim-20 has-background-dim\"><\/span><div role=\"img\" class=\"wp-block-cover__image-background wp-image-2154 has-parallax\" style=\"background-position:50% 50%;background-image:url(https:\/\/www.bravoplaya.com\/wp-content\/uploads\/entorno-parques-top.jpg)\"><\/div><div class=\"wp-block-cover__inner-container is-layout-constrained wp-block-cover-is-layout-constrained\">\n<h1 class=\"wp-block-heading has-text-align-center animation--init--once animation--bottom has-theme-white-color has-text-color has-link-color wp-elements-f1bcfd059f1402fae991ecea0e1d0a83\">Naturparks<\/h1>\n\n\n\n<div class=\"wp-block-group alignwide breadcrumbs animation--init--once is-layout-constrained wp-block-group-is-layout-constrained\" style=\"margin-top:0px;margin-bottom:0px\">\n<div class=\"wp-block-group alignfull los-breadcrumbs is-layout-constrained wp-block-group-is-layout-constrained\">\n<span><span><a href=\"https:\/\/www.bravoplaya.com\/de\/\">Inicio<\/a><\/span><\/span>\n<\/div>\n<\/div>\n\n\n\n<div class=\"wp-block-group alignfull motor-thelis has-theme-brown-2-background-color has-background is-layout-constrained wp-container-core-group-is-layout-703874a8 wp-block-group-is-layout-constrained\" style=\"margin-top:0px;margin-bottom:0px;padding-top:10px;padding-right:0px;padding-bottom:12px;padding-left:0px\">\n<div class=\"wp-block-columns is-layout-flex wp-container-core-columns-is-layout-28f84493 wp-block-columns-is-layout-flex\">\n<div class=\"wp-block-column is-layout-flow wp-block-column-is-layout-flow\" style=\"flex-basis:100%\">\n<section class=\"formulaire-de-recherche-bar\">\r\n            <div id=\"expand-thelis-formulaire\">Buchen<\/div>\r\n            <div class=\"container-form\"><thr-search-engine search-text=\"Suchen\"><\/thr-search-engine><a id=\"pay-btn-2\" onclick=\"window.open('https:\/\/thelisresa.webcamp.fr\/cart-directPayment.php?camping=pcyeyp&amp;lang=de');\"><i><\/i>Sich niederlassen<\/a>\r\n            <style>\r\n            \r\n            .thr-search-engine .thr-search-engine-main > .thr-btn-search { max-width: 20% !important; }\r\n            .thr .btn i { margin-right: 0 !important; }\r\n            #pay-btn-2 { \r\n                position: absolute;\r\n                right: 0;top: 0;\r\n                margin: 10px;\r\n                border: 0;\r\n                background-color: ;\r\n                color: ;\r\n                cursor: pointer;\r\n                width: calc(17% - 5px);\r\n                padding: 17px 0;\r\n                font-size: 18px;\r\n                font-weight: bold;\r\n                text-transform: auto;\r\n                transition: all .35s;\r\n                display: flex;justify-content: center;\r\n                align-items: center;\r\n            }\r\n            #pay-btn-2 i {\r\n                display: inline-flex;\r\n                width:18px;height:18px;\r\n                margin-right: 5px;\r\n                background-image: url('data:image\/svg+xml;utf8,<?xml version=\"1.0\" encoding=\"utf-8\"?><svg width=\"1792\" height=\"1792\" viewBox=\"0 0 1792 1792\" xmlns=\"http:\/\/www.w3.org\/2000\/svg\"><path d=\"M704 1536q0 52-38 90t-90 38-90-38-38-90 38-90 90-38 90 38 38 90zm896 0q0 52-38 90t-90 38-90-38-38-90 38-90 90-38 90 38 38 90zm128-1088v512q0 24-16.5 42.5t-40.5 21.5l-1044 122q13 60 13 70 0 16-24 64h920q26 0 45 19t19 45-19 45-45 19h-1024q-26 0-45-19t-19-45q0-11 8-31.5t16-36 21.5-40 15.5-29.5l-177-823h-204q-26 0-45-19t-19-45 19-45 45-19h256q16 0 28.5 6.5t19.5 15.5 13 24.5 8 26 5.5 29.5 4.5 26h1201q26 0 45 19t19 45z\" fill=\"rgba(255,255,255,1)\" \/><\/svg>');\r\n                background-size: cover;background-position: center center;background-repeat: no-repeat;\r\n            }\r\n            #pay-btn-2:hover { background-color: ; }\r\n            .thr-search-engine { width: 83%; }\r\n\r\n            @media screen and (max-width: 1024px) {\r\n                #pay-btn-2 { top: 52px; }\r\n                .thr-search-engine .thr-search-engine-main > .thr-btn-search { max-width: inherit !important; }\r\n            }\r\n            @media screen and (max-width: 990px) {\r\n                .thr-search-engine { width: 100%; }\r\n                #pay-btn-2 { position: relative;width: calc(100% - 20px);top: auto;margin-top: 0; }\r\n            }\r\n\r\n            thr-search-engine { border-right: 200px rgba(0,0,0,0) solid;display: block; }\r\n            @media screen and (max-width: 1024px) {\r\n                thr-search-engine { border-right: inherit;display: inherit; }\r\n            }\r\n            <\/style>\r\n            <\/div><\/section><!-- .formulaire-de-recherche-bar --><style>\r\n        #expand-thelis-formulaire { display: none; }\r\n        @media screen and (max-width: 1024px) {\r\n            #expand-thelis-formulaire { display: block; }\r\n            .formulaire-de-recherche-bar .container-form { display: none; }\r\n        }\r\n    <\/style><script>\r\n    jQuery(document).ready(function($){\r\n        jQuery('#expand-thelis-formulaire').click(function(){\r\n            if(\r\n                jQuery('.formulaire-de-recherche-bar .container-form').css('display') == 'none'\r\n            ){\r\n                jQuery('.formulaire-de-recherche-bar .container-form').css('display', 'block');\r\n                jQuery('#expand-thelis-formulaire').addClass('expanded');\r\n            }else{\r\n                jQuery('.formulaire-de-recherche-bar .container-form').css('display', 'none');\r\n                jQuery('#expand-thelis-formulaire').removeClass('expanded');\r\n            }\r\n        });\r\n    });\r\n    <\/script>\n<\/div>\n<\/div>\n<\/div>\n<\/div><\/div>\n\n\n\n<div class=\"wp-block-group alignfull bloque-intro oh is-layout-constrained wp-block-group-is-layout-constrained\">\n<div class=\"wp-block-columns are-vertically-aligned-center has-animation is-layout-flex wp-container-core-columns-is-layout-28f84493 wp-block-columns-is-layout-flex\">\n<div class=\"wp-block-column is-vertically-aligned-center is-layout-flow wp-block-column-is-layout-flow\">\n<h2 class=\"wp-block-heading has-text-align-center animation--init--once animation--bottom\"><sup>Entdecken Sie unsere Umgebung<\/sup>Naturparks<\/h2>\n\n\n\n<p class=\"has-text-align-center bloque-pek\">Die Gemeinde Cabanes ist eine der m\u00e4chtigsten Naturlandschaften der valencianischen Gemeinschaft.<\/p>\n\n\n\n<p class=\"has-text-align-center bloque-pek\">Eingebettet zwischen den Naturparks des \u201ePrat Cabanes-Torreblanca\u201c und der \u201eDesierto de las palmas\u201c (Palmenw\u00fcste) findet der Besucher eine Vielzahl einzigartiger Orte zum Wandern oder Radfahren und das Naturschutzgebiet der Inseln \u201eLas Columbretes\u201c, ein einzigartiges und besonders empfindliches \u00d6kosystem.<\/p>\n\n\n\n<div class=\"wp-block-group animation--init--once animation--left is-layout-constrained wp-block-group-is-layout-constrained\" style=\"margin-top:70px\">\n<h4 class=\"wp-block-heading has-text-align-center\">Prat de Cabanes-Torreblanca<\/h4>\n\n\n\n<p class=\"has-text-align-center\">Es ist das gr\u00f6sste Feuchtgebiet der Provinz Castell\u00f3n und eines der am wenigsten ver\u00e4nderten der \u201eRegion Valencia\u201c. F\u00fcr Besucher gibt es ein Interpretations- und Informationszentrum im Institut f\u00fcr Aquakultur in Torre La Sal in La Ribera, dass eine umfassende Informationen zum Lebensraum der Region bietet, sowie eine Rundstrecke, auf der Sie den Park erforschen k\u00f6nnen. <\/p>\n\n\n\n<p class=\"has-text-align-center\">Die Wanderroute erm\u00f6glicht den Besuchern, die Vielfalt der Landschaft von Cabanes zu entdecken, die in der Provinz Castell\u00f3n einzigartig ist.<\/p>\n\n\n\n<h4 class=\"wp-block-heading has-text-align-center\">Desierto de Las Palmas (Palmenw\u00fcste)<\/h4>\n\n\n\n<p class=\"has-text-align-center\">Bietet versteckte, geheimnisvolle Orte, die nur zu Fu\u00df erreichbar sind. In diesem Naturpark gibt es mehrere Routen und Pfade, die durch das Gebiet von Cabanes verlaufen, wie die Route nach Bartolo durch die Crests; die Bartolo-Les Santes Route oder der Rundweg zur Einsiedelei von Les Santes. Jede von ihnen bietet die einmalige Gelegenheit, die Vielfalt der einheimischen Flora und Fauna der Region, die in Europa am vielf\u00e4ltigsten ist, sowie Orte mit au\u00dfergew\u00f6hnlichem Naturreichtum, kennenzulernen.<\/p>\n\n\n\n<h4 class=\"wp-block-heading has-text-align-center\">Inselgruppe \u201cLas Islas Columbretes\u201d<\/h4>\n\n\n\n<p class=\"has-text-align-center\">Nicht weit weg von der K\u00fcste von Castell\u00f3n, 45 km von Oropesa entfernt, erheben sich die alten Schlangeninseln, heute Columbretes genannt, eine kleine Inselgruppe von 19 Hektar, vulkanischen Ursprungs auf halbem Weg zwischen der Halbinsel und den Balearen. Aufgrund ihrer Isolation und ihres hervorragenden Erhaltungszustands, beherbergen sie mehrere seltene Tier- und Pflanzenarten, die im restlichen Mittelmeerraum selten geworden sind. <\/p>\n\n\n\n<p class=\"has-text-align-center\">Es gibt vier Inselgruppen, L\u2019Illa Grossa, wo sich der Leuchtturm von den Columbretes befindet, und auch die einzige bewohnte Insel, Ferrera, dann noch Foradada und Carallot. Der Meeresboden und das Wasser zeichnen sich durch au\u00dfergew\u00f6hnliche Sch\u00f6nheit, Reichtum und hohem Erhaltungsgrad aus, und durch die au\u00dfergew\u00f6hnliche Klarheit des Wassers, ist es ein Paradies f\u00fcr Taucher. Die Columbretes liegen etwa 80 Meter \u00fcber dem Meeresboden und sind das beste Beispiel f\u00fcr den Vulkanismus unseres Landes. <\/p>\n\n\n\n<p class=\"has-text-align-center\">Sie sind sowohl durch die Materialien, aus denen sie bestehen, als auch f\u00fcr ihre besondere Erscheinung bekannt. <\/p>\n\n\n\n<p class=\"has-text-align-center\">Sie sind das einzigartigste Archipel der valencianischen Gemeinschaft und eines der kleinen Inselgebiete von gr\u00f6\u00dftem \u00f6kologischem Interesse im Mittelmeerraum.<\/p>\n<\/div>\n<\/div>\n<\/div>\n<\/div>\n","protected":false},"excerpt":{"rendered":"<p>Entdecken Sie unsere UmgebungNaturparks Die Gemeinde Cabanes ist eine der m\u00e4chtigsten Naturlandschaften der valencianischen Gemeinschaft. Eingebettet zwischen den Naturparks des \u201ePrat Cabanes-Torreblanca\u201c und der \u201eDesierto&#8230;<\/p>\n","protected":false},"author":2,"featured_media":2143,"parent":3512,"menu_order":2,"comment_status":"closed","ping_status":"closed","template":"","meta":{"_acf_changed":false,"inline_featured_image":false,"footnotes":""},"class_list":["post-3572","page","type-page","status-publish","has-post-thumbnail","hentry"],"acf":[],"yoast_head":"<!-- This site is optimized with the Yoast SEO plugin v26.6 - https:\/\/yoast.com\/wordpress\/plugins\/seo\/ -->\n<title>Naturparks - Camping Bravoplaya<\/title>\n<meta name=\"description\" content=\"Der Campingplatz Bravoplaya befindet sich in der Gemeinde Cabanes, einer der beeindruckendsten Naturlandschaften der Region Valencia.\" \/>\n<meta name=\"robots\" content=\"index, follow, max-snippet:-1, max-image-preview:large, max-video-preview:-1\" \/>\n<link rel=\"canonical\" href=\"https:\/\/www.bravoplaya.com\/de\/umgebung\/naturparks\/\" \/>\n<meta property=\"og:locale\" content=\"de_DE\" \/>\n<meta property=\"og:type\" content=\"article\" \/>\n<meta property=\"og:title\" content=\"Naturparks - Camping Bravoplaya\" \/>\n<meta property=\"og:description\" content=\"Der Campingplatz Bravoplaya befindet sich in der Gemeinde Cabanes, einer der beeindruckendsten Naturlandschaften der Region Valencia.\" \/>\n<meta property=\"og:url\" content=\"https:\/\/www.bravoplaya.com\/de\/umgebung\/naturparks\/\" \/>\n<meta property=\"og:site_name\" content=\"Camping Bravoplaya\" \/>\n<meta property=\"article:modified_time\" content=\"2026-04-21T10:03:45+00:00\" \/>\n<meta property=\"og:image\" content=\"https:\/\/www.bravoplaya.com\/wp-content\/uploads\/entorno-parques-feat.jpg\" \/>\n\t<meta property=\"og:image:width\" content=\"850\" \/>\n\t<meta property=\"og:image:height\" content=\"500\" \/>\n\t<meta property=\"og:image:type\" content=\"image\/jpeg\" \/>\n<meta name=\"twitter:card\" content=\"summary_large_image\" \/>\n<meta name=\"twitter:label1\" content=\"Gesch\u00e4tzte Lesezeit\" \/>\n\t<meta name=\"twitter:data1\" content=\"2\u00a0Minuten\" \/>\n<!-- \/ Yoast SEO plugin. -->","yoast_head_json":{"title":"Naturparks - Camping Bravoplaya","description":"Der Campingplatz Bravoplaya befindet sich in der Gemeinde Cabanes, einer der beeindruckendsten Naturlandschaften der Region Valencia.","robots":{"index":"index","follow":"follow","max-snippet":"max-snippet:-1","max-image-preview":"max-image-preview:large","max-video-preview":"max-video-preview:-1"},"canonical":"https:\/\/www.bravoplaya.com\/de\/umgebung\/naturparks\/","og_locale":"de_DE","og_type":"article","og_title":"Naturparks - Camping Bravoplaya","og_description":"Der Campingplatz Bravoplaya befindet sich in der Gemeinde Cabanes, einer der beeindruckendsten Naturlandschaften der Region Valencia.","og_url":"https:\/\/www.bravoplaya.com\/de\/umgebung\/naturparks\/","og_site_name":"Camping Bravoplaya","article_modified_time":"2026-04-21T10:03:45+00:00","og_image":[{"width":850,"height":500,"url":"https:\/\/www.bravoplaya.com\/wp-content\/uploads\/entorno-parques-feat.jpg","type":"image\/jpeg"}],"twitter_card":"summary_large_image","twitter_misc":{"Gesch\u00e4tzte Lesezeit":"2\u00a0Minuten"},"schema":{"@context":"https:\/\/schema.org","@graph":[{"@type":"WebPage","@id":"https:\/\/www.bravoplaya.com\/de\/umgebung\/naturparks\/","url":"https:\/\/www.bravoplaya.com\/de\/umgebung\/naturparks\/","name":"Naturparks - Camping Bravoplaya","isPartOf":{"@id":"https:\/\/www.bravoplaya.com\/de\/#website"},"primaryImageOfPage":{"@id":"https:\/\/www.bravoplaya.com\/de\/umgebung\/naturparks\/#primaryimage"},"image":{"@id":"https:\/\/www.bravoplaya.com\/de\/umgebung\/naturparks\/#primaryimage"},"thumbnailUrl":"https:\/\/www.bravoplaya.com\/wp-content\/uploads\/entorno-parques-feat.jpg","datePublished":"2025-06-04T10:59:13+00:00","dateModified":"2026-04-21T10:03:45+00:00","description":"Der Campingplatz Bravoplaya befindet sich in der Gemeinde Cabanes, einer der beeindruckendsten Naturlandschaften der Region Valencia.","breadcrumb":{"@id":"https:\/\/www.bravoplaya.com\/de\/umgebung\/naturparks\/#breadcrumb"},"inLanguage":"de","potentialAction":[{"@type":"ReadAction","target":["https:\/\/www.bravoplaya.com\/de\/umgebung\/naturparks\/"]}]},{"@type":"ImageObject","inLanguage":"de","@id":"https:\/\/www.bravoplaya.com\/de\/umgebung\/naturparks\/#primaryimage","url":"https:\/\/www.bravoplaya.com\/wp-content\/uploads\/entorno-parques-feat.jpg","contentUrl":"https:\/\/www.bravoplaya.com\/wp-content\/uploads\/entorno-parques-feat.jpg","width":850,"height":500},{"@type":"BreadcrumbList","@id":"https:\/\/www.bravoplaya.com\/de\/umgebung\/naturparks\/#breadcrumb","itemListElement":[{"@type":"ListItem","position":1,"name":"Inicio","item":"https:\/\/www.bravoplaya.com\/de\/"},{"@type":"ListItem","position":2,"name":"Umgebung","item":"https:\/\/www.bravoplaya.com\/de\/entorno\/"},{"@type":"ListItem","position":3,"name":"Naturparks"}]},{"@type":"WebSite","@id":"https:\/\/www.bravoplaya.com\/de\/#website","url":"https:\/\/www.bravoplaya.com\/de\/","name":"Camping Bravoplaya","description":"Ein Erlebnis voller Eindr\u00fccke","publisher":{"@id":"https:\/\/www.bravoplaya.com\/de\/#organization"},"potentialAction":[{"@type":"SearchAction","target":{"@type":"EntryPoint","urlTemplate":"https:\/\/www.bravoplaya.com\/de\/?s={search_term_string}"},"query-input":{"@type":"PropertyValueSpecification","valueRequired":true,"valueName":"search_term_string"}}],"inLanguage":"de"},{"@type":"Organization","@id":"https:\/\/www.bravoplaya.com\/de\/#organization","name":"Camping Bravoplaya","url":"https:\/\/www.bravoplaya.com\/de\/","logo":{"@type":"ImageObject","inLanguage":"de","@id":"https:\/\/www.bravoplaya.com\/de\/#\/schema\/logo\/image\/","url":"https:\/\/www.bravoplaya.com\/wp-content\/uploads\/logo-bravoplaya.png","contentUrl":"https:\/\/www.bravoplaya.com\/wp-content\/uploads\/logo-bravoplaya.png","width":225,"height":225,"caption":"Camping Bravoplaya"},"image":{"@id":"https:\/\/www.bravoplaya.com\/de\/#\/schema\/logo\/image\/"}}]}},"_links":{"self":[{"href":"https:\/\/www.bravoplaya.com\/de\/wp-json\/wp\/v2\/pages\/3572","targetHints":{"allow":["GET"]}}],"collection":[{"href":"https:\/\/www.bravoplaya.com\/de\/wp-json\/wp\/v2\/pages"}],"about":[{"href":"https:\/\/www.bravoplaya.com\/de\/wp-json\/wp\/v2\/types\/page"}],"author":[{"embeddable":true,"href":"https:\/\/www.bravoplaya.com\/de\/wp-json\/wp\/v2\/users\/2"}],"replies":[{"embeddable":true,"href":"https:\/\/www.bravoplaya.com\/de\/wp-json\/wp\/v2\/comments?post=3572"}],"version-history":[{"count":1,"href":"https:\/\/www.bravoplaya.com\/de\/wp-json\/wp\/v2\/pages\/3572\/revisions"}],"predecessor-version":[{"id":3583,"href":"https:\/\/www.bravoplaya.com\/de\/wp-json\/wp\/v2\/pages\/3572\/revisions\/3583"}],"up":[{"embeddable":true,"href":"https:\/\/www.bravoplaya.com\/de\/wp-json\/wp\/v2\/pages\/3512"}],"wp:featuredmedia":[{"embeddable":true,"href":"https:\/\/www.bravoplaya.com\/de\/wp-json\/wp\/v2\/media\/2143"}],"wp:attachment":[{"href":"https:\/\/www.bravoplaya.com\/de\/wp-json\/wp\/v2\/media?parent=3572"}],"curies":[{"name":"wp","href":"https:\/\/api.w.org\/{rel}","templated":true}]}}