{"id":3587,"date":"2025-06-04T13:09:15","date_gmt":"2025-06-04T11:09:15","guid":{"rendered":"https:\/\/bravoplaya.com\/umgebung\/sitios-de-interes-ludico\/"},"modified":"2026-04-21T12:03:44","modified_gmt":"2026-04-21T10:03:44","slug":"sehenswuerdigkeiten","status":"publish","type":"page","link":"https:\/\/www.bravoplaya.com\/de\/umgebung\/sehenswuerdigkeiten\/","title":{"rendered":"Sehensw\u00fcrdigkeiten"},"content":{"rendered":"\n<div class=\"wp-block-cover alignfull has-parallax header-top has-animation\" style=\"margin-top:0px;margin-bottom:0px\"><div class=\"wp-block-cover__image-background wp-image-2162 has-parallax\" style=\"background-position:50% 50%;background-image:url(https:\/\/www.bravoplaya.com\/wp-content\/uploads\/entorno-int-ludico-top.jpg)\"><\/div><span aria-hidden=\"true\" class=\"wp-block-cover__background has-theme-blue-background-color has-background-dim-20 has-background-dim\"><\/span><div class=\"wp-block-cover__inner-container is-layout-constrained wp-block-cover-is-layout-constrained\">\n<h1 class=\"wp-block-heading has-text-align-center animation--init--once animation--bottom has-theme-white-color has-text-color has-link-color wp-elements-f1fb315faeb5c60113f457205ab7622a\">Sehensw\u00fcrdigkeiten<\/h1>\n\n\n\n<div class=\"wp-block-group alignwide breadcrumbs animation--init--once is-layout-constrained wp-block-group-is-layout-constrained\" style=\"margin-top:0px;margin-bottom:0px\">\n<div class=\"wp-block-group alignfull los-breadcrumbs is-layout-constrained wp-block-group-is-layout-constrained\">\n<span><span><a href=\"https:\/\/www.bravoplaya.com\/de\/\">Inicio<\/a><\/span><\/span>\n<\/div>\n<\/div>\n\n\n\n<div class=\"wp-block-group alignfull motor-thelis has-theme-brown-2-background-color has-background is-layout-constrained wp-container-core-group-is-layout-703874a8 wp-block-group-is-layout-constrained\" style=\"margin-top:0px;margin-bottom:0px;padding-top:10px;padding-right:0px;padding-bottom:12px;padding-left:0px\">\n<div class=\"wp-block-columns is-layout-flex wp-container-core-columns-is-layout-28f84493 wp-block-columns-is-layout-flex\">\n<div class=\"wp-block-column is-layout-flow wp-block-column-is-layout-flow\" style=\"flex-basis:100%\">\n<section class=\"formulaire-de-recherche-bar\">\r\n            <div id=\"expand-thelis-formulaire\">Buchen<\/div>\r\n            <div class=\"container-form\"><thr-search-engine search-text=\"Suchen\"><\/thr-search-engine><a id=\"pay-btn-2\" onclick=\"window.open('https:\/\/thelisresa.webcamp.fr\/cart-directPayment.php?camping=pcyeyp&amp;lang=de');\"><i><\/i>Sich niederlassen<\/a>\r\n            <style>\r\n            \r\n            .thr-search-engine .thr-search-engine-main > .thr-btn-search { max-width: 20% !important; }\r\n            .thr .btn i { margin-right: 0 !important; }\r\n            #pay-btn-2 { \r\n                position: absolute;\r\n                right: 0;top: 0;\r\n                margin: 10px;\r\n                border: 0;\r\n                background-color: ;\r\n                color: ;\r\n                cursor: pointer;\r\n                width: calc(17% - 5px);\r\n                padding: 17px 0;\r\n                font-size: 18px;\r\n                font-weight: bold;\r\n                text-transform: auto;\r\n                transition: all .35s;\r\n                display: flex;justify-content: center;\r\n                align-items: center;\r\n            }\r\n            #pay-btn-2 i {\r\n                display: inline-flex;\r\n                width:18px;height:18px;\r\n                margin-right: 5px;\r\n                background-image: url('data:image\/svg+xml;utf8,<?xml version=\"1.0\" encoding=\"utf-8\"?><svg width=\"1792\" height=\"1792\" viewBox=\"0 0 1792 1792\" xmlns=\"http:\/\/www.w3.org\/2000\/svg\"><path d=\"M704 1536q0 52-38 90t-90 38-90-38-38-90 38-90 90-38 90 38 38 90zm896 0q0 52-38 90t-90 38-90-38-38-90 38-90 90-38 90 38 38 90zm128-1088v512q0 24-16.5 42.5t-40.5 21.5l-1044 122q13 60 13 70 0 16-24 64h920q26 0 45 19t19 45-19 45-45 19h-1024q-26 0-45-19t-19-45q0-11 8-31.5t16-36 21.5-40 15.5-29.5l-177-823h-204q-26 0-45-19t-19-45 19-45 45-19h256q16 0 28.5 6.5t19.5 15.5 13 24.5 8 26 5.5 29.5 4.5 26h1201q26 0 45 19t19 45z\" fill=\"rgba(255,255,255,1)\" \/><\/svg>');\r\n                background-size: cover;background-position: center center;background-repeat: no-repeat;\r\n            }\r\n            #pay-btn-2:hover { background-color: ; }\r\n            .thr-search-engine { width: 83%; }\r\n\r\n            @media screen and (max-width: 1024px) {\r\n                #pay-btn-2 { top: 52px; }\r\n                .thr-search-engine .thr-search-engine-main > .thr-btn-search { max-width: inherit !important; }\r\n            }\r\n            @media screen and (max-width: 990px) {\r\n                .thr-search-engine { width: 100%; }\r\n                #pay-btn-2 { position: relative;width: calc(100% - 20px);top: auto;margin-top: 0; }\r\n            }\r\n\r\n            thr-search-engine { border-right: 200px rgba(0,0,0,0) solid;display: block; }\r\n            @media screen and (max-width: 1024px) {\r\n                thr-search-engine { border-right: inherit;display: inherit; }\r\n            }\r\n            <\/style>\r\n            <\/div><\/section><!-- .formulaire-de-recherche-bar --><style>\r\n        #expand-thelis-formulaire { display: none; }\r\n        @media screen and (max-width: 1024px) {\r\n            #expand-thelis-formulaire { display: block; }\r\n            .formulaire-de-recherche-bar .container-form { display: none; }\r\n        }\r\n    <\/style><script>\r\n    jQuery(document).ready(function($){\r\n        jQuery('#expand-thelis-formulaire').click(function(){\r\n            if(\r\n                jQuery('.formulaire-de-recherche-bar .container-form').css('display') == 'none'\r\n            ){\r\n                jQuery('.formulaire-de-recherche-bar .container-form').css('display', 'block');\r\n                jQuery('#expand-thelis-formulaire').addClass('expanded');\r\n            }else{\r\n                jQuery('.formulaire-de-recherche-bar .container-form').css('display', 'none');\r\n                jQuery('#expand-thelis-formulaire').removeClass('expanded');\r\n            }\r\n        });\r\n    });\r\n    <\/script>\n<\/div>\n<\/div>\n<\/div>\n<\/div><\/div>\n\n\n\n<div class=\"wp-block-group alignfull bloque-intro oh is-layout-constrained wp-block-group-is-layout-constrained\">\n<div class=\"wp-block-columns are-vertically-aligned-center has-animation is-layout-flex wp-container-core-columns-is-layout-28f84493 wp-block-columns-is-layout-flex\">\n<div class=\"wp-block-column is-vertically-aligned-center is-layout-flow wp-block-column-is-layout-flow\">\n<h2 class=\"wp-block-heading has-text-align-center animation--init--once animation--bottom\" style=\"margin-bottom:40px\"><sup>Entdecke unsere Umgebung<\/sup>Freizeit- und Unterhaltungsm\u00f6glichkeiten<\/h2>\n\n\n\n<p class=\"has-text-align-center bloque-pek\">Nur 13 km s\u00fcdlich des Campingplatzes \u2014 in Benic\u00e0ssim und Oropesa del Mar \u2014 findest du ein breites Freizeit- und Unterhaltungsangebot, ideal f\u00fcr die ganze Familie.<\/p>\n\n\n\n<p class=\"has-text-align-center\">In Benic\u00e0ssim befindet sich Aquarama, einer der bedeutendsten Wasserparks der Region, mit Attraktionen und Erlebnisbereichen f\u00fcr alle Altersgruppen.<\/p>\n\n\n\n<p class=\"has-text-align-center\">Der Ort ist au\u00dferdem ein nationales Zentrum f\u00fcr Musikfestivals. Im Sommer findet hier das ber\u00fchmte FIB \u2013 Festival Internacional de Benic\u00e0ssim statt, das sich Pop-, Rock-, Indie- und elektronischer Musik widmet, ebenso wie das Rototom Sunsplash, eines der wichtigsten Reggae-Festivals Europas. Ende August wird das BEF gefeiert, das auf elektronische Musik spezialisiert ist. Zu Ostern findet das SanSan Festival mit spanischer Indie-Musik statt, und im Mai das Formigues Festival, das speziell f\u00fcr Kinder und Familien konzipiert ist.<\/p>\n\n\n\n<p class=\"has-text-align-center bloque-pek\">F\u00fcr alle, die Nervenkitzel auf R\u00e4dern suchen, gibt es in Benic\u00e0ssim die Kartbahn Benikarts, w\u00e4hrend du in Oropesa del Mar auch Marlonkart genie\u00dfen kannst \u2014 eine weitere perfekte M\u00f6glichkeit f\u00fcr Spa\u00df mit Familie oder Freunden.<\/p>\n\n\n\n<div class=\"wp-block-group is-layout-constrained wp-block-group-is-layout-constrained\" style=\"margin-top:70px\">\n<div class=\"wp-block-columns animation--init--once animation--top is-layout-flex wp-container-core-columns-is-layout-28f84493 wp-block-columns-is-layout-flex\">\n<div class=\"wp-block-column is-layout-flow wp-block-column-is-layout-flow\">\n<h4 class=\"wp-block-heading has-text-align-center\"><strong>AQUARAMA<\/strong><\/h4>\n\n\n\n<p class=\"has-text-align-center\"><a href=\"https:\/\/www.aquarama.net\/\" target=\"_blank\" rel=\"noreferrer noopener\">https:\/\/www.aquarama.net\/<\/a><\/p>\n<\/div>\n\n\n\n<div class=\"wp-block-column is-layout-flow wp-block-column-is-layout-flow\">\n<h4 class=\"wp-block-heading has-text-align-center\"><strong><strong>Musikfestivals<\/strong><\/strong><\/h4>\n\n\n\n<p class=\"has-text-align-center\"><a href=\"https:\/\/sansanfestival.com\/\" target=\"_blank\" rel=\"noreferrer noopener\">https:\/\/sansanfestival.com\/<\/a><\/p>\n\n\n\n<p class=\"has-text-align-center\"><a href=\"https:\/\/formiguesfestival.com\/\" target=\"_blank\" rel=\"noreferrer noopener\">https:\/\/formiguesfestival.com\/<\/a><\/p>\n\n\n\n<p class=\"has-text-align-center\"><a href=\"https:\/\/fiberfib.com\/\" target=\"_blank\" rel=\"noreferrer noopener\">https:\/\/fiberfib.com\/<\/a><\/p>\n\n\n\n<p class=\"has-text-align-center\"><a href=\"https:\/\/rototomsunsplash.com\/\" target=\"_blank\" rel=\"noreferrer noopener\">https:\/\/rototomsunsplash.com\/<\/a><\/p>\n<\/div>\n\n\n\n<div class=\"wp-block-column is-layout-flow wp-block-column-is-layout-flow\">\n<h4 class=\"wp-block-heading has-text-align-center\"><strong><strong><strong>Kartbahnen<\/strong><\/strong><\/strong><\/h4>\n\n\n\n<p class=\"has-text-align-center\"><a href=\"https:\/\/www.marlonkart.com\/circuito\/\" target=\"_blank\" rel=\"noreferrer noopener\">https:\/\/www.marlonkart.com\/<\/a><\/p>\n\n\n\n<p class=\"has-text-align-center\"><a href=\"https:\/\/benikarts.com\/\" target=\"_blank\" rel=\"noreferrer noopener\">https:\/\/benikarts.com\/<\/a><\/p>\n<\/div>\n<\/div>\n<\/div>\n<\/div>\n<\/div>\n<\/div>\n","protected":false},"excerpt":{"rendered":"<p>Entdecke unsere UmgebungFreizeit- und Unterhaltungsm\u00f6glichkeiten Nur 13 km s\u00fcdlich des Campingplatzes \u2014 in Benic\u00e0ssim und Oropesa del Mar \u2014 findest du ein breites Freizeit- und&#8230;<\/p>\n","protected":false},"author":2,"featured_media":2150,"parent":3512,"menu_order":3,"comment_status":"closed","ping_status":"closed","template":"","meta":{"_acf_changed":false,"inline_featured_image":false,"footnotes":""},"class_list":["post-3587","page","type-page","status-publish","has-post-thumbnail","hentry"],"acf":[],"yoast_head":"<!-- This site is optimized with the Yoast SEO plugin v26.6 - https:\/\/yoast.com\/wordpress\/plugins\/seo\/ -->\n<title>Sehensw\u00fcrdigkeiten - Camping Bravoplaya<\/title>\n<meta name=\"description\" content=\"13 km vom Campingplatz Bravoplaya entfernt, s\u00fcdlich von Oropesa del Mar, finden Sie die folgenden interessanten Freizeitgebiete.\" \/>\n<meta name=\"robots\" content=\"index, follow, max-snippet:-1, max-image-preview:large, max-video-preview:-1\" \/>\n<link rel=\"canonical\" href=\"https:\/\/www.bravoplaya.com\/de\/umgebung\/sehenswuerdigkeiten\/\" \/>\n<meta property=\"og:locale\" content=\"de_DE\" \/>\n<meta property=\"og:type\" content=\"article\" \/>\n<meta property=\"og:title\" content=\"Sehensw\u00fcrdigkeiten - Camping Bravoplaya\" \/>\n<meta property=\"og:description\" content=\"13 km vom Campingplatz Bravoplaya entfernt, s\u00fcdlich von Oropesa del Mar, finden Sie die folgenden interessanten Freizeitgebiete.\" \/>\n<meta property=\"og:url\" content=\"https:\/\/www.bravoplaya.com\/de\/umgebung\/sehenswuerdigkeiten\/\" \/>\n<meta property=\"og:site_name\" content=\"Camping Bravoplaya\" \/>\n<meta property=\"article:modified_time\" content=\"2026-04-21T10:03:44+00:00\" \/>\n<meta property=\"og:image\" content=\"https:\/\/www.bravoplaya.com\/wp-content\/uploads\/entorno-playas-03.jpg\" \/>\n\t<meta property=\"og:image:width\" content=\"1400\" \/>\n\t<meta property=\"og:image:height\" content=\"850\" \/>\n\t<meta property=\"og:image:type\" content=\"image\/jpeg\" \/>\n<meta name=\"twitter:card\" content=\"summary_large_image\" \/>\n<meta name=\"twitter:label1\" content=\"Gesch\u00e4tzte Lesezeit\" \/>\n\t<meta name=\"twitter:data1\" content=\"1\u00a0Minute\" \/>\n<!-- \/ Yoast SEO plugin. -->","yoast_head_json":{"title":"Sehensw\u00fcrdigkeiten - Camping Bravoplaya","description":"13 km vom Campingplatz Bravoplaya entfernt, s\u00fcdlich von Oropesa del Mar, finden Sie die folgenden interessanten Freizeitgebiete.","robots":{"index":"index","follow":"follow","max-snippet":"max-snippet:-1","max-image-preview":"max-image-preview:large","max-video-preview":"max-video-preview:-1"},"canonical":"https:\/\/www.bravoplaya.com\/de\/umgebung\/sehenswuerdigkeiten\/","og_locale":"de_DE","og_type":"article","og_title":"Sehensw\u00fcrdigkeiten - Camping Bravoplaya","og_description":"13 km vom Campingplatz Bravoplaya entfernt, s\u00fcdlich von Oropesa del Mar, finden Sie die folgenden interessanten Freizeitgebiete.","og_url":"https:\/\/www.bravoplaya.com\/de\/umgebung\/sehenswuerdigkeiten\/","og_site_name":"Camping Bravoplaya","article_modified_time":"2026-04-21T10:03:44+00:00","og_image":[{"width":1400,"height":850,"url":"https:\/\/www.bravoplaya.com\/wp-content\/uploads\/entorno-playas-03.jpg","type":"image\/jpeg"}],"twitter_card":"summary_large_image","twitter_misc":{"Gesch\u00e4tzte Lesezeit":"1\u00a0Minute"},"schema":{"@context":"https:\/\/schema.org","@graph":[{"@type":"WebPage","@id":"https:\/\/www.bravoplaya.com\/de\/umgebung\/sehenswuerdigkeiten\/","url":"https:\/\/www.bravoplaya.com\/de\/umgebung\/sehenswuerdigkeiten\/","name":"Sehensw\u00fcrdigkeiten - Camping Bravoplaya","isPartOf":{"@id":"https:\/\/www.bravoplaya.com\/de\/#website"},"primaryImageOfPage":{"@id":"https:\/\/www.bravoplaya.com\/de\/umgebung\/sehenswuerdigkeiten\/#primaryimage"},"image":{"@id":"https:\/\/www.bravoplaya.com\/de\/umgebung\/sehenswuerdigkeiten\/#primaryimage"},"thumbnailUrl":"https:\/\/www.bravoplaya.com\/wp-content\/uploads\/entorno-playas-03.jpg","datePublished":"2025-06-04T11:09:15+00:00","dateModified":"2026-04-21T10:03:44+00:00","description":"13 km vom Campingplatz Bravoplaya entfernt, s\u00fcdlich von Oropesa del Mar, finden Sie die folgenden interessanten Freizeitgebiete.","breadcrumb":{"@id":"https:\/\/www.bravoplaya.com\/de\/umgebung\/sehenswuerdigkeiten\/#breadcrumb"},"inLanguage":"de","potentialAction":[{"@type":"ReadAction","target":["https:\/\/www.bravoplaya.com\/de\/umgebung\/sehenswuerdigkeiten\/"]}]},{"@type":"ImageObject","inLanguage":"de","@id":"https:\/\/www.bravoplaya.com\/de\/umgebung\/sehenswuerdigkeiten\/#primaryimage","url":"https:\/\/www.bravoplaya.com\/wp-content\/uploads\/entorno-playas-03.jpg","contentUrl":"https:\/\/www.bravoplaya.com\/wp-content\/uploads\/entorno-playas-03.jpg","width":1400,"height":850},{"@type":"BreadcrumbList","@id":"https:\/\/www.bravoplaya.com\/de\/umgebung\/sehenswuerdigkeiten\/#breadcrumb","itemListElement":[{"@type":"ListItem","position":1,"name":"Inicio","item":"https:\/\/www.bravoplaya.com\/de\/"},{"@type":"ListItem","position":2,"name":"Umgebung","item":"https:\/\/www.bravoplaya.com\/de\/entorno\/"},{"@type":"ListItem","position":3,"name":"Sehensw\u00fcrdigkeiten"}]},{"@type":"WebSite","@id":"https:\/\/www.bravoplaya.com\/de\/#website","url":"https:\/\/www.bravoplaya.com\/de\/","name":"Camping Bravoplaya","description":"Ein Erlebnis voller Eindr\u00fccke","publisher":{"@id":"https:\/\/www.bravoplaya.com\/de\/#organization"},"potentialAction":[{"@type":"SearchAction","target":{"@type":"EntryPoint","urlTemplate":"https:\/\/www.bravoplaya.com\/de\/?s={search_term_string}"},"query-input":{"@type":"PropertyValueSpecification","valueRequired":true,"valueName":"search_term_string"}}],"inLanguage":"de"},{"@type":"Organization","@id":"https:\/\/www.bravoplaya.com\/de\/#organization","name":"Camping Bravoplaya","url":"https:\/\/www.bravoplaya.com\/de\/","logo":{"@type":"ImageObject","inLanguage":"de","@id":"https:\/\/www.bravoplaya.com\/de\/#\/schema\/logo\/image\/","url":"https:\/\/www.bravoplaya.com\/wp-content\/uploads\/logo-bravoplaya.png","contentUrl":"https:\/\/www.bravoplaya.com\/wp-content\/uploads\/logo-bravoplaya.png","width":225,"height":225,"caption":"Camping Bravoplaya"},"image":{"@id":"https:\/\/www.bravoplaya.com\/de\/#\/schema\/logo\/image\/"}}]}},"_links":{"self":[{"href":"https:\/\/www.bravoplaya.com\/de\/wp-json\/wp\/v2\/pages\/3587","targetHints":{"allow":["GET"]}}],"collection":[{"href":"https:\/\/www.bravoplaya.com\/de\/wp-json\/wp\/v2\/pages"}],"about":[{"href":"https:\/\/www.bravoplaya.com\/de\/wp-json\/wp\/v2\/types\/page"}],"author":[{"embeddable":true,"href":"https:\/\/www.bravoplaya.com\/de\/wp-json\/wp\/v2\/users\/2"}],"replies":[{"embeddable":true,"href":"https:\/\/www.bravoplaya.com\/de\/wp-json\/wp\/v2\/comments?post=3587"}],"version-history":[{"count":7,"href":"https:\/\/www.bravoplaya.com\/de\/wp-json\/wp\/v2\/pages\/3587\/revisions"}],"predecessor-version":[{"id":6022,"href":"https:\/\/www.bravoplaya.com\/de\/wp-json\/wp\/v2\/pages\/3587\/revisions\/6022"}],"up":[{"embeddable":true,"href":"https:\/\/www.bravoplaya.com\/de\/wp-json\/wp\/v2\/pages\/3512"}],"wp:featuredmedia":[{"embeddable":true,"href":"https:\/\/www.bravoplaya.com\/de\/wp-json\/wp\/v2\/media\/2150"}],"wp:attachment":[{"href":"https:\/\/www.bravoplaya.com\/de\/wp-json\/wp\/v2\/media?parent=3587"}],"curies":[{"name":"wp","href":"https:\/\/api.w.org\/{rel}","templated":true}]}}