{"id":3487,"date":"2025-06-04T10:35:17","date_gmt":"2025-06-04T08:35:17","guid":{"rendered":"https:\/\/bravoplaya.com\/animation\/la-historia\/"},"modified":"2026-04-27T16:26:51","modified_gmt":"2026-04-27T14:26:51","slug":"leur-histoire","status":"publish","type":"page","link":"https:\/\/www.bravoplaya.com\/fr\/animation\/leur-histoire\/","title":{"rendered":"Leur histoire"},"content":{"rendered":"\n<div class=\"wp-block-cover alignfull has-parallax header-top has-animation\" style=\"margin-top:0px;margin-bottom:0px\"><span aria-hidden=\"true\" class=\"wp-block-cover__background has-theme-blue-background-color has-background-dim-20 has-background-dim\"><\/span><div role=\"img\" class=\"wp-block-cover__image-background wp-image-2563 has-parallax\" style=\"background-position:50% 50%;background-image:url(https:\/\/www.bravoplaya.com\/wp-content\/uploads\/bravito-mansita-inicio.jpg)\"><\/div><div class=\"wp-block-cover__inner-container is-layout-constrained wp-block-cover-is-layout-constrained\">\n<h1 class=\"wp-block-heading has-text-align-center animation--init--once animation--bottom has-theme-white-color has-text-color has-link-color wp-elements-22688912252c16043f6c1571f27b43d5\">Leur histoire<\/h1>\n\n\n\n<div class=\"wp-block-group alignwide breadcrumbs animation--init--once is-layout-constrained wp-block-group-is-layout-constrained\" style=\"margin-top:0px;margin-bottom:0px\">\n<div class=\"wp-block-group alignfull los-breadcrumbs is-layout-constrained wp-block-group-is-layout-constrained\">\n<span><span><a href=\"https:\/\/www.bravoplaya.com\/fr\/\">Inicio<\/a><\/span><\/span>\n<\/div>\n<\/div>\n\n\n\n<div class=\"wp-block-group alignfull motor-thelis has-theme-brown-2-background-color has-background is-layout-constrained wp-container-core-group-is-layout-703874a8 wp-block-group-is-layout-constrained\" style=\"margin-top:0px;margin-bottom:0px;padding-top:10px;padding-right:0px;padding-bottom:12px;padding-left:0px\">\n<div class=\"wp-block-columns is-layout-flex wp-container-core-columns-is-layout-28f84493 wp-block-columns-is-layout-flex\">\n<div class=\"wp-block-column is-layout-flow wp-block-column-is-layout-flow\" style=\"flex-basis:100%\">\n<section class=\"formulaire-de-recherche-bar\">\r\n            <div id=\"expand-thelis-formulaire\">R\u00e9servez<\/div>\r\n            <div class=\"container-form\"><thr-search-engine search-text=\"Chercher\"><\/thr-search-engine><a id=\"pay-btn-2\" onclick=\"window.open('https:\/\/thelisresa.webcamp.fr\/cart-directPayment.php?camping=pcyeyp&amp;lang=fr');\"><i><\/i>Solder s\u00e9jour<\/a>\r\n            <style>\r\n            \r\n            .thr-search-engine .thr-search-engine-main > .thr-btn-search { max-width: 20% !important; }\r\n            .thr .btn i { margin-right: 0 !important; }\r\n            #pay-btn-2 { \r\n                position: absolute;\r\n                right: 0;top: 0;\r\n                margin: 10px;\r\n                border: 0;\r\n                background-color: ;\r\n                color: ;\r\n                cursor: pointer;\r\n                width: calc(17% - 5px);\r\n                padding: 17px 0;\r\n                font-size: 18px;\r\n                font-weight: bold;\r\n                text-transform: auto;\r\n                transition: all .35s;\r\n                display: flex;justify-content: center;\r\n                align-items: center;\r\n            }\r\n            #pay-btn-2 i {\r\n                display: inline-flex;\r\n                width:18px;height:18px;\r\n                margin-right: 5px;\r\n                background-image: url('data:image\/svg+xml;utf8,<?xml version=\"1.0\" encoding=\"utf-8\"?><svg width=\"1792\" height=\"1792\" viewBox=\"0 0 1792 1792\" xmlns=\"http:\/\/www.w3.org\/2000\/svg\"><path d=\"M704 1536q0 52-38 90t-90 38-90-38-38-90 38-90 90-38 90 38 38 90zm896 0q0 52-38 90t-90 38-90-38-38-90 38-90 90-38 90 38 38 90zm128-1088v512q0 24-16.5 42.5t-40.5 21.5l-1044 122q13 60 13 70 0 16-24 64h920q26 0 45 19t19 45-19 45-45 19h-1024q-26 0-45-19t-19-45q0-11 8-31.5t16-36 21.5-40 15.5-29.5l-177-823h-204q-26 0-45-19t-19-45 19-45 45-19h256q16 0 28.5 6.5t19.5 15.5 13 24.5 8 26 5.5 29.5 4.5 26h1201q26 0 45 19t19 45z\" fill=\"rgba(255,255,255,1)\" \/><\/svg>');\r\n                background-size: cover;background-position: center center;background-repeat: no-repeat;\r\n            }\r\n            #pay-btn-2:hover { background-color: ; }\r\n            .thr-search-engine { width: 83%; }\r\n\r\n            @media screen and (max-width: 1024px) {\r\n                #pay-btn-2 { top: 52px; }\r\n                .thr-search-engine .thr-search-engine-main > .thr-btn-search { max-width: inherit !important; }\r\n            }\r\n            @media screen and (max-width: 990px) {\r\n                .thr-search-engine { width: 100%; }\r\n                #pay-btn-2 { position: relative;width: calc(100% - 20px);top: auto;margin-top: 0; }\r\n            }\r\n\r\n            thr-search-engine { border-right: 200px rgba(0,0,0,0) solid;display: block; }\r\n            @media screen and (max-width: 1024px) {\r\n                thr-search-engine { border-right: inherit;display: inherit; }\r\n            }\r\n            <\/style>\r\n            <\/div><\/section><!-- .formulaire-de-recherche-bar --><style>\r\n        #expand-thelis-formulaire { display: none; }\r\n        @media screen and (max-width: 1024px) {\r\n            #expand-thelis-formulaire { display: block; }\r\n            .formulaire-de-recherche-bar .container-form { display: none; }\r\n        }\r\n    <\/style><script>\r\n    jQuery(document).ready(function($){\r\n        jQuery('#expand-thelis-formulaire').click(function(){\r\n            if(\r\n                jQuery('.formulaire-de-recherche-bar .container-form').css('display') == 'none'\r\n            ){\r\n                jQuery('.formulaire-de-recherche-bar .container-form').css('display', 'block');\r\n                jQuery('#expand-thelis-formulaire').addClass('expanded');\r\n            }else{\r\n                jQuery('.formulaire-de-recherche-bar .container-form').css('display', 'none');\r\n                jQuery('#expand-thelis-formulaire').removeClass('expanded');\r\n            }\r\n        });\r\n    });\r\n    <\/script>\n<\/div>\n<\/div>\n<\/div>\n<\/div><\/div>\n\n\n\n<div class=\"wp-block-group alignfull bloque-intro oh is-layout-constrained wp-block-group-is-layout-constrained\">\n<div class=\"wp-block-columns are-vertically-aligned-center has-animation is-layout-flex wp-container-core-columns-is-layout-28f84493 wp-block-columns-is-layout-flex\">\n<div class=\"wp-block-column is-vertically-aligned-center is-layout-flow wp-block-column-is-layout-flow\">\n<h2 class=\"wp-block-heading has-text-align-center animation--init--once animation--bottom\"><sup>Bravito et mansita<\/sup>Leur histoire<\/h2>\n\n\n\n<p>Il \u00e9tait une fois, une petite place de taureaux, toute petite mais tr\u00e8s jolie, o\u00f9 l\u2019on r\u00e9alisait des spectacles de vachettes pour tout type de public. Cette petite place se trouvait au camping \u00ab&nbsp;Torre la Sal 2&nbsp;\u00bb juste \u00e0 c\u00f4t\u00e9 d\u2019une belle petite plage sauvage.<\/p>\n\n\n\n<p>Le samedi de la Semaine Sainte de l\u2019an 2012, Bravito, un petit taureau bien sympathique et affectueux participa \u00e0 ce spectacle. La place fut remplie de gens, et pour que l\u2019\u00e9v\u00e9nement soit plus amusant, une poule un peu givr\u00e9e, nomm\u00e9e Artemia, participa \u00e9galement au spectacle comme torera, ha haha\u2026.<br>Bravito s\u2019\u00e9prit du son des rires sinc\u00e8res des enfants, et il resta tellement \u00e9tourdi qu\u2019il ne remarqua m\u00eame pas la poule Artemia qui autour de lui essayait de tor\u00e9er de toutes les mani\u00e8res possibles. Chaque fois les rires des enfants se faisaient plus intenses et Bravito \u00e9tait de plus en plus abruti, immobile au milieu de la place.<\/p>\n\n\n\n<p>Tomaset, le propri\u00e9taire du ranch tr\u00e8s f\u00e2ch\u00e9, le tra\u00eena de force aux torils o\u00f9 les autres vachettes et petits taureaux attendaient leur tour. Et l\u00e0 bas il lui demanda ce qui lui arrivait, mais Bravito continuait de sourire immobile et sans pouvoir mugir.<\/p>\n\n\n\n<p>Le spectacle continua et pour finir Artemia put tor\u00e9er et tous les spectateurs y compris les enfants pass\u00e8rent un moment g\u00e9nial. La derni\u00e8re vachette et turuturuuuuu le spectacle fut termin\u00e9.<\/p>\n\n\n\n<p>Pendant ce temps l\u00e0, Bravito continuait \u00e9tourdi, \u00e9coutant les murmures et les rires des enfants. Tout d\u2019un coup le silence se fit, et on entendit le bruit du moteur du camion qui l\u2019avait amen\u00e9 lui et les autres \u00e0 cette petite place, \u00e0 cet endroit tellement magnifique\u2026 Ils s\u2019en allaient d\u00e9j\u00e0\u2026 Bravito fut envahi par un sentiment de panique et de tristesse. Il NE voulait pas partir ! Il commen\u00e7a \u00e0 pleurer, inconsolable\u2026<br>Tomaset ne comprenait pas son comportement, il pensait qu\u2019il avait attrap\u00e9 une grippe tr\u00e8s bizarre.<\/p>\n\n\n\n<p>Il n\u2019y avait plus que Bravito qui devait encore monter dans le camion, alors,,, il arr\u00eata de pleurer\u2026 Il s\u2019arma de courage et de toutes se forces il enfon\u00e7a ses sabots dans le sol sablonneux de la place, il voulait rester avec les enfants du camping de Torre la Sal 2 ! et c\u2019est ce qu\u2019il dit aTomaset quand celui-ci abasourdi lui demanda ce qui lui arrivait.<\/p>\n\n\n\n<p>Tomaset lui dit que cela \u00e9tait impossible, qu\u2019ils devaient retourner \u00e0 l\u2019\u00e9levage, mais Bravito ne bougeait pas, c\u2019\u00e9tait impossible.<\/p>\n\n\n\n<p>Lorsque Tomaset vit qu\u2019il prenait du retard pour sortir du camping, il raconta \u00e0 Fernando, le propri\u00e9taire du camping et de la petite place, tout ce qui \u00e9tait arriv\u00e9. Cette histoire attrista et attendri beaucoup Fernando et il proposa \u00e0 Tomaset que Bravito reste vivre au camping.<\/p>\n\n\n\n<p>Bravito passa la meilleure ann\u00e9e de sa vie, on ne pouvait pas \u00eatre plus heureux, les enfants l\u2019adoraient, ils se r\u00e9unissaient chaque jour pendant l\u2019\u00e9t\u00e9. Le matin il les cherchait \u00e0 la piscine et \u00e0 la plage, l\u2019apr\u00e8s midi, au terrain de jeu, au matelas gonflables et aussi au terrain des sports et parfois la nuit, pas toutes car il \u00e9tait parfois tr\u00e8s fatigu\u00e9, \u00e0 la discoth\u00e8que du camping. Par contre, il ne ratait jamais les f\u00eates organis\u00e9es pour les enfants par les monitrices, et bien s\u00fbr il saluait non seulement les enfants mais \u00e9galement Tomaset et les autres vachettes et petits taureaux chaque fois qu\u2019il y avait des spectacles sur la petite place des taureaux.<\/p>\n\n\n\n<p>Quand Bravito allait f\u00eater sa premi\u00e8re ann\u00e9e de vie au camping, pendant la semaine Sainte, Tomaset emmena Mansita, une vachette toute douce, tr\u00e8s coquette et souriante, au spectacle de vachette. Au moment o\u00f9 Bravito et Mansita se virent, ils se plurent imm\u00e9diatement. Bravito tomba amoureux de son sourire et de ses yeux joyeux et Mansita fut subjugu\u00e9e de voir combien les enfants aimaient Bravito.<\/p>\n\n\n\n<p>Pendant le spectacle, Bravito resta avec Mansita dans les torils. Ils bavard\u00e8rent mais surtout rirent, ce fut fabuleux, ils s\u2019entendaient parfaitement.<br>Le spectacle fut termin\u00e9 et Mansita disparut. Bravito fut un peu triste bien que quand il voyait un enfant il oubliait. Mais quand il retournait au corral pour se reposer, manger\u2026. alors il pensait \u00e0 Mansita. Oohhhhh quels cils magnifiques! Il s\u2019\u00e9gayait en pensant qu\u2019en juillet il la reverrait.<\/p>\n\n\n\n<p>Une apr\u00e8s midi du d\u00e9but du mois de juin, quand il n\u2019y avait pas d\u2019enfants au camping car ils \u00e9taient tous \u00e0 l\u2019\u00e9cole, Fernando vit Bravito \u00e0 la plage. Il \u00e9tait assis face \u00e0 la mer, le regard perdu. Il s\u2019assit \u00e0 ses c\u00f4t\u00e9s et quand Bravito remua, Fernando lui demanda comment il allait. Bravito confessa ses sentiments et Fernando s\u2019attendrit \u00e0 nouveau. De plus il \u00e9tait tellement reconnaissant \u00e0 Bravito qui rendait les enfants du camping si heureux.<\/p>\n\n\n\n<p>Cette apr\u00e8s-midi l\u00e0 Fernando appela Tomaset, et lui raconta ce qui s\u2019\u00e9tait pass\u00e9. Tomaset compris alors pourquoi Mansita avait tellement chang\u00e9 depuis cette apr\u00e8s midi l\u00e0.<\/p>\n\n\n\n<p>Fernando demanda \u00e0 Tomaset s\u2019il pouvait emmener Mansita \u00e0 Bravito, un petit taureau qui m\u00e9ritait d\u2019\u00eatre heureux de par son amour inconditionnel aux enfants.<br>Et il en fut ainsi. Le 29 juin de l\u2019ann\u00e9e 2013, Bravitopresenta sa compagne \u00e0 tous les enfants.<\/p>\n\n\n\n<p>Et jusqu\u2019\u00e0 aujourd\u2019hui, ils sont le petit taureau et la vachette les plus heureux du monde.<\/p>\n\n\n\n<p>Et abracadabra, ce conte n\u2019est toujours pas termin\u00e9!<\/p>\n<\/div>\n<\/div>\n<\/div>\n","protected":false},"excerpt":{"rendered":"<p>Il \u00e9tait une fois une petite place d&#8217;ar\u00e8nes, mais tr\u00e8s jolie, o\u00f9 se d\u00e9roulaient des spectacles de vachettes&#8230;<\/p>\n","protected":false},"author":2,"featured_media":2563,"parent":3451,"menu_order":1,"comment_status":"closed","ping_status":"closed","template":"","meta":{"_acf_changed":false,"inline_featured_image":false,"footnotes":""},"class_list":["post-3487","page","type-page","status-publish","has-post-thumbnail","hentry"],"acf":[],"yoast_head":"<!-- This site is optimized with the Yoast SEO plugin v26.6 - https:\/\/yoast.com\/wordpress\/plugins\/seo\/ -->\n<title>Leur histoire - Camping Bravoplaya<\/title>\n<meta name=\"description\" content=\"Il \u00e9tait une fois une petite place d&#039;ar\u00e8nes, mais tr\u00e8s jolie, o\u00f9 se d\u00e9roulaient des spectacles de vachettes...\" \/>\n<meta name=\"robots\" content=\"index, follow, max-snippet:-1, max-image-preview:large, max-video-preview:-1\" \/>\n<link rel=\"canonical\" href=\"https:\/\/www.bravoplaya.com\/fr\/animation\/leur-histoire\/\" \/>\n<meta property=\"og:locale\" content=\"fr_FR\" \/>\n<meta property=\"og:type\" content=\"article\" \/>\n<meta property=\"og:title\" content=\"Leur histoire - Camping Bravoplaya\" \/>\n<meta property=\"og:description\" content=\"Il \u00e9tait une fois une petite place d&#039;ar\u00e8nes, mais tr\u00e8s jolie, o\u00f9 se d\u00e9roulaient des spectacles de vachettes...\" \/>\n<meta property=\"og:url\" content=\"https:\/\/www.bravoplaya.com\/fr\/animation\/leur-histoire\/\" \/>\n<meta property=\"og:site_name\" content=\"Camping Bravoplaya\" \/>\n<meta property=\"article:modified_time\" content=\"2026-04-27T14:26:51+00:00\" \/>\n<meta property=\"og:image\" content=\"https:\/\/www.bravoplaya.com\/wp-content\/uploads\/bravito-mansita-inicio.jpg\" \/>\n\t<meta property=\"og:image:width\" content=\"1200\" \/>\n\t<meta property=\"og:image:height\" content=\"1074\" \/>\n\t<meta property=\"og:image:type\" content=\"image\/jpeg\" \/>\n<meta name=\"twitter:card\" content=\"summary_large_image\" \/>\n<meta name=\"twitter:label1\" content=\"Dur\u00e9e de lecture estim\u00e9e\" \/>\n\t<meta name=\"twitter:data1\" content=\"5 minutes\" \/>\n<!-- \/ Yoast SEO plugin. -->","yoast_head_json":{"title":"Leur histoire - Camping Bravoplaya","description":"Il \u00e9tait une fois une petite place d'ar\u00e8nes, mais tr\u00e8s jolie, o\u00f9 se d\u00e9roulaient des spectacles de vachettes...","robots":{"index":"index","follow":"follow","max-snippet":"max-snippet:-1","max-image-preview":"max-image-preview:large","max-video-preview":"max-video-preview:-1"},"canonical":"https:\/\/www.bravoplaya.com\/fr\/animation\/leur-histoire\/","og_locale":"fr_FR","og_type":"article","og_title":"Leur histoire - Camping Bravoplaya","og_description":"Il \u00e9tait une fois une petite place d'ar\u00e8nes, mais tr\u00e8s jolie, o\u00f9 se d\u00e9roulaient des spectacles de vachettes...","og_url":"https:\/\/www.bravoplaya.com\/fr\/animation\/leur-histoire\/","og_site_name":"Camping Bravoplaya","article_modified_time":"2026-04-27T14:26:51+00:00","og_image":[{"width":1200,"height":1074,"url":"https:\/\/www.bravoplaya.com\/wp-content\/uploads\/bravito-mansita-inicio.jpg","type":"image\/jpeg"}],"twitter_card":"summary_large_image","twitter_misc":{"Dur\u00e9e de lecture estim\u00e9e":"5 minutes"},"schema":{"@context":"https:\/\/schema.org","@graph":[{"@type":"WebPage","@id":"https:\/\/www.bravoplaya.com\/fr\/animation\/leur-histoire\/","url":"https:\/\/www.bravoplaya.com\/fr\/animation\/leur-histoire\/","name":"Leur histoire - Camping Bravoplaya","isPartOf":{"@id":"https:\/\/www.bravoplaya.com\/fr\/#website"},"primaryImageOfPage":{"@id":"https:\/\/www.bravoplaya.com\/fr\/animation\/leur-histoire\/#primaryimage"},"image":{"@id":"https:\/\/www.bravoplaya.com\/fr\/animation\/leur-histoire\/#primaryimage"},"thumbnailUrl":"https:\/\/www.bravoplaya.com\/wp-content\/uploads\/bravito-mansita-inicio.jpg","datePublished":"2025-06-04T08:35:17+00:00","dateModified":"2026-04-27T14:26:51+00:00","description":"Il \u00e9tait une fois une petite place d'ar\u00e8nes, mais tr\u00e8s jolie, o\u00f9 se d\u00e9roulaient des spectacles de vachettes...","breadcrumb":{"@id":"https:\/\/www.bravoplaya.com\/fr\/animation\/leur-histoire\/#breadcrumb"},"inLanguage":"fr-FR","potentialAction":[{"@type":"ReadAction","target":["https:\/\/www.bravoplaya.com\/fr\/animation\/leur-histoire\/"]}]},{"@type":"ImageObject","inLanguage":"fr-FR","@id":"https:\/\/www.bravoplaya.com\/fr\/animation\/leur-histoire\/#primaryimage","url":"https:\/\/www.bravoplaya.com\/wp-content\/uploads\/bravito-mansita-inicio.jpg","contentUrl":"https:\/\/www.bravoplaya.com\/wp-content\/uploads\/bravito-mansita-inicio.jpg","width":1200,"height":1074},{"@type":"BreadcrumbList","@id":"https:\/\/www.bravoplaya.com\/fr\/animation\/leur-histoire\/#breadcrumb","itemListElement":[{"@type":"ListItem","position":1,"name":"Inicio","item":"https:\/\/www.bravoplaya.com\/fr\/"},{"@type":"ListItem","position":2,"name":"Animation","item":"https:\/\/www.bravoplaya.com\/fr\/animation\/"},{"@type":"ListItem","position":3,"name":"Leur histoire"}]},{"@type":"WebSite","@id":"https:\/\/www.bravoplaya.com\/fr\/#website","url":"https:\/\/www.bravoplaya.com\/fr\/","name":"Camping Bravoplaya","description":"une mer de sensations","publisher":{"@id":"https:\/\/www.bravoplaya.com\/fr\/#organization"},"potentialAction":[{"@type":"SearchAction","target":{"@type":"EntryPoint","urlTemplate":"https:\/\/www.bravoplaya.com\/fr\/?s={search_term_string}"},"query-input":{"@type":"PropertyValueSpecification","valueRequired":true,"valueName":"search_term_string"}}],"inLanguage":"fr-FR"},{"@type":"Organization","@id":"https:\/\/www.bravoplaya.com\/fr\/#organization","name":"Camping Bravoplaya","url":"https:\/\/www.bravoplaya.com\/fr\/","logo":{"@type":"ImageObject","inLanguage":"fr-FR","@id":"https:\/\/www.bravoplaya.com\/fr\/#\/schema\/logo\/image\/","url":"https:\/\/www.bravoplaya.com\/wp-content\/uploads\/logo-bravoplaya.png","contentUrl":"https:\/\/www.bravoplaya.com\/wp-content\/uploads\/logo-bravoplaya.png","width":225,"height":225,"caption":"Camping Bravoplaya"},"image":{"@id":"https:\/\/www.bravoplaya.com\/fr\/#\/schema\/logo\/image\/"}}]}},"_links":{"self":[{"href":"https:\/\/www.bravoplaya.com\/fr\/wp-json\/wp\/v2\/pages\/3487","targetHints":{"allow":["GET"]}}],"collection":[{"href":"https:\/\/www.bravoplaya.com\/fr\/wp-json\/wp\/v2\/pages"}],"about":[{"href":"https:\/\/www.bravoplaya.com\/fr\/wp-json\/wp\/v2\/types\/page"}],"author":[{"embeddable":true,"href":"https:\/\/www.bravoplaya.com\/fr\/wp-json\/wp\/v2\/users\/2"}],"replies":[{"embeddable":true,"href":"https:\/\/www.bravoplaya.com\/fr\/wp-json\/wp\/v2\/comments?post=3487"}],"version-history":[{"count":1,"href":"https:\/\/www.bravoplaya.com\/fr\/wp-json\/wp\/v2\/pages\/3487\/revisions"}],"predecessor-version":[{"id":3498,"href":"https:\/\/www.bravoplaya.com\/fr\/wp-json\/wp\/v2\/pages\/3487\/revisions\/3498"}],"up":[{"embeddable":true,"href":"https:\/\/www.bravoplaya.com\/fr\/wp-json\/wp\/v2\/pages\/3451"}],"wp:featuredmedia":[{"embeddable":true,"href":"https:\/\/www.bravoplaya.com\/fr\/wp-json\/wp\/v2\/media\/2563"}],"wp:attachment":[{"href":"https:\/\/www.bravoplaya.com\/fr\/wp-json\/wp\/v2\/media?parent=3487"}],"curies":[{"name":"wp","href":"https:\/\/api.w.org\/{rel}","templated":true}]}}