{"id":3511,"date":"2025-06-04T11:11:13","date_gmt":"2025-06-04T09:11:13","guid":{"rendered":"https:\/\/bravoplaya.com\/entorno\/"},"modified":"2026-04-21T12:03:46","modified_gmt":"2026-04-21T10:03:46","slug":"environnement","status":"publish","type":"page","link":"https:\/\/www.bravoplaya.com\/fr\/environnement\/","title":{"rendered":"Environnement"},"content":{"rendered":"\n<div class=\"wp-block-group alignfull header-video has-animation is-layout-constrained wp-block-group-is-layout-constrained\"><div class=\"wp-block-video-header alignfull\">\n\n    \n                <div id=\"overlay-360\" onclick=\"style.pointerEvents='none'\"><\/div>\n\n        <iframe src=\"https:\/\/player.vimeo.com\/video\/385200437?autoplay=1&#038;loop=1&#038;autopause=0&#038;muted=1\" frameborder=\"0\" allow=\"autoplay; fullscreen\" allowfullscreen><\/iframe>\n\n            \n    \n<\/div>\n\n\n\n\n<div class=\"wp-block-group alignfull header-video-content is-layout-constrained wp-block-group-is-layout-constrained\">\n<h1 class=\"wp-block-heading has-text-align-center animation--init--once animation--bottom\">Notre environnement<\/h1>\n\n\n\n<div class=\"wp-block-group alignwide breadcrumbs animation--init--once is-layout-constrained wp-block-group-is-layout-constrained\" style=\"margin-top:0px;margin-bottom:0px\">\n<div class=\"wp-block-group alignfull los-breadcrumbs is-layout-constrained wp-block-group-is-layout-constrained\">\n<span><span><a href=\"https:\/\/www.bravoplaya.com\/fr\/\">Inicio<\/a><\/span><\/span>\n<\/div>\n<\/div>\n\n\n\n<div class=\"wp-block-group alignfull motor-thelis has-theme-brown-2-background-color has-background is-layout-constrained wp-container-core-group-is-layout-703874a8 wp-block-group-is-layout-constrained\" style=\"margin-top:0px;margin-bottom:0px;padding-top:10px;padding-right:0px;padding-bottom:12px;padding-left:0px\">\n<div class=\"wp-block-columns is-layout-flex wp-container-core-columns-is-layout-28f84493 wp-block-columns-is-layout-flex\">\n<div class=\"wp-block-column is-layout-flow wp-block-column-is-layout-flow\" style=\"flex-basis:100%\">\n<section class=\"formulaire-de-recherche-bar\">\r\n            <div id=\"expand-thelis-formulaire\">R\u00e9servez<\/div>\r\n            <div class=\"container-form\"><thr-search-engine search-text=\"Chercher\"><\/thr-search-engine><a id=\"pay-btn-2\" onclick=\"window.open('https:\/\/thelisresa.webcamp.fr\/cart-directPayment.php?camping=pcyeyp&amp;lang=fr');\"><i><\/i>Solder s\u00e9jour<\/a>\r\n            <style>\r\n            \r\n            .thr-search-engine .thr-search-engine-main > .thr-btn-search { max-width: 20% !important; }\r\n            .thr .btn i { margin-right: 0 !important; }\r\n            #pay-btn-2 { \r\n                position: absolute;\r\n                right: 0;top: 0;\r\n                margin: 10px;\r\n                border: 0;\r\n                background-color: ;\r\n                color: ;\r\n                cursor: pointer;\r\n                width: calc(17% - 5px);\r\n                padding: 17px 0;\r\n                font-size: 18px;\r\n                font-weight: bold;\r\n                text-transform: auto;\r\n                transition: all .35s;\r\n                display: flex;justify-content: center;\r\n                align-items: center;\r\n            }\r\n            #pay-btn-2 i {\r\n                display: inline-flex;\r\n                width:18px;height:18px;\r\n                margin-right: 5px;\r\n                background-image: url('data:image\/svg+xml;utf8,<?xml version=\"1.0\" encoding=\"utf-8\"?><svg width=\"1792\" height=\"1792\" viewBox=\"0 0 1792 1792\" xmlns=\"http:\/\/www.w3.org\/2000\/svg\"><path d=\"M704 1536q0 52-38 90t-90 38-90-38-38-90 38-90 90-38 90 38 38 90zm896 0q0 52-38 90t-90 38-90-38-38-90 38-90 90-38 90 38 38 90zm128-1088v512q0 24-16.5 42.5t-40.5 21.5l-1044 122q13 60 13 70 0 16-24 64h920q26 0 45 19t19 45-19 45-45 19h-1024q-26 0-45-19t-19-45q0-11 8-31.5t16-36 21.5-40 15.5-29.5l-177-823h-204q-26 0-45-19t-19-45 19-45 45-19h256q16 0 28.5 6.5t19.5 15.5 13 24.5 8 26 5.5 29.5 4.5 26h1201q26 0 45 19t19 45z\" fill=\"rgba(255,255,255,1)\" \/><\/svg>');\r\n                background-size: cover;background-position: center center;background-repeat: no-repeat;\r\n            }\r\n            #pay-btn-2:hover { background-color: ; }\r\n            .thr-search-engine { width: 83%; }\r\n\r\n            @media screen and (max-width: 1024px) {\r\n                #pay-btn-2 { top: 52px; }\r\n                .thr-search-engine .thr-search-engine-main > .thr-btn-search { max-width: inherit !important; }\r\n            }\r\n            @media screen and (max-width: 990px) {\r\n                .thr-search-engine { width: 100%; }\r\n                #pay-btn-2 { position: relative;width: calc(100% - 20px);top: auto;margin-top: 0; }\r\n            }\r\n\r\n            thr-search-engine { border-right: 200px rgba(0,0,0,0) solid;display: block; }\r\n            @media screen and (max-width: 1024px) {\r\n                thr-search-engine { border-right: inherit;display: inherit; }\r\n            }\r\n            <\/style>\r\n            <\/div><\/section><!-- .formulaire-de-recherche-bar --><style>\r\n        #expand-thelis-formulaire { display: none; }\r\n        @media screen and (max-width: 1024px) {\r\n            #expand-thelis-formulaire { display: block; }\r\n            .formulaire-de-recherche-bar .container-form { display: none; }\r\n        }\r\n    <\/style><script>\r\n    jQuery(document).ready(function($){\r\n        jQuery('#expand-thelis-formulaire').click(function(){\r\n            if(\r\n                jQuery('.formulaire-de-recherche-bar .container-form').css('display') == 'none'\r\n            ){\r\n                jQuery('.formulaire-de-recherche-bar .container-form').css('display', 'block');\r\n                jQuery('#expand-thelis-formulaire').addClass('expanded');\r\n            }else{\r\n                jQuery('.formulaire-de-recherche-bar .container-form').css('display', 'none');\r\n                jQuery('#expand-thelis-formulaire').removeClass('expanded');\r\n            }\r\n        });\r\n    });\r\n    <\/script>\n<\/div>\n<\/div>\n<\/div>\n<\/div>\n<\/div>\n\n\n\n<div class=\"wp-block-group alignfull bloque-intro bloque-texto-imagen oh is-layout-constrained wp-block-group-is-layout-constrained\">\n<div class=\"wp-block-columns are-vertically-aligned-center has-animation is-layout-flex wp-container-core-columns-is-layout-28f84493 wp-block-columns-is-layout-flex\">\n<div class=\"wp-block-column is-vertically-aligned-center el-texto animation--init--once animation--left is-layout-flow wp-block-column-is-layout-flow\">\n<h2 class=\"wp-block-heading\"><sup>D\u00e9couvrez notre environnement<\/sup>Bravoplaya,<br><mark class=\"has-inline-color has-theme-blue-2-color\">une mer de sensations<\/mark><\/h2>\n\n\n\n<div class=\"wp-block-group is-layout-constrained wp-block-group-is-layout-constrained\">\n<p>Le camping Bravoplaya est situ\u00e9 dans un environnement privil\u00e9gi\u00e9, entre mer et montagne et pratiquement entour\u00e9 de parcs naturels. <\/p>\n\n\n\n<p>Situ\u00e9 sur la premi\u00e8re ligne d\u2019une plage tranquille d\u2019eaux propres et claires et de faible profondeur, \u00e0 3 km au sud, nous trouvons la touriste Oropesa del Mar et \u00e0 10 km de Benicass\u00edm, vers le nord, nous tombons sur Torre la Sal, un village de p\u00eacheurs, et avec le Prat Cabanes, un parc naturel prot\u00e9g\u00e9, \u00e0 l\u2019est la mer M\u00e9diterran\u00e9e avec les \u00eeles Columbretes, et \u00e0 l\u2019ouest, les montagnes, mettant en valeur le d\u00e9sert des palmiers.<a href=\"https:\/\/www.bravoplaya.com\/fr\/wp-content\/uploads\/pdf\/WEB_guia_turistica_bravoplaya_2020.pdf\" target=\"_blank\" rel=\"noreferrer noopener\"><\/a><\/p>\n\n\n\n<div class=\"wp-block-buttons is-layout-flex wp-block-buttons-is-layout-flex\">\n<div class=\"wp-block-button\"><a class=\"wp-block-button__link wp-element-button\" href=\"https:\/\/www.bravoplaya.com\/wp-content\/uploads\/web-guia-turistica-bravoplaya-2020.pdf\" target=\"_blank\" rel=\"noreferrer noopener\">Guide touristique Bravoplaya<\/a><\/div>\n<\/div>\n<\/div>\n<\/div>\n\n\n\n<div class=\"wp-block-column is-vertically-aligned-center las-imagen r animation--init--once animation--right is-layout-flow wp-block-column-is-layout-flow\">\n<div class=\"wp-block-cover is-light is-rounded\"><span aria-hidden=\"true\" class=\"wp-block-cover__background has-background-dim-0 has-background-dim\"><\/span><img loading=\"lazy\" decoding=\"async\" width=\"700\" height=\"450\" class=\"wp-block-cover__image-background wp-image-2140\" alt=\"\" src=\"https:\/\/www.bravoplaya.com\/wp-content\/uploads\/entorno-01.jpg\" data-object-fit=\"cover\" srcset=\"https:\/\/www.bravoplaya.com\/wp-content\/uploads\/\/entorno-01.jpg 700w, https:\/\/www.bravoplaya.com\/wp-content\/uploads\/\/entorno-01-512x329.jpg 512w, https:\/\/www.bravoplaya.com\/wp-content\/uploads\/\/entorno-01-256x165.jpg 256w\" sizes=\"auto, (max-width: 700px) 100vw, 700px\" \/><div class=\"wp-block-cover__inner-container is-layout-constrained wp-block-cover-is-layout-constrained\">\n<p class=\"has-text-align-center has-large-font-size\"><\/p>\n<\/div><\/div>\n<\/div>\n<\/div>\n<\/div>\n\n\n\n<div class=\"wp-block-group alignfull bloque-texto-imagen programacion entorno oh is-layout-constrained wp-block-group-is-layout-constrained\">\n<div class=\"wp-block-columns alignfull is-layout-flex wp-container-core-columns-is-layout-28f84493 wp-block-columns-is-layout-flex\">\n<div class=\"wp-block-column el-texto animation--init--once animation--left is-layout-flow wp-block-column-is-layout-flow\">\n<h4 class=\"wp-block-heading has-text-align-left\">Les Plages<\/h4>\n\n\n\n<p>1KM au sud du camping, les plages et les criques d\u2019Oropesa, la PLAYADE LES AMPLARIES et les pr\u00e9f\u00e9r\u00e9es PLAYA DE MORRO DE GOS et PLAYA DE LA CONCHA.<\/p>\n\n\n\n<div class=\"wp-block-buttons is-layout-flex wp-block-buttons-is-layout-flex\">\n<div class=\"wp-block-button\"><a class=\"wp-block-button__link wp-element-button\" href=\"https:\/\/www.bravoplaya.com\/fr\/environnement\/les-plages\/\">En savoir plus<\/a><\/div>\n<\/div>\n<\/div>\n\n\n\n<div class=\"wp-block-column las-imagenes r animation--init--once animation--right is-layout-flow wp-block-column-is-layout-flow\">\n<figure class=\"wp-block-image size-full is-rounded\"><img loading=\"lazy\" decoding=\"async\" width=\"850\" height=\"500\" src=\"https:\/\/www.bravoplaya.com\/wp-content\/uploads\/entorno-playas-feat.jpg\" alt=\"\" class=\"wp-image-2144\" srcset=\"https:\/\/www.bravoplaya.com\/wp-content\/uploads\/\/entorno-playas-feat.jpg 850w, https:\/\/www.bravoplaya.com\/wp-content\/uploads\/\/entorno-playas-feat-768x452.jpg 768w, https:\/\/www.bravoplaya.com\/wp-content\/uploads\/\/entorno-playas-feat-512x301.jpg 512w, https:\/\/www.bravoplaya.com\/wp-content\/uploads\/\/entorno-playas-feat-256x151.jpg 256w\" sizes=\"auto, (max-width: 850px) 100vw, 850px\" \/><\/figure>\n<\/div>\n<\/div>\n\n\n\n<div class=\"wp-block-columns alignfull is-layout-flex wp-container-core-columns-is-layout-28f84493 wp-block-columns-is-layout-flex\">\n<div class=\"wp-block-column las-imagenes r animation--init--once animation--left is-layout-flow wp-block-column-is-layout-flow\">\n<figure class=\"wp-block-image size-full is-rounded\"><img loading=\"lazy\" decoding=\"async\" width=\"850\" height=\"500\" src=\"https:\/\/www.bravoplaya.com\/wp-content\/uploads\/entorno-int-cultural-feat.jpg\" alt=\"\" class=\"wp-image-2141\" srcset=\"https:\/\/www.bravoplaya.com\/wp-content\/uploads\/\/entorno-int-cultural-feat.jpg 850w, https:\/\/www.bravoplaya.com\/wp-content\/uploads\/\/entorno-int-cultural-feat-768x452.jpg 768w, https:\/\/www.bravoplaya.com\/wp-content\/uploads\/\/entorno-int-cultural-feat-512x301.jpg 512w, https:\/\/www.bravoplaya.com\/wp-content\/uploads\/\/entorno-int-cultural-feat-256x151.jpg 256w\" sizes=\"auto, (max-width: 850px) 100vw, 850px\" \/><\/figure>\n<\/div>\n\n\n\n<div class=\"wp-block-column el-texto animation--init--once animation--right is-layout-flow wp-block-column-is-layout-flow\">\n<h4 class=\"wp-block-heading has-text-align-left\">Sites de Int\u00e9r\u00eat culturel<\/h4>\n\n\n\n<p>A 10 km vers l\u2019int\u00e9rieur de cabanes ; Tr\u00e8s important son arc romain, arc de triomphe du IIe si\u00e8cle apr\u00e8s JC. C.<\/p>\n\n\n\n<p>Son centre historique a le charme d\u2019une commune d\u2019un peu plus de 3000 habitants avec des fours et des maisons qui pr\u00e9servent des \u00e9l\u00e9ments anciens du pass\u00e9 m\u00e9di\u00e9val.<\/p>\n\n\n\n<div class=\"wp-block-buttons is-layout-flex wp-block-buttons-is-layout-flex\">\n<div class=\"wp-block-button\"><a class=\"wp-block-button__link wp-element-button\" href=\"https:\/\/www.bravoplaya.com\/fr\/environnement\/sites-dinteret-culturel\/\">En savoir plus<\/a><\/div>\n<\/div>\n<\/div>\n<\/div>\n\n\n\n<div class=\"wp-block-columns alignfull is-layout-flex wp-container-core-columns-is-layout-28f84493 wp-block-columns-is-layout-flex\">\n<div class=\"wp-block-column el-texto animation--init--once animation--left is-layout-flow wp-block-column-is-layout-flow\">\n<h4 class=\"wp-block-heading has-text-align-left\">Parcs naturels<\/h4>\n\n\n\n<p>La municipalit\u00e9 de Cabanes est l\u2019un des environnements naturels les plus puissants de la communaut\u00e9 valencienne.<\/p>\n\n\n\n<p>Nich\u00e9 entre les parcs naturels de Prat Cabanes-Torreblanca et le d\u00e9sert des Palmes, le visiteur trouve de nombreux espaces uniques pour la randonn\u00e9e \u00e0 pied ou \u00e0 v\u00e9lo et la r\u00e9serve naturelle des \u00eeles Columbretes, un \u00e9cosyst\u00e8me unique et particuli\u00e8rement fragile.<\/p>\n\n\n\n<div class=\"wp-block-buttons is-layout-flex wp-block-buttons-is-layout-flex\">\n<div class=\"wp-block-button\"><a class=\"wp-block-button__link wp-element-button\" href=\"https:\/\/www.bravoplaya.com\/fr\/environnement\/parcs-naturels\/\">En savoir plus<\/a><\/div>\n<\/div>\n<\/div>\n\n\n\n<div class=\"wp-block-column las-imagenes r animation--init--once animation--right is-layout-flow wp-block-column-is-layout-flow\">\n<figure class=\"wp-block-image size-full is-rounded\"><img loading=\"lazy\" decoding=\"async\" width=\"850\" height=\"500\" src=\"https:\/\/www.bravoplaya.com\/wp-content\/uploads\/entorno-parques-feat.jpg\" alt=\"\" class=\"wp-image-2143\" srcset=\"https:\/\/www.bravoplaya.com\/wp-content\/uploads\/\/entorno-parques-feat.jpg 850w, https:\/\/www.bravoplaya.com\/wp-content\/uploads\/\/entorno-parques-feat-768x452.jpg 768w, https:\/\/www.bravoplaya.com\/wp-content\/uploads\/\/entorno-parques-feat-512x301.jpg 512w, https:\/\/www.bravoplaya.com\/wp-content\/uploads\/\/entorno-parques-feat-256x151.jpg 256w\" sizes=\"auto, (max-width: 850px) 100vw, 850px\" \/><\/figure>\n<\/div>\n<\/div>\n\n\n\n<div class=\"wp-block-columns alignfull is-layout-flex wp-container-core-columns-is-layout-28f84493 wp-block-columns-is-layout-flex\">\n<div class=\"wp-block-column las-imagenes r animation--init--once animation--left is-layout-flow wp-block-column-is-layout-flow\">\n<figure class=\"wp-block-image size-full is-rounded\"><img loading=\"lazy\" decoding=\"async\" width=\"850\" height=\"500\" src=\"https:\/\/www.bravoplaya.com\/wp-content\/uploads\/entorno-int-ludico-feat.jpg\" alt=\"\" class=\"wp-image-2142\" srcset=\"https:\/\/www.bravoplaya.com\/wp-content\/uploads\/\/entorno-int-ludico-feat.jpg 850w, https:\/\/www.bravoplaya.com\/wp-content\/uploads\/\/entorno-int-ludico-feat-768x452.jpg 768w, https:\/\/www.bravoplaya.com\/wp-content\/uploads\/\/entorno-int-ludico-feat-512x301.jpg 512w, https:\/\/www.bravoplaya.com\/wp-content\/uploads\/\/entorno-int-ludico-feat-256x151.jpg 256w\" sizes=\"auto, (max-width: 850px) 100vw, 850px\" \/><\/figure>\n<\/div>\n\n\n\n<div class=\"wp-block-column el-texto animation--init--once animation--right is-layout-flow wp-block-column-is-layout-flow\">\n<h4 class=\"wp-block-heading has-text-align-left\">Sites de Int\u00e9r\u00eat ludique<\/h4>\n\n\n\n<p>\u00c0 13 km au sud apr\u00e8s Oropesa del Mar, accessible depuis la route principale \u00e0 Benic\u00e0ssim, nous trouvons des lieux de loisirs particuli\u00e8rement int\u00e9ressants.<\/p>\n\n\n\n<p>L&#8217;Aquarama, un grand parc aquatique avec de nombreuses attractions pour toute la famille, le site des festivals de musique o\u00f9 se tient le festival populaire \u00e0 la mi-juillet.<\/p>\n\n\n\n<div class=\"wp-block-buttons is-layout-flex wp-block-buttons-is-layout-flex\">\n<div class=\"wp-block-button\"><a class=\"wp-block-button__link wp-element-button\" href=\"https:\/\/www.bravoplaya.com\/fr\/environnement\/sites-de-interet-ludique\/\">En savoir plus<\/a><\/div>\n<\/div>\n<\/div>\n<\/div>\n<\/div>\n","protected":false},"excerpt":{"rendered":"<p>Notre environnement D\u00e9couvrez notre environnementBravoplaya,une mer de sensations Le camping Bravoplaya est situ\u00e9 dans un environnement privil\u00e9gi\u00e9, entre mer et montagne et pratiquement entour\u00e9 de&#8230;<\/p>\n","protected":false},"author":2,"featured_media":0,"parent":0,"menu_order":4,"comment_status":"closed","ping_status":"closed","template":"","meta":{"_acf_changed":false,"inline_featured_image":false,"footnotes":""},"class_list":["post-3511","page","type-page","status-publish","hentry"],"acf":[],"yoast_head":"<!-- This site is optimized with the Yoast SEO plugin v26.6 - https:\/\/yoast.com\/wordpress\/plugins\/seo\/ -->\n<title>Environnement - Camping Bravoplaya<\/title>\n<meta name=\"description\" content=\"Le camping Bravoplaya b\u00e9n\u00e9ficie d&#039;un emplacement privil\u00e9gi\u00e9, entre mer et montagne, et est pratiquement entour\u00e9 de parcs naturels.\" \/>\n<meta name=\"robots\" content=\"index, follow, max-snippet:-1, max-image-preview:large, max-video-preview:-1\" \/>\n<link rel=\"canonical\" href=\"https:\/\/www.bravoplaya.com\/fr\/environnement\/\" \/>\n<meta property=\"og:locale\" content=\"fr_FR\" \/>\n<meta property=\"og:type\" content=\"article\" \/>\n<meta property=\"og:title\" content=\"Environnement - Camping Bravoplaya\" \/>\n<meta property=\"og:description\" content=\"Le camping Bravoplaya b\u00e9n\u00e9ficie d&#039;un emplacement privil\u00e9gi\u00e9, entre mer et montagne, et est pratiquement entour\u00e9 de parcs naturels.\" \/>\n<meta property=\"og:url\" content=\"https:\/\/www.bravoplaya.com\/fr\/environnement\/\" \/>\n<meta property=\"og:site_name\" content=\"Camping Bravoplaya\" \/>\n<meta property=\"article:modified_time\" content=\"2026-04-21T10:03:46+00:00\" \/>\n<meta property=\"og:image\" content=\"https:\/\/www.bravoplaya.com\/wp-content\/uploads\/entorno-01.jpg\" \/>\n\t<meta property=\"og:image:width\" content=\"700\" \/>\n\t<meta property=\"og:image:height\" content=\"450\" \/>\n\t<meta property=\"og:image:type\" content=\"image\/jpeg\" \/>\n<meta name=\"twitter:card\" content=\"summary_large_image\" \/>\n<meta name=\"twitter:label1\" content=\"Dur\u00e9e de lecture estim\u00e9e\" \/>\n\t<meta name=\"twitter:data1\" content=\"3 minutes\" \/>\n<!-- \/ Yoast SEO plugin. -->","yoast_head_json":{"title":"Environnement - Camping Bravoplaya","description":"Le camping Bravoplaya b\u00e9n\u00e9ficie d'un emplacement privil\u00e9gi\u00e9, entre mer et montagne, et est pratiquement entour\u00e9 de parcs naturels.","robots":{"index":"index","follow":"follow","max-snippet":"max-snippet:-1","max-image-preview":"max-image-preview:large","max-video-preview":"max-video-preview:-1"},"canonical":"https:\/\/www.bravoplaya.com\/fr\/environnement\/","og_locale":"fr_FR","og_type":"article","og_title":"Environnement - Camping Bravoplaya","og_description":"Le camping Bravoplaya b\u00e9n\u00e9ficie d'un emplacement privil\u00e9gi\u00e9, entre mer et montagne, et est pratiquement entour\u00e9 de parcs naturels.","og_url":"https:\/\/www.bravoplaya.com\/fr\/environnement\/","og_site_name":"Camping Bravoplaya","article_modified_time":"2026-04-21T10:03:46+00:00","og_image":[{"width":700,"height":450,"url":"https:\/\/www.bravoplaya.com\/wp-content\/uploads\/entorno-01.jpg","type":"image\/jpeg"}],"twitter_card":"summary_large_image","twitter_misc":{"Dur\u00e9e de lecture estim\u00e9e":"3 minutes"},"schema":{"@context":"https:\/\/schema.org","@graph":[{"@type":"WebPage","@id":"https:\/\/www.bravoplaya.com\/fr\/environnement\/","url":"https:\/\/www.bravoplaya.com\/fr\/environnement\/","name":"Environnement - Camping Bravoplaya","isPartOf":{"@id":"https:\/\/www.bravoplaya.com\/fr\/#website"},"primaryImageOfPage":{"@id":"https:\/\/www.bravoplaya.com\/fr\/environnement\/#primaryimage"},"image":{"@id":"https:\/\/www.bravoplaya.com\/fr\/environnement\/#primaryimage"},"thumbnailUrl":"https:\/\/www.bravoplaya.com\/wp-content\/uploads\/entorno-01.jpg","datePublished":"2025-06-04T09:11:13+00:00","dateModified":"2026-04-21T10:03:46+00:00","description":"Le camping Bravoplaya b\u00e9n\u00e9ficie d'un emplacement privil\u00e9gi\u00e9, entre mer et montagne, et est pratiquement entour\u00e9 de parcs naturels.","breadcrumb":{"@id":"https:\/\/www.bravoplaya.com\/fr\/environnement\/#breadcrumb"},"inLanguage":"fr-FR","potentialAction":[{"@type":"ReadAction","target":["https:\/\/www.bravoplaya.com\/fr\/environnement\/"]}]},{"@type":"ImageObject","inLanguage":"fr-FR","@id":"https:\/\/www.bravoplaya.com\/fr\/environnement\/#primaryimage","url":"https:\/\/www.bravoplaya.com\/wp-content\/uploads\/entorno-01.jpg","contentUrl":"https:\/\/www.bravoplaya.com\/wp-content\/uploads\/entorno-01.jpg"},{"@type":"BreadcrumbList","@id":"https:\/\/www.bravoplaya.com\/fr\/environnement\/#breadcrumb","itemListElement":[{"@type":"ListItem","position":1,"name":"Inicio","item":"https:\/\/www.bravoplaya.com\/fr\/"},{"@type":"ListItem","position":2,"name":"Environnement"}]},{"@type":"WebSite","@id":"https:\/\/www.bravoplaya.com\/fr\/#website","url":"https:\/\/www.bravoplaya.com\/fr\/","name":"Camping Bravoplaya","description":"une mer de sensations","publisher":{"@id":"https:\/\/www.bravoplaya.com\/fr\/#organization"},"potentialAction":[{"@type":"SearchAction","target":{"@type":"EntryPoint","urlTemplate":"https:\/\/www.bravoplaya.com\/fr\/?s={search_term_string}"},"query-input":{"@type":"PropertyValueSpecification","valueRequired":true,"valueName":"search_term_string"}}],"inLanguage":"fr-FR"},{"@type":"Organization","@id":"https:\/\/www.bravoplaya.com\/fr\/#organization","name":"Camping Bravoplaya","url":"https:\/\/www.bravoplaya.com\/fr\/","logo":{"@type":"ImageObject","inLanguage":"fr-FR","@id":"https:\/\/www.bravoplaya.com\/fr\/#\/schema\/logo\/image\/","url":"https:\/\/www.bravoplaya.com\/wp-content\/uploads\/logo-bravoplaya.png","contentUrl":"https:\/\/www.bravoplaya.com\/wp-content\/uploads\/logo-bravoplaya.png","width":225,"height":225,"caption":"Camping Bravoplaya"},"image":{"@id":"https:\/\/www.bravoplaya.com\/fr\/#\/schema\/logo\/image\/"}}]}},"_links":{"self":[{"href":"https:\/\/www.bravoplaya.com\/fr\/wp-json\/wp\/v2\/pages\/3511","targetHints":{"allow":["GET"]}}],"collection":[{"href":"https:\/\/www.bravoplaya.com\/fr\/wp-json\/wp\/v2\/pages"}],"about":[{"href":"https:\/\/www.bravoplaya.com\/fr\/wp-json\/wp\/v2\/types\/page"}],"author":[{"embeddable":true,"href":"https:\/\/www.bravoplaya.com\/fr\/wp-json\/wp\/v2\/users\/2"}],"replies":[{"embeddable":true,"href":"https:\/\/www.bravoplaya.com\/fr\/wp-json\/wp\/v2\/comments?post=3511"}],"version-history":[{"count":3,"href":"https:\/\/www.bravoplaya.com\/fr\/wp-json\/wp\/v2\/pages\/3511\/revisions"}],"predecessor-version":[{"id":6482,"href":"https:\/\/www.bravoplaya.com\/fr\/wp-json\/wp\/v2\/pages\/3511\/revisions\/6482"}],"wp:attachment":[{"href":"https:\/\/www.bravoplaya.com\/fr\/wp-json\/wp\/v2\/media?parent=3511"}],"curies":[{"name":"wp","href":"https:\/\/api.w.org\/{rel}","templated":true}]}}