{"id":3571,"date":"2025-06-04T12:59:13","date_gmt":"2025-06-04T10:59:13","guid":{"rendered":"https:\/\/bravoplaya.com\/environnement\/parques-naturales\/"},"modified":"2026-04-21T12:03:45","modified_gmt":"2026-04-21T10:03:45","slug":"parcs-naturels","status":"publish","type":"page","link":"https:\/\/www.bravoplaya.com\/fr\/environnement\/parcs-naturels\/","title":{"rendered":"Parcs naturels"},"content":{"rendered":"\n<div class=\"wp-block-cover alignfull has-parallax header-top has-animation\" style=\"margin-top:0px;margin-bottom:0px\"><span aria-hidden=\"true\" class=\"wp-block-cover__background has-theme-blue-background-color has-background-dim-20 has-background-dim\"><\/span><div role=\"img\" class=\"wp-block-cover__image-background wp-image-2154 has-parallax\" style=\"background-position:50% 50%;background-image:url(https:\/\/www.bravoplaya.com\/wp-content\/uploads\/entorno-parques-top.jpg)\"><\/div><div class=\"wp-block-cover__inner-container is-layout-constrained wp-block-cover-is-layout-constrained\">\n<h1 class=\"wp-block-heading has-text-align-center animation--init--once animation--bottom has-theme-white-color has-text-color has-link-color wp-elements-c43ba56ecbf7eb97e4e0709a47449f94\">Parcs naturels<\/h1>\n\n\n\n<div class=\"wp-block-group alignwide breadcrumbs animation--init--once is-layout-constrained wp-block-group-is-layout-constrained\" style=\"margin-top:0px;margin-bottom:0px\">\n<div class=\"wp-block-group alignfull los-breadcrumbs is-layout-constrained wp-block-group-is-layout-constrained\">\n<span><span><a href=\"https:\/\/www.bravoplaya.com\/fr\/\">Inicio<\/a><\/span><\/span>\n<\/div>\n<\/div>\n\n\n\n<div class=\"wp-block-group alignfull motor-thelis has-theme-brown-2-background-color has-background is-layout-constrained wp-container-core-group-is-layout-703874a8 wp-block-group-is-layout-constrained\" style=\"margin-top:0px;margin-bottom:0px;padding-top:10px;padding-right:0px;padding-bottom:12px;padding-left:0px\">\n<div class=\"wp-block-columns is-layout-flex wp-container-core-columns-is-layout-28f84493 wp-block-columns-is-layout-flex\">\n<div class=\"wp-block-column is-layout-flow wp-block-column-is-layout-flow\" style=\"flex-basis:100%\">\n<section class=\"formulaire-de-recherche-bar\">\r\n            <div id=\"expand-thelis-formulaire\">R\u00e9servez<\/div>\r\n            <div class=\"container-form\"><thr-search-engine search-text=\"Chercher\"><\/thr-search-engine><a id=\"pay-btn-2\" onclick=\"window.open('https:\/\/thelisresa.webcamp.fr\/cart-directPayment.php?camping=pcyeyp&amp;lang=fr');\"><i><\/i>Solder s\u00e9jour<\/a>\r\n            <style>\r\n            \r\n            .thr-search-engine .thr-search-engine-main > .thr-btn-search { max-width: 20% !important; }\r\n            .thr .btn i { margin-right: 0 !important; }\r\n            #pay-btn-2 { \r\n                position: absolute;\r\n                right: 0;top: 0;\r\n                margin: 10px;\r\n                border: 0;\r\n                background-color: ;\r\n                color: ;\r\n                cursor: pointer;\r\n                width: calc(17% - 5px);\r\n                padding: 17px 0;\r\n                font-size: 18px;\r\n                font-weight: bold;\r\n                text-transform: auto;\r\n                transition: all .35s;\r\n                display: flex;justify-content: center;\r\n                align-items: center;\r\n            }\r\n            #pay-btn-2 i {\r\n                display: inline-flex;\r\n                width:18px;height:18px;\r\n                margin-right: 5px;\r\n                background-image: url('data:image\/svg+xml;utf8,<?xml version=\"1.0\" encoding=\"utf-8\"?><svg width=\"1792\" height=\"1792\" viewBox=\"0 0 1792 1792\" xmlns=\"http:\/\/www.w3.org\/2000\/svg\"><path d=\"M704 1536q0 52-38 90t-90 38-90-38-38-90 38-90 90-38 90 38 38 90zm896 0q0 52-38 90t-90 38-90-38-38-90 38-90 90-38 90 38 38 90zm128-1088v512q0 24-16.5 42.5t-40.5 21.5l-1044 122q13 60 13 70 0 16-24 64h920q26 0 45 19t19 45-19 45-45 19h-1024q-26 0-45-19t-19-45q0-11 8-31.5t16-36 21.5-40 15.5-29.5l-177-823h-204q-26 0-45-19t-19-45 19-45 45-19h256q16 0 28.5 6.5t19.5 15.5 13 24.5 8 26 5.5 29.5 4.5 26h1201q26 0 45 19t19 45z\" fill=\"rgba(255,255,255,1)\" \/><\/svg>');\r\n                background-size: cover;background-position: center center;background-repeat: no-repeat;\r\n            }\r\n            #pay-btn-2:hover { background-color: ; }\r\n            .thr-search-engine { width: 83%; }\r\n\r\n            @media screen and (max-width: 1024px) {\r\n                #pay-btn-2 { top: 52px; }\r\n                .thr-search-engine .thr-search-engine-main > .thr-btn-search { max-width: inherit !important; }\r\n            }\r\n            @media screen and (max-width: 990px) {\r\n                .thr-search-engine { width: 100%; }\r\n                #pay-btn-2 { position: relative;width: calc(100% - 20px);top: auto;margin-top: 0; }\r\n            }\r\n\r\n            thr-search-engine { border-right: 200px rgba(0,0,0,0) solid;display: block; }\r\n            @media screen and (max-width: 1024px) {\r\n                thr-search-engine { border-right: inherit;display: inherit; }\r\n            }\r\n            <\/style>\r\n            <\/div><\/section><!-- .formulaire-de-recherche-bar --><style>\r\n        #expand-thelis-formulaire { display: none; }\r\n        @media screen and (max-width: 1024px) {\r\n            #expand-thelis-formulaire { display: block; }\r\n            .formulaire-de-recherche-bar .container-form { display: none; }\r\n        }\r\n    <\/style><script>\r\n    jQuery(document).ready(function($){\r\n        jQuery('#expand-thelis-formulaire').click(function(){\r\n            if(\r\n                jQuery('.formulaire-de-recherche-bar .container-form').css('display') == 'none'\r\n            ){\r\n                jQuery('.formulaire-de-recherche-bar .container-form').css('display', 'block');\r\n                jQuery('#expand-thelis-formulaire').addClass('expanded');\r\n            }else{\r\n                jQuery('.formulaire-de-recherche-bar .container-form').css('display', 'none');\r\n                jQuery('#expand-thelis-formulaire').removeClass('expanded');\r\n            }\r\n        });\r\n    });\r\n    <\/script>\n<\/div>\n<\/div>\n<\/div>\n<\/div><\/div>\n\n\n\n<div class=\"wp-block-group alignfull bloque-intro oh is-layout-constrained wp-block-group-is-layout-constrained\">\n<div class=\"wp-block-columns are-vertically-aligned-center has-animation is-layout-flex wp-container-core-columns-is-layout-28f84493 wp-block-columns-is-layout-flex\">\n<div class=\"wp-block-column is-vertically-aligned-center is-layout-flow wp-block-column-is-layout-flow\">\n<h2 class=\"wp-block-heading has-text-align-center animation--init--once animation--bottom\"><sup>D\u00e9couvrez notre environnement<\/sup>Parcs naturels<\/h2>\n\n\n\n<p class=\"has-text-align-center bloque-pek\">La municipalit\u00e9 de Cabanes est l\u2019un des environnements naturels les plus puissants de la communaut\u00e9 valencienne.<\/p>\n\n\n\n<p class=\"has-text-align-center bloque-pek\">Nich\u00e9 entre les parcs naturels de Prat Cabanes-Torreblanca et le d\u00e9sert des Palmes, le visiteur trouve de nombreux espaces uniques pour la randonn\u00e9e \u00e0 pied ou \u00e0 v\u00e9lo et la r\u00e9serve naturelle des \u00eeles Columbretes, un \u00e9cosyst\u00e8me unique et particuli\u00e8rement fragile.<\/p>\n\n\n\n<div class=\"wp-block-group animation--init--once animation--left is-layout-constrained wp-block-group-is-layout-constrained\" style=\"margin-top:70px\">\n<h4 class=\"wp-block-heading has-text-align-center\">El Prat de Cabanes-Torreblanca<\/h4>\n\n\n\n<p class=\"has-text-align-center\">C\u2019est la principale zone humide de la province de Castell\u00f3n et l\u2019une des zones humides les moins perturb\u00e9es de la Communaut\u00e9 valencienne. Le centre d\u2019interpr\u00e9tation et d\u2019information des visiteurs, situ\u00e9 \u00e0 l\u2019Institut d\u2019aquaculture de Torre La Sal, \u00e0 La Ribera, offre des informations compl\u00e8tes sur l\u2019habitat de la zone ainsi qu\u2019un itin\u00e9raire circulaire, o\u00f9 vous pouvez voir la fronti\u00e8re du parc avec le littoral de la Ribera. <\/p>\n\n\n\n<p class=\"has-text-align-center\">L\u2019itin\u00e9raire p\u00e9destre permet aux visiteurs de d\u00e9couvrir la diversit\u00e9 du paysage de Cabanes, unique dans la province de Castell\u00f3n.<\/p>\n\n\n\n<h4 class=\"wp-block-heading has-text-align-center\">Le d\u00e9sert de Las Palmas<\/h4>\n\n\n\n<p class=\"has-text-align-center\">Cachez les endroits cach\u00e9s accessibles uniquement \u00e0 pied. Dans ce parc naturel, il existe plusieurs itin\u00e9raires et sentiers qui longent le terme de Cabanes, tels que la route de Bartolo \u00e0 travers les cr\u00eates; la route vers le ch\u00e2teau de Miravet; la route Bartolo-Les Santes ou la route circulaire vers l\u2019ermitage des Santes. Entrer dans l\u2019un d\u2019eux est une occasion unique de conna\u00eetre la vari\u00e9t\u00e9 de la flore et de la faune indig\u00e8nes de la r\u00e9gion, les plus vari\u00e9es d\u2019Europe, ainsi que des lieux d\u2019une richesse naturelle extraordinaire.<\/p>\n\n\n\n<h4 class=\"wp-block-heading has-text-align-center\">Les \u00eeles Columbretes<\/h4>\n\n\n\n<p class=\"has-text-align-center\">Pr\u00e8s de la c\u00f4te de Castell\u00f3n, \u00e0 45 km d\u2019Oropesa, les anciennes \u00eeles Snake \u00e9mergent, aujourd\u2019hui Columbretes, un petit archipel de 19 hectares, d\u2019origine volcanique \u00e0 mi-chemin entre la p\u00e9ninsule et les \u00eeles Bal\u00e9ares. En raison de son isolement et de son excellent \u00e9tat de conservation, il abrite plusieurs esp\u00e8ces animales et v\u00e9g\u00e9tales rares dans le reste de la M\u00e9diterran\u00e9e. Il existe quatre groupes d\u2019\u00eelots, L\u2019Illa Grossa, o\u00f9 se trouve le phare de Columbretes et \u00e9galement le seul habit\u00e9, la Ferrera, la Foradada et la Carallot. <\/p>\n\n\n\n<p class=\"has-text-align-center\">Le fond et les eaux sont caract\u00e9ris\u00e9s par la beaut\u00e9, la richesse et le degr\u00e9 deconservation extraordinaires, pour leur clart\u00e9 inhabituelle, ils constituent un paradis pour les plongeurs.<\/p>\n\n\n\n<p class=\"has-text-align-center\">Assis sur un fond situ\u00e9 \u00e0 environ 80 m\u00e8tres de profondeur, les Columbretes repr\u00e9sentent le meilleur exemple de volcanisme de notre terre, facilement appr\u00e9ci\u00e9 tant pour les mat\u00e9riaux qui les forment que pour leur aspect particulier.<\/p>\n\n\n\n<p class=\"has-text-align-center\">Ils sont l\u2019archipel la plus unique de la Communaut\u00e9 de Valence et l\u2019un des petits espaces insulaires du plus grand int\u00e9r\u00eat \u00e9cologique de la M\u00e9diterran\u00e9e.<\/p>\n<\/div>\n<\/div>\n<\/div>\n<\/div>\n","protected":false},"excerpt":{"rendered":"<p>D\u00e9couvrez notre environnementParcs naturels La municipalit\u00e9 de Cabanes est l\u2019un des environnements naturels les plus puissants de la communaut\u00e9 valencienne. Nich\u00e9 entre les parcs naturels&#8230;<\/p>\n","protected":false},"author":2,"featured_media":2143,"parent":3511,"menu_order":2,"comment_status":"closed","ping_status":"closed","template":"","meta":{"_acf_changed":false,"inline_featured_image":false,"footnotes":""},"class_list":["post-3571","page","type-page","status-publish","has-post-thumbnail","hentry"],"acf":[],"yoast_head":"<!-- This site is optimized with the Yoast SEO plugin v26.6 - https:\/\/yoast.com\/wordpress\/plugins\/seo\/ -->\n<title>Parcs naturels - Camping Bravoplaya<\/title>\n<meta name=\"description\" content=\"Camping Bravoplaya se encuentra en el t\u00e9rmino municipal de Cabanes, uno de los entornos naturales m\u00e1s potentes de la Comunidad Valenciana.\" \/>\n<meta name=\"robots\" content=\"index, follow, max-snippet:-1, max-image-preview:large, max-video-preview:-1\" \/>\n<link rel=\"canonical\" href=\"https:\/\/www.bravoplaya.com\/fr\/environnement\/parcs-naturels\/\" \/>\n<meta property=\"og:locale\" content=\"fr_FR\" \/>\n<meta property=\"og:type\" content=\"article\" \/>\n<meta property=\"og:title\" content=\"Parcs naturels - Camping Bravoplaya\" \/>\n<meta property=\"og:description\" content=\"Camping Bravoplaya se encuentra en el t\u00e9rmino municipal de Cabanes, uno de los entornos naturales m\u00e1s potentes de la Comunidad Valenciana.\" \/>\n<meta property=\"og:url\" content=\"https:\/\/www.bravoplaya.com\/fr\/environnement\/parcs-naturels\/\" \/>\n<meta property=\"og:site_name\" content=\"Camping Bravoplaya\" \/>\n<meta property=\"article:modified_time\" content=\"2026-04-21T10:03:45+00:00\" \/>\n<meta property=\"og:image\" content=\"https:\/\/www.bravoplaya.com\/wp-content\/uploads\/entorno-parques-feat.jpg\" \/>\n\t<meta property=\"og:image:width\" content=\"850\" \/>\n\t<meta property=\"og:image:height\" content=\"500\" \/>\n\t<meta property=\"og:image:type\" content=\"image\/jpeg\" \/>\n<meta name=\"twitter:card\" content=\"summary_large_image\" \/>\n<meta name=\"twitter:label1\" content=\"Dur\u00e9e de lecture estim\u00e9e\" \/>\n\t<meta name=\"twitter:data1\" content=\"3 minutes\" \/>\n<!-- \/ Yoast SEO plugin. -->","yoast_head_json":{"title":"Parcs naturels - Camping Bravoplaya","description":"Camping Bravoplaya se encuentra en el t\u00e9rmino municipal de Cabanes, uno de los entornos naturales m\u00e1s potentes de la Comunidad Valenciana.","robots":{"index":"index","follow":"follow","max-snippet":"max-snippet:-1","max-image-preview":"max-image-preview:large","max-video-preview":"max-video-preview:-1"},"canonical":"https:\/\/www.bravoplaya.com\/fr\/environnement\/parcs-naturels\/","og_locale":"fr_FR","og_type":"article","og_title":"Parcs naturels - Camping Bravoplaya","og_description":"Camping Bravoplaya se encuentra en el t\u00e9rmino municipal de Cabanes, uno de los entornos naturales m\u00e1s potentes de la Comunidad Valenciana.","og_url":"https:\/\/www.bravoplaya.com\/fr\/environnement\/parcs-naturels\/","og_site_name":"Camping Bravoplaya","article_modified_time":"2026-04-21T10:03:45+00:00","og_image":[{"width":850,"height":500,"url":"https:\/\/www.bravoplaya.com\/wp-content\/uploads\/entorno-parques-feat.jpg","type":"image\/jpeg"}],"twitter_card":"summary_large_image","twitter_misc":{"Dur\u00e9e de lecture estim\u00e9e":"3 minutes"},"schema":{"@context":"https:\/\/schema.org","@graph":[{"@type":"WebPage","@id":"https:\/\/www.bravoplaya.com\/fr\/environnement\/parcs-naturels\/","url":"https:\/\/www.bravoplaya.com\/fr\/environnement\/parcs-naturels\/","name":"Parcs naturels - Camping Bravoplaya","isPartOf":{"@id":"https:\/\/www.bravoplaya.com\/fr\/#website"},"primaryImageOfPage":{"@id":"https:\/\/www.bravoplaya.com\/fr\/environnement\/parcs-naturels\/#primaryimage"},"image":{"@id":"https:\/\/www.bravoplaya.com\/fr\/environnement\/parcs-naturels\/#primaryimage"},"thumbnailUrl":"https:\/\/www.bravoplaya.com\/wp-content\/uploads\/entorno-parques-feat.jpg","datePublished":"2025-06-04T10:59:13+00:00","dateModified":"2026-04-21T10:03:45+00:00","description":"Camping Bravoplaya se encuentra en el t\u00e9rmino municipal de Cabanes, uno de los entornos naturales m\u00e1s potentes de la Comunidad Valenciana.","breadcrumb":{"@id":"https:\/\/www.bravoplaya.com\/fr\/environnement\/parcs-naturels\/#breadcrumb"},"inLanguage":"fr-FR","potentialAction":[{"@type":"ReadAction","target":["https:\/\/www.bravoplaya.com\/fr\/environnement\/parcs-naturels\/"]}]},{"@type":"ImageObject","inLanguage":"fr-FR","@id":"https:\/\/www.bravoplaya.com\/fr\/environnement\/parcs-naturels\/#primaryimage","url":"https:\/\/www.bravoplaya.com\/wp-content\/uploads\/entorno-parques-feat.jpg","contentUrl":"https:\/\/www.bravoplaya.com\/wp-content\/uploads\/entorno-parques-feat.jpg","width":850,"height":500},{"@type":"BreadcrumbList","@id":"https:\/\/www.bravoplaya.com\/fr\/environnement\/parcs-naturels\/#breadcrumb","itemListElement":[{"@type":"ListItem","position":1,"name":"Inicio","item":"https:\/\/www.bravoplaya.com\/fr\/"},{"@type":"ListItem","position":2,"name":"Environnement","item":"https:\/\/www.bravoplaya.com\/fr\/entorno\/"},{"@type":"ListItem","position":3,"name":"Parcs naturels"}]},{"@type":"WebSite","@id":"https:\/\/www.bravoplaya.com\/fr\/#website","url":"https:\/\/www.bravoplaya.com\/fr\/","name":"Camping Bravoplaya","description":"une mer de sensations","publisher":{"@id":"https:\/\/www.bravoplaya.com\/fr\/#organization"},"potentialAction":[{"@type":"SearchAction","target":{"@type":"EntryPoint","urlTemplate":"https:\/\/www.bravoplaya.com\/fr\/?s={search_term_string}"},"query-input":{"@type":"PropertyValueSpecification","valueRequired":true,"valueName":"search_term_string"}}],"inLanguage":"fr-FR"},{"@type":"Organization","@id":"https:\/\/www.bravoplaya.com\/fr\/#organization","name":"Camping Bravoplaya","url":"https:\/\/www.bravoplaya.com\/fr\/","logo":{"@type":"ImageObject","inLanguage":"fr-FR","@id":"https:\/\/www.bravoplaya.com\/fr\/#\/schema\/logo\/image\/","url":"https:\/\/www.bravoplaya.com\/wp-content\/uploads\/logo-bravoplaya.png","contentUrl":"https:\/\/www.bravoplaya.com\/wp-content\/uploads\/logo-bravoplaya.png","width":225,"height":225,"caption":"Camping Bravoplaya"},"image":{"@id":"https:\/\/www.bravoplaya.com\/fr\/#\/schema\/logo\/image\/"}}]}},"_links":{"self":[{"href":"https:\/\/www.bravoplaya.com\/fr\/wp-json\/wp\/v2\/pages\/3571","targetHints":{"allow":["GET"]}}],"collection":[{"href":"https:\/\/www.bravoplaya.com\/fr\/wp-json\/wp\/v2\/pages"}],"about":[{"href":"https:\/\/www.bravoplaya.com\/fr\/wp-json\/wp\/v2\/types\/page"}],"author":[{"embeddable":true,"href":"https:\/\/www.bravoplaya.com\/fr\/wp-json\/wp\/v2\/users\/2"}],"replies":[{"embeddable":true,"href":"https:\/\/www.bravoplaya.com\/fr\/wp-json\/wp\/v2\/comments?post=3571"}],"version-history":[{"count":1,"href":"https:\/\/www.bravoplaya.com\/fr\/wp-json\/wp\/v2\/pages\/3571\/revisions"}],"predecessor-version":[{"id":3582,"href":"https:\/\/www.bravoplaya.com\/fr\/wp-json\/wp\/v2\/pages\/3571\/revisions\/3582"}],"up":[{"embeddable":true,"href":"https:\/\/www.bravoplaya.com\/fr\/wp-json\/wp\/v2\/pages\/3511"}],"wp:featuredmedia":[{"embeddable":true,"href":"https:\/\/www.bravoplaya.com\/fr\/wp-json\/wp\/v2\/media\/2143"}],"wp:attachment":[{"href":"https:\/\/www.bravoplaya.com\/fr\/wp-json\/wp\/v2\/media?parent=3571"}],"curies":[{"name":"wp","href":"https:\/\/api.w.org\/{rel}","templated":true}]}}