{"id":3586,"date":"2025-06-04T13:09:15","date_gmt":"2025-06-04T11:09:15","guid":{"rendered":"https:\/\/bravoplaya.com\/environnement\/sitios-de-interes-ludico\/"},"modified":"2026-04-21T12:03:45","modified_gmt":"2026-04-21T10:03:45","slug":"sites-de-interet-ludique","status":"publish","type":"page","link":"https:\/\/www.bravoplaya.com\/fr\/environnement\/sites-de-interet-ludique\/","title":{"rendered":"Sites de Int\u00e9r\u00eat ludique"},"content":{"rendered":"\n<div class=\"wp-block-cover alignfull has-parallax header-top has-animation\" style=\"margin-top:0px;margin-bottom:0px\"><span aria-hidden=\"true\" class=\"wp-block-cover__background has-theme-blue-background-color has-background-dim-20 has-background-dim\"><\/span><div role=\"img\" class=\"wp-block-cover__image-background wp-image-2162 has-parallax\" style=\"background-position:50% 50%;background-image:url(https:\/\/www.bravoplaya.com\/wp-content\/uploads\/entorno-int-ludico-top.jpg)\"><\/div><div class=\"wp-block-cover__inner-container is-layout-constrained wp-block-cover-is-layout-constrained\">\n<h1 class=\"wp-block-heading has-text-align-center animation--init--once animation--bottom has-theme-white-color has-text-color has-link-color wp-elements-266dab7a6fc9003e1e7370bb8cb9ad5f\">Sites de Int\u00e9r\u00eat ludique<\/h1>\n\n\n\n<div class=\"wp-block-group alignwide breadcrumbs animation--init--once is-layout-constrained wp-block-group-is-layout-constrained\" style=\"margin-top:0px;margin-bottom:0px\">\n<div class=\"wp-block-group alignfull los-breadcrumbs is-layout-constrained wp-block-group-is-layout-constrained\">\n<span><span><a href=\"https:\/\/www.bravoplaya.com\/fr\/\">Inicio<\/a><\/span><\/span>\n<\/div>\n<\/div>\n\n\n\n<div class=\"wp-block-group alignfull motor-thelis has-theme-brown-2-background-color has-background is-layout-constrained wp-container-core-group-is-layout-703874a8 wp-block-group-is-layout-constrained\" style=\"margin-top:0px;margin-bottom:0px;padding-top:10px;padding-right:0px;padding-bottom:12px;padding-left:0px\">\n<div class=\"wp-block-columns is-layout-flex wp-container-core-columns-is-layout-28f84493 wp-block-columns-is-layout-flex\">\n<div class=\"wp-block-column is-layout-flow wp-block-column-is-layout-flow\" style=\"flex-basis:100%\">\n<section class=\"formulaire-de-recherche-bar\">\r\n            <div id=\"expand-thelis-formulaire\">R\u00e9servez<\/div>\r\n            <div class=\"container-form\"><thr-search-engine search-text=\"Chercher\"><\/thr-search-engine><a id=\"pay-btn-2\" onclick=\"window.open('https:\/\/thelisresa.webcamp.fr\/cart-directPayment.php?camping=pcyeyp&amp;lang=fr');\"><i><\/i>Solder s\u00e9jour<\/a>\r\n            <style>\r\n            \r\n            .thr-search-engine .thr-search-engine-main > .thr-btn-search { max-width: 20% !important; }\r\n            .thr .btn i { margin-right: 0 !important; }\r\n            #pay-btn-2 { \r\n                position: absolute;\r\n                right: 0;top: 0;\r\n                margin: 10px;\r\n                border: 0;\r\n                background-color: ;\r\n                color: ;\r\n                cursor: pointer;\r\n                width: calc(17% - 5px);\r\n                padding: 17px 0;\r\n                font-size: 18px;\r\n                font-weight: bold;\r\n                text-transform: auto;\r\n                transition: all .35s;\r\n                display: flex;justify-content: center;\r\n                align-items: center;\r\n            }\r\n            #pay-btn-2 i {\r\n                display: inline-flex;\r\n                width:18px;height:18px;\r\n                margin-right: 5px;\r\n                background-image: url('data:image\/svg+xml;utf8,<?xml version=\"1.0\" encoding=\"utf-8\"?><svg width=\"1792\" height=\"1792\" viewBox=\"0 0 1792 1792\" xmlns=\"http:\/\/www.w3.org\/2000\/svg\"><path d=\"M704 1536q0 52-38 90t-90 38-90-38-38-90 38-90 90-38 90 38 38 90zm896 0q0 52-38 90t-90 38-90-38-38-90 38-90 90-38 90 38 38 90zm128-1088v512q0 24-16.5 42.5t-40.5 21.5l-1044 122q13 60 13 70 0 16-24 64h920q26 0 45 19t19 45-19 45-45 19h-1024q-26 0-45-19t-19-45q0-11 8-31.5t16-36 21.5-40 15.5-29.5l-177-823h-204q-26 0-45-19t-19-45 19-45 45-19h256q16 0 28.5 6.5t19.5 15.5 13 24.5 8 26 5.5 29.5 4.5 26h1201q26 0 45 19t19 45z\" fill=\"rgba(255,255,255,1)\" \/><\/svg>');\r\n                background-size: cover;background-position: center center;background-repeat: no-repeat;\r\n            }\r\n            #pay-btn-2:hover { background-color: ; }\r\n            .thr-search-engine { width: 83%; }\r\n\r\n            @media screen and (max-width: 1024px) {\r\n                #pay-btn-2 { top: 52px; }\r\n                .thr-search-engine .thr-search-engine-main > .thr-btn-search { max-width: inherit !important; }\r\n            }\r\n            @media screen and (max-width: 990px) {\r\n                .thr-search-engine { width: 100%; }\r\n                #pay-btn-2 { position: relative;width: calc(100% - 20px);top: auto;margin-top: 0; }\r\n            }\r\n\r\n            thr-search-engine { border-right: 200px rgba(0,0,0,0) solid;display: block; }\r\n            @media screen and (max-width: 1024px) {\r\n                thr-search-engine { border-right: inherit;display: inherit; }\r\n            }\r\n            <\/style>\r\n            <\/div><\/section><!-- .formulaire-de-recherche-bar --><style>\r\n        #expand-thelis-formulaire { display: none; }\r\n        @media screen and (max-width: 1024px) {\r\n            #expand-thelis-formulaire { display: block; }\r\n            .formulaire-de-recherche-bar .container-form { display: none; }\r\n        }\r\n    <\/style><script>\r\n    jQuery(document).ready(function($){\r\n        jQuery('#expand-thelis-formulaire').click(function(){\r\n            if(\r\n                jQuery('.formulaire-de-recherche-bar .container-form').css('display') == 'none'\r\n            ){\r\n                jQuery('.formulaire-de-recherche-bar .container-form').css('display', 'block');\r\n                jQuery('#expand-thelis-formulaire').addClass('expanded');\r\n            }else{\r\n                jQuery('.formulaire-de-recherche-bar .container-form').css('display', 'none');\r\n                jQuery('#expand-thelis-formulaire').removeClass('expanded');\r\n            }\r\n        });\r\n    });\r\n    <\/script>\n<\/div>\n<\/div>\n<\/div>\n<\/div><\/div>\n\n\n\n<div class=\"wp-block-group alignfull bloque-intro oh is-layout-constrained wp-block-group-is-layout-constrained\">\n<div class=\"wp-block-columns are-vertically-aligned-center has-animation is-layout-flex wp-container-core-columns-is-layout-28f84493 wp-block-columns-is-layout-flex\">\n<div class=\"wp-block-column is-vertically-aligned-center is-layout-flow wp-block-column-is-layout-flow\">\n<h2 class=\"wp-block-heading has-text-align-center animation--init--once animation--bottom\"><sup>D\u00e9couvrez notre environnement<\/sup>Sites de Int\u00e9r\u00eat ludique<\/h2>\n\n\n\n<p class=\"has-text-align-center bloque-pek\">\u00c0 Benicasim, \u00e0 13 km au sud apr\u00e8s Oropesa del Mar et avec un acc\u00e8s par la m\u00eame route g\u00e9n\u00e9rale, nous trouvons des lieux de loisirs d\u2019int\u00e9r\u00eat particulier; Aquarama, grand parc aquatique avec de nombreuses attractions pour toute la famille.<\/p>\n\n\n\n<p class=\"has-text-align-center bloque-pek\">Le lieu du festival de musique o\u00f9 le populaire FIB, le festival international Benicasim, la musique pop, le rock, l\u2019indie, l\u2019\u00e9lectronique et d\u2019autres types de musique sont c\u00e9l\u00e9br\u00e9s \u00e0 la mijuillet, en ao\u00fbt Rototom Sunsplash est devenu le meilleur festival de reggae de Toute l\u2019Europe, le BEF de la musique \u00e9lectronique fin ao\u00fbt, pendant la Semaine Sainte le SanSan de la musique indie espagnole et en mai les Formigues, notamment pour les enfants.<\/p>\n\n\n\n<p class=\"has-text-align-center bloque-pek\">Pistes de karting, \u00e0 c\u00f4t\u00e9 du terrain du festival, nous trouvons Benikarts, \u00e0 Oropesa, nous pouvons \u00e9galement profiter de sa piste, Marlonkarts<\/p>\n\n\n\n<div class=\"wp-block-group is-layout-constrained wp-block-group-is-layout-constrained\" style=\"margin-top:70px\">\n<div class=\"wp-block-columns animation--init--once animation--top is-layout-flex wp-container-core-columns-is-layout-28f84493 wp-block-columns-is-layout-flex\">\n<div class=\"wp-block-column is-layout-flow wp-block-column-is-layout-flow\">\n<h4 class=\"wp-block-heading has-text-align-center\"><strong>AQUARAMA<\/strong><\/h4>\n\n\n\n<p class=\"has-text-align-center\"><a href=\"https:\/\/www.aquarama.net\/\" target=\"_blank\" rel=\"noreferrer noopener\">https:\/\/www.aquarama.net\/<\/a><\/p>\n<\/div>\n\n\n\n<div class=\"wp-block-column is-layout-flow wp-block-column-is-layout-flow\">\n<h4 class=\"wp-block-heading has-text-align-center\"><strong><strong><strong>Festivals de musique<\/strong><\/strong><\/strong><\/h4>\n\n\n\n<p class=\"has-text-align-center\"><a href=\"https:\/\/sansanfestival.com\/\" target=\"_blank\" rel=\"noreferrer noopener\">https:\/\/sansanfestival.com\/<\/a><\/p>\n\n\n\n<p class=\"has-text-align-center\"><a href=\"https:\/\/formiguesfestival.com\/\" target=\"_blank\" rel=\"noreferrer noopener\">https:\/\/formiguesfestival.com\/<\/a><\/p>\n\n\n\n<p class=\"has-text-align-center\"><a href=\"https:\/\/fiberfib.com\/\" target=\"_blank\" rel=\"noreferrer noopener\">https:\/\/fiberfib.com\/<\/a><\/p>\n\n\n\n<p class=\"has-text-align-center\"><a href=\"https:\/\/rototomsunsplash.com\/\" target=\"_blank\" rel=\"noreferrer noopener\">https:\/\/rototomsunsplash.com\/<\/a><\/p>\n<\/div>\n\n\n\n<div class=\"wp-block-column is-layout-flow wp-block-column-is-layout-flow\">\n<h4 class=\"wp-block-heading has-text-align-center\"><strong><strong><strong><strong>Pistes de kart<\/strong><\/strong><\/strong><\/strong><\/h4>\n\n\n\n<p class=\"has-text-align-center\"><a href=\"https:\/\/www.marlonkart.com\/circuito\/\" target=\"_blank\" rel=\"noreferrer noopener\">https:\/\/www.marlonkart.com\/<\/a><\/p>\n\n\n\n<p class=\"has-text-align-center\"><a href=\"https:\/\/benikarts.com\/\" target=\"_blank\" rel=\"noreferrer noopener\">https:\/\/benikarts.com\/<\/a><\/p>\n<\/div>\n<\/div>\n<\/div>\n<\/div>\n<\/div>\n<\/div>\n","protected":false},"excerpt":{"rendered":"<p>D\u00e9couvrez notre environnementSites de Int\u00e9r\u00eat ludique \u00c0 Benicasim, \u00e0 13 km au sud apr\u00e8s Oropesa del Mar et avec un acc\u00e8s par la m\u00eame route&#8230;<\/p>\n","protected":false},"author":2,"featured_media":2150,"parent":3511,"menu_order":3,"comment_status":"closed","ping_status":"closed","template":"","meta":{"_acf_changed":false,"inline_featured_image":false,"footnotes":""},"class_list":["post-3586","page","type-page","status-publish","has-post-thumbnail","hentry"],"acf":[],"yoast_head":"<!-- This site is optimized with the Yoast SEO plugin v26.6 - https:\/\/yoast.com\/wordpress\/plugins\/seo\/ -->\n<title>Sites de Int\u00e9r\u00eat ludique - Camping Bravoplaya<\/title>\n<meta name=\"description\" content=\"\u00c0 13 km du camping Bravoplaya, au sud d&#039;Oropesa del Mar, vous trouverez les zones de loisirs suivantes.\" \/>\n<meta name=\"robots\" content=\"index, follow, max-snippet:-1, max-image-preview:large, max-video-preview:-1\" \/>\n<link rel=\"canonical\" href=\"https:\/\/www.bravoplaya.com\/fr\/environnement\/sites-de-interet-ludique\/\" \/>\n<meta property=\"og:locale\" content=\"fr_FR\" \/>\n<meta property=\"og:type\" content=\"article\" \/>\n<meta property=\"og:title\" content=\"Sites de Int\u00e9r\u00eat ludique - Camping Bravoplaya\" \/>\n<meta property=\"og:description\" content=\"\u00c0 13 km du camping Bravoplaya, au sud d&#039;Oropesa del Mar, vous trouverez les zones de loisirs suivantes.\" \/>\n<meta property=\"og:url\" content=\"https:\/\/www.bravoplaya.com\/fr\/environnement\/sites-de-interet-ludique\/\" \/>\n<meta property=\"og:site_name\" content=\"Camping Bravoplaya\" \/>\n<meta property=\"article:modified_time\" content=\"2026-04-21T10:03:45+00:00\" \/>\n<meta property=\"og:image\" content=\"https:\/\/www.bravoplaya.com\/wp-content\/uploads\/entorno-playas-03.jpg\" \/>\n\t<meta property=\"og:image:width\" content=\"1400\" \/>\n\t<meta property=\"og:image:height\" content=\"850\" \/>\n\t<meta property=\"og:image:type\" content=\"image\/jpeg\" \/>\n<meta name=\"twitter:card\" content=\"summary_large_image\" \/>\n<meta name=\"twitter:label1\" content=\"Dur\u00e9e de lecture estim\u00e9e\" \/>\n\t<meta name=\"twitter:data1\" content=\"1 minute\" \/>\n<!-- \/ Yoast SEO plugin. -->","yoast_head_json":{"title":"Sites de Int\u00e9r\u00eat ludique - Camping Bravoplaya","description":"\u00c0 13 km du camping Bravoplaya, au sud d'Oropesa del Mar, vous trouverez les zones de loisirs suivantes.","robots":{"index":"index","follow":"follow","max-snippet":"max-snippet:-1","max-image-preview":"max-image-preview:large","max-video-preview":"max-video-preview:-1"},"canonical":"https:\/\/www.bravoplaya.com\/fr\/environnement\/sites-de-interet-ludique\/","og_locale":"fr_FR","og_type":"article","og_title":"Sites de Int\u00e9r\u00eat ludique - Camping Bravoplaya","og_description":"\u00c0 13 km du camping Bravoplaya, au sud d'Oropesa del Mar, vous trouverez les zones de loisirs suivantes.","og_url":"https:\/\/www.bravoplaya.com\/fr\/environnement\/sites-de-interet-ludique\/","og_site_name":"Camping Bravoplaya","article_modified_time":"2026-04-21T10:03:45+00:00","og_image":[{"width":1400,"height":850,"url":"https:\/\/www.bravoplaya.com\/wp-content\/uploads\/entorno-playas-03.jpg","type":"image\/jpeg"}],"twitter_card":"summary_large_image","twitter_misc":{"Dur\u00e9e de lecture estim\u00e9e":"1 minute"},"schema":{"@context":"https:\/\/schema.org","@graph":[{"@type":"WebPage","@id":"https:\/\/www.bravoplaya.com\/fr\/environnement\/sites-de-interet-ludique\/","url":"https:\/\/www.bravoplaya.com\/fr\/environnement\/sites-de-interet-ludique\/","name":"Sites de Int\u00e9r\u00eat ludique - Camping Bravoplaya","isPartOf":{"@id":"https:\/\/www.bravoplaya.com\/fr\/#website"},"primaryImageOfPage":{"@id":"https:\/\/www.bravoplaya.com\/fr\/environnement\/sites-de-interet-ludique\/#primaryimage"},"image":{"@id":"https:\/\/www.bravoplaya.com\/fr\/environnement\/sites-de-interet-ludique\/#primaryimage"},"thumbnailUrl":"https:\/\/www.bravoplaya.com\/wp-content\/uploads\/entorno-playas-03.jpg","datePublished":"2025-06-04T11:09:15+00:00","dateModified":"2026-04-21T10:03:45+00:00","description":"\u00c0 13 km du camping Bravoplaya, au sud d'Oropesa del Mar, vous trouverez les zones de loisirs suivantes.","breadcrumb":{"@id":"https:\/\/www.bravoplaya.com\/fr\/environnement\/sites-de-interet-ludique\/#breadcrumb"},"inLanguage":"fr-FR","potentialAction":[{"@type":"ReadAction","target":["https:\/\/www.bravoplaya.com\/fr\/environnement\/sites-de-interet-ludique\/"]}]},{"@type":"ImageObject","inLanguage":"fr-FR","@id":"https:\/\/www.bravoplaya.com\/fr\/environnement\/sites-de-interet-ludique\/#primaryimage","url":"https:\/\/www.bravoplaya.com\/wp-content\/uploads\/entorno-playas-03.jpg","contentUrl":"https:\/\/www.bravoplaya.com\/wp-content\/uploads\/entorno-playas-03.jpg","width":1400,"height":850},{"@type":"BreadcrumbList","@id":"https:\/\/www.bravoplaya.com\/fr\/environnement\/sites-de-interet-ludique\/#breadcrumb","itemListElement":[{"@type":"ListItem","position":1,"name":"Inicio","item":"https:\/\/www.bravoplaya.com\/fr\/"},{"@type":"ListItem","position":2,"name":"Environnement","item":"https:\/\/www.bravoplaya.com\/fr\/entorno\/"},{"@type":"ListItem","position":3,"name":"Sites de Int\u00e9r\u00eat ludique"}]},{"@type":"WebSite","@id":"https:\/\/www.bravoplaya.com\/fr\/#website","url":"https:\/\/www.bravoplaya.com\/fr\/","name":"Camping Bravoplaya","description":"une mer de sensations","publisher":{"@id":"https:\/\/www.bravoplaya.com\/fr\/#organization"},"potentialAction":[{"@type":"SearchAction","target":{"@type":"EntryPoint","urlTemplate":"https:\/\/www.bravoplaya.com\/fr\/?s={search_term_string}"},"query-input":{"@type":"PropertyValueSpecification","valueRequired":true,"valueName":"search_term_string"}}],"inLanguage":"fr-FR"},{"@type":"Organization","@id":"https:\/\/www.bravoplaya.com\/fr\/#organization","name":"Camping Bravoplaya","url":"https:\/\/www.bravoplaya.com\/fr\/","logo":{"@type":"ImageObject","inLanguage":"fr-FR","@id":"https:\/\/www.bravoplaya.com\/fr\/#\/schema\/logo\/image\/","url":"https:\/\/www.bravoplaya.com\/wp-content\/uploads\/logo-bravoplaya.png","contentUrl":"https:\/\/www.bravoplaya.com\/wp-content\/uploads\/logo-bravoplaya.png","width":225,"height":225,"caption":"Camping Bravoplaya"},"image":{"@id":"https:\/\/www.bravoplaya.com\/fr\/#\/schema\/logo\/image\/"}}]}},"_links":{"self":[{"href":"https:\/\/www.bravoplaya.com\/fr\/wp-json\/wp\/v2\/pages\/3586","targetHints":{"allow":["GET"]}}],"collection":[{"href":"https:\/\/www.bravoplaya.com\/fr\/wp-json\/wp\/v2\/pages"}],"about":[{"href":"https:\/\/www.bravoplaya.com\/fr\/wp-json\/wp\/v2\/types\/page"}],"author":[{"embeddable":true,"href":"https:\/\/www.bravoplaya.com\/fr\/wp-json\/wp\/v2\/users\/2"}],"replies":[{"embeddable":true,"href":"https:\/\/www.bravoplaya.com\/fr\/wp-json\/wp\/v2\/comments?post=3586"}],"version-history":[{"count":3,"href":"https:\/\/www.bravoplaya.com\/fr\/wp-json\/wp\/v2\/pages\/3586\/revisions"}],"predecessor-version":[{"id":3606,"href":"https:\/\/www.bravoplaya.com\/fr\/wp-json\/wp\/v2\/pages\/3586\/revisions\/3606"}],"up":[{"embeddable":true,"href":"https:\/\/www.bravoplaya.com\/fr\/wp-json\/wp\/v2\/pages\/3511"}],"wp:featuredmedia":[{"embeddable":true,"href":"https:\/\/www.bravoplaya.com\/fr\/wp-json\/wp\/v2\/media\/2150"}],"wp:attachment":[{"href":"https:\/\/www.bravoplaya.com\/fr\/wp-json\/wp\/v2\/media?parent=3586"}],"curies":[{"name":"wp","href":"https:\/\/api.w.org\/{rel}","templated":true}]}}