{"id":3489,"date":"2025-06-04T10:35:17","date_gmt":"2025-06-04T08:35:17","guid":{"rendered":"https:\/\/bravoplaya.com\/animazione\/la-historia\/"},"modified":"2026-04-27T16:28:04","modified_gmt":"2026-04-27T14:28:04","slug":"la-sua-storia","status":"publish","type":"page","link":"https:\/\/www.bravoplaya.com\/it\/animazione\/la-sua-storia\/","title":{"rendered":"La sua storia"},"content":{"rendered":"\n<div class=\"wp-block-cover alignfull has-parallax header-top has-animation\" style=\"margin-top:0px;margin-bottom:0px\"><span aria-hidden=\"true\" class=\"wp-block-cover__background has-theme-blue-background-color has-background-dim-20 has-background-dim\"><\/span><div role=\"img\" class=\"wp-block-cover__image-background wp-image-2563 has-parallax\" style=\"background-position:50% 50%;background-image:url(https:\/\/www.bravoplaya.com\/wp-content\/uploads\/bravito-mansita-inicio.jpg)\"><\/div><div class=\"wp-block-cover__inner-container is-layout-constrained wp-block-cover-is-layout-constrained\">\n<h1 class=\"wp-block-heading has-text-align-center animation--init--once animation--bottom has-theme-white-color has-text-color has-link-color wp-elements-3ef9aed2858fc4c8b6d19d05dcfcac11\">La sua storia<\/h1>\n\n\n\n<div class=\"wp-block-group alignwide breadcrumbs animation--init--once is-layout-constrained wp-block-group-is-layout-constrained\" style=\"margin-top:0px;margin-bottom:0px\">\n<div class=\"wp-block-group alignfull los-breadcrumbs is-layout-constrained wp-block-group-is-layout-constrained\">\n<span><span><a href=\"https:\/\/www.bravoplaya.com\/it\/\">Inicio<\/a><\/span><\/span>\n<\/div>\n<\/div>\n\n\n\n<div class=\"wp-block-group alignfull motor-thelis has-theme-brown-2-background-color has-background is-layout-constrained wp-container-core-group-is-layout-703874a8 wp-block-group-is-layout-constrained\" style=\"margin-top:0px;margin-bottom:0px;padding-top:10px;padding-right:0px;padding-bottom:12px;padding-left:0px\">\n<div class=\"wp-block-columns is-layout-flex wp-container-core-columns-is-layout-28f84493 wp-block-columns-is-layout-flex\">\n<div class=\"wp-block-column is-layout-flow wp-block-column-is-layout-flow\" style=\"flex-basis:100%\">\n<section class=\"formulaire-de-recherche-bar\">\r\n            <div id=\"expand-thelis-formulaire\">Prenota<\/div>\r\n            <div class=\"container-form\"><thr-search-engine search-text=\"Cerca\"><\/thr-search-engine><a id=\"pay-btn-2\" onclick=\"window.open('https:\/\/thelisresa.webcamp.fr\/cart-directPayment.php?camping=pcyeyp&amp;lang=it');\"><i><\/i>Saldi soggiorno<\/a>\r\n            <style>\r\n            \r\n            .thr-search-engine .thr-search-engine-main > .thr-btn-search { max-width: 20% !important; }\r\n            .thr .btn i { margin-right: 0 !important; }\r\n            #pay-btn-2 { \r\n                position: absolute;\r\n                right: 0;top: 0;\r\n                margin: 10px;\r\n                border: 0;\r\n                background-color: ;\r\n                color: ;\r\n                cursor: pointer;\r\n                width: calc(17% - 5px);\r\n                padding: 17px 0;\r\n                font-size: 18px;\r\n                font-weight: bold;\r\n                text-transform: auto;\r\n                transition: all .35s;\r\n                display: flex;justify-content: center;\r\n                align-items: center;\r\n            }\r\n            #pay-btn-2 i {\r\n                display: inline-flex;\r\n                width:18px;height:18px;\r\n                margin-right: 5px;\r\n                background-image: url('data:image\/svg+xml;utf8,<?xml version=\"1.0\" encoding=\"utf-8\"?><svg width=\"1792\" height=\"1792\" viewBox=\"0 0 1792 1792\" xmlns=\"http:\/\/www.w3.org\/2000\/svg\"><path d=\"M704 1536q0 52-38 90t-90 38-90-38-38-90 38-90 90-38 90 38 38 90zm896 0q0 52-38 90t-90 38-90-38-38-90 38-90 90-38 90 38 38 90zm128-1088v512q0 24-16.5 42.5t-40.5 21.5l-1044 122q13 60 13 70 0 16-24 64h920q26 0 45 19t19 45-19 45-45 19h-1024q-26 0-45-19t-19-45q0-11 8-31.5t16-36 21.5-40 15.5-29.5l-177-823h-204q-26 0-45-19t-19-45 19-45 45-19h256q16 0 28.5 6.5t19.5 15.5 13 24.5 8 26 5.5 29.5 4.5 26h1201q26 0 45 19t19 45z\" fill=\"rgba(255,255,255,1)\" \/><\/svg>');\r\n                background-size: cover;background-position: center center;background-repeat: no-repeat;\r\n            }\r\n            #pay-btn-2:hover { background-color: ; }\r\n            .thr-search-engine { width: 83%; }\r\n\r\n            @media screen and (max-width: 1024px) {\r\n                #pay-btn-2 { top: 52px; }\r\n                .thr-search-engine .thr-search-engine-main > .thr-btn-search { max-width: inherit !important; }\r\n            }\r\n            @media screen and (max-width: 990px) {\r\n                .thr-search-engine { width: 100%; }\r\n                #pay-btn-2 { position: relative;width: calc(100% - 20px);top: auto;margin-top: 0; }\r\n            }\r\n\r\n            thr-search-engine { border-right: 200px rgba(0,0,0,0) solid;display: block; }\r\n            @media screen and (max-width: 1024px) {\r\n                thr-search-engine { border-right: inherit;display: inherit; }\r\n            }\r\n            <\/style>\r\n            <\/div><\/section><!-- .formulaire-de-recherche-bar --><style>\r\n        #expand-thelis-formulaire { display: none; }\r\n        @media screen and (max-width: 1024px) {\r\n            #expand-thelis-formulaire { display: block; }\r\n            .formulaire-de-recherche-bar .container-form { display: none; }\r\n        }\r\n    <\/style><script>\r\n    jQuery(document).ready(function($){\r\n        jQuery('#expand-thelis-formulaire').click(function(){\r\n            if(\r\n                jQuery('.formulaire-de-recherche-bar .container-form').css('display') == 'none'\r\n            ){\r\n                jQuery('.formulaire-de-recherche-bar .container-form').css('display', 'block');\r\n                jQuery('#expand-thelis-formulaire').addClass('expanded');\r\n            }else{\r\n                jQuery('.formulaire-de-recherche-bar .container-form').css('display', 'none');\r\n                jQuery('#expand-thelis-formulaire').removeClass('expanded');\r\n            }\r\n        });\r\n    });\r\n    <\/script>\n<\/div>\n<\/div>\n<\/div>\n<\/div><\/div>\n\n\n\n<div class=\"wp-block-group alignfull bloque-intro oh is-layout-constrained wp-block-group-is-layout-constrained\">\n<div class=\"wp-block-columns are-vertically-aligned-center has-animation is-layout-flex wp-container-core-columns-is-layout-28f84493 wp-block-columns-is-layout-flex\">\n<div class=\"wp-block-column is-vertically-aligned-center is-layout-flow wp-block-column-is-layout-flow\">\n<h2 class=\"wp-block-heading has-text-align-center animation--init--once animation--bottom\"><sup>Bravito e mansita<\/sup>La sua storia<\/h2>\n\n\n\n<p>C&#8217;era una volta una piccola ma graziosa piazzetta dove si svolgevano spettacoli con giovenche per tutti i pubblici. Questa piazzetta si trovava nel Camping Torre La Sal 2, vicino a una bellissima spiaggia selvaggia.<\/p>\n\n\n\n<p>Il sabato di Pasqua del 2012, Bravito, un toro molto simpatico e affettuoso, partecip\u00f2 a questo spettacolo. L&#8217;arena si riemp\u00ec di gente e, per rendere l&#8217;evento ancora pi\u00f9 divertente, partecip\u00f2 anche una gallina un po&#8217; pazzerella di nome Artemia che fece la torera, ahahahahaha\u2026 Bravito rimase affascinato dal suono delle risate sincere dei bambini, rimase cos\u00ec stordito che non vide nemmeno la gallina Artemia che gli girava intorno cercando di provocarlo in tutti i modi. Le risate dei bambini diventavano sempre pi\u00f9 intense e Bravito era sempre pi\u00f9 confuso, immobile in mezzo alla piazza.<\/p>\n\n\n\n<p>Tomaset, l&#8217;allevatore, molto arrabbiato, lo trascin\u00f2 nei recinti, dove il resto delle giovenche e dei tori stavano aspettando il loro turno, e l\u00ec gli chiese cosa gli fosse successo, ma Bravito continuava a sorridere e a rimanere immobile senza riuscire a muggire.<\/p>\n\n\n\n<p>Lo spettacolo continu\u00f2, finalmente Artemia pot\u00e9 toreare e tutti gli spettatori, compresi i bambini, si divertirono un mondo, l&#8217;ultima giovenca e\u2026 tuturuturuuuu, lo spettacolo termin\u00f2.<\/p>\n\n\n\n<p>Nel frattempo, Bravito rimaneva l\u00ec, stordito, ad ascoltare il mormorio e le risate dei bambini. All&#8217;improvviso cal\u00f2 il silenzio e si sent\u00ec il rumore del motore del camion che aveva portato lui e gli altri in quella piazzetta, in quel posto cos\u00ec meraviglioso\u2026 Se ne stavano andando, Bravito fu preso dal panico, dalla tristezza, NO, non voleva andarsene, inizi\u00f2 a piangere disperatamente\u2026<\/p>\n\n\n\n<p>Tomaset non capiva il suo comportamento, pensava che avesse preso una strana influenza\u2026<\/p>\n\n\n\n<p>Manca solo Bravito per salire sul camion, allora\u2026 smise di piangere, si fece coraggio e con tutte le sue forze si aggrapp\u00f2 con gli zoccoli al terreno sabbioso della piazza, voleva restare con i bambini al Camping Torre La Sal &#8216;2, e cos\u00ec lo disse a Tomaset quando questi, sbalordito, gli chiese di nuovo cosa gli fosse successo.<\/p>\n\n\n\n<p>Tomaset gli disse che non era possibile, che dovevano tornare all&#8217;allevamento, ma Bravito non si mosse, era impossibile.<\/p>\n\n\n\n<p>Tomaset, vedendo che la partenza dal campeggio si stava ritardando, raccont\u00f2 tutto a Fernando, il proprietario del campeggio e della piazzetta. Fernando rimase molto commosso dalla storia e propose a Tomaset che Bravito rimanesse a vivere nel campeggio.<\/p>\n\n\n\n<p>Bravito trascorse l&#8217;anno pi\u00f9 bello della sua vita, non poteva essere pi\u00f9 felice, i bambini lo adoravano, si incontrava con loro ogni giorno d&#8217;estate, la mattina li cercava nelle piscine e in spiaggia, il pomeriggio al parco giochi, sui gonfiabili e anche al centro sportivo e alcune sere, non tutte perch\u00e9 a volte era molto stanco, alla discoteca del campeggio, non mancava mai alle feste per bambini organizzate dalle animatrici e, naturalmente, salutava anche Tomaset e le altre giovenche e tori ogni volta che c&#8217;era uno spettacolo nella piazzetta di Toros.<\/p>\n\n\n\n<p>Per coincidenza, quando stava per compiersi il primo anno di vita di Bravito al campeggio, sempre durante la Settimana Santa, Tomaset port\u00f2 Mansita, una vacchetta docile, molto civettuola e sorridente, allo spettacolo delle vacche. Non appena Bravito e Mansita si videro, si innamorarono: Bravito si innamor\u00f2 del suo sorriso e dei suoi occhi allegri e Mansita rimase affascinata dal vedere quanto Bravito piacesse ai bambini.<\/p>\n\n\n\n<p>Durante lo spettacolo Bravito rimase con Mansita nei recinti, chiacchieravano e soprattutto ridevano, era fantastico, si capivano perfettamente.<\/p>\n\n\n\n<p>Lo spettacolo fin\u00ec e Mansita scomparve, Bravito rimase un po&#8217; triste, anche se non appena vedeva un bambino gli passava, ma quando tornava al recinto per riposarsi, mangiare\u2026 allora pensava a Mansita; Oooh! Che ciglia cos\u00ec belle! Lo rincuorava pensare che sicuramente a luglio l&#8217;avrebbe rivista\u2026<\/p>\n\n\n\n<p>Un pomeriggio all&#8217;inizio di giugno, quando non c&#8217;erano bambini nel campeggio, erano tutti a scuola, Fernando vide Bravito sulla spiaggia, seduto di fronte al mare con lo sguardo perso nel vuoto, si sedette accanto a lui e quando Bravito reag\u00ec, Fernando gli chiese come stava, Bravito gli confess\u00f2 i suoi sentimenti e Fernando si commosse di nuovo, inoltre era cos\u00ec grato a Bravito, che rendeva cos\u00ec felici i bambini del campeggio.<\/p>\n\n\n\n<p>Quello stesso pomeriggio Fernando chiam\u00f2 Tomaset e gli raccont\u00f2 l&#8217;accaduto. Tomaset cap\u00ec finalmente perch\u00e9 Mansita, da quel pomeriggio delle vacche, era cos\u00ec diversa.<\/p>\n\n\n\n<p>Fernando gli chiese di portare Mansita con Bravito, un toro che meritava di essere completamente felice per il suo amore incondizionato per i bambini.<\/p>\n\n\n\n<p>E cos\u00ec fu, e il 29 giugno dello scorso anno 2013 Bravito present\u00f2 la sua compagna a tutti i bambini.<\/p>\n\n\n\n<p>E fino ad oggi sono il toro e la vacca pi\u00f9 felici del mondo.<\/p>\n\n\n\n<p>E cos\u00ec finisce questa storia, che per\u00f2 non \u00e8 ancora finita.<\/p>\n<\/div>\n<\/div>\n<\/div>\n","protected":false},"excerpt":{"rendered":"<p>C&#8217;era una volta una piccola ma graziosa piazzetta dove si svolgevano spettacoli con giovenche&#8230;<\/p>\n","protected":false},"author":2,"featured_media":2563,"parent":3453,"menu_order":1,"comment_status":"closed","ping_status":"closed","template":"","meta":{"_acf_changed":false,"inline_featured_image":false,"footnotes":""},"class_list":["post-3489","page","type-page","status-publish","has-post-thumbnail","hentry"],"acf":[],"yoast_head":"<!-- This site is optimized with the Yoast SEO plugin v26.6 - https:\/\/yoast.com\/wordpress\/plugins\/seo\/ -->\n<title>La sua storia - Camping Bravoplaya<\/title>\n<meta name=\"description\" content=\"C&#039;era una volta una piccola ma graziosa piazzetta dove si svolgevano spettacoli con giovenche...\" \/>\n<meta name=\"robots\" content=\"index, follow, max-snippet:-1, max-image-preview:large, max-video-preview:-1\" \/>\n<link rel=\"canonical\" href=\"https:\/\/www.bravoplaya.com\/it\/animazione\/la-sua-storia\/\" \/>\n<meta property=\"og:locale\" content=\"it_IT\" \/>\n<meta property=\"og:type\" content=\"article\" \/>\n<meta property=\"og:title\" content=\"La sua storia - Camping Bravoplaya\" \/>\n<meta property=\"og:description\" content=\"C&#039;era una volta una piccola ma graziosa piazzetta dove si svolgevano spettacoli con giovenche...\" \/>\n<meta property=\"og:url\" content=\"https:\/\/www.bravoplaya.com\/it\/animazione\/la-sua-storia\/\" \/>\n<meta property=\"og:site_name\" content=\"Camping Bravoplaya\" \/>\n<meta property=\"article:modified_time\" content=\"2026-04-27T14:28:04+00:00\" \/>\n<meta property=\"og:image\" content=\"https:\/\/www.bravoplaya.com\/wp-content\/uploads\/bravito-mansita-inicio.jpg\" \/>\n\t<meta property=\"og:image:width\" content=\"1200\" \/>\n\t<meta property=\"og:image:height\" content=\"1074\" \/>\n\t<meta property=\"og:image:type\" content=\"image\/jpeg\" \/>\n<meta name=\"twitter:card\" content=\"summary_large_image\" \/>\n<meta name=\"twitter:label1\" content=\"Tempo di lettura stimato\" \/>\n\t<meta name=\"twitter:data1\" content=\"4 minuti\" \/>\n<!-- \/ Yoast SEO plugin. -->","yoast_head_json":{"title":"La sua storia - Camping Bravoplaya","description":"C'era una volta una piccola ma graziosa piazzetta dove si svolgevano spettacoli con giovenche...","robots":{"index":"index","follow":"follow","max-snippet":"max-snippet:-1","max-image-preview":"max-image-preview:large","max-video-preview":"max-video-preview:-1"},"canonical":"https:\/\/www.bravoplaya.com\/it\/animazione\/la-sua-storia\/","og_locale":"it_IT","og_type":"article","og_title":"La sua storia - Camping Bravoplaya","og_description":"C'era una volta una piccola ma graziosa piazzetta dove si svolgevano spettacoli con giovenche...","og_url":"https:\/\/www.bravoplaya.com\/it\/animazione\/la-sua-storia\/","og_site_name":"Camping Bravoplaya","article_modified_time":"2026-04-27T14:28:04+00:00","og_image":[{"width":1200,"height":1074,"url":"https:\/\/www.bravoplaya.com\/wp-content\/uploads\/bravito-mansita-inicio.jpg","type":"image\/jpeg"}],"twitter_card":"summary_large_image","twitter_misc":{"Tempo di lettura stimato":"4 minuti"},"schema":{"@context":"https:\/\/schema.org","@graph":[{"@type":"WebPage","@id":"https:\/\/www.bravoplaya.com\/it\/animazione\/la-sua-storia\/","url":"https:\/\/www.bravoplaya.com\/it\/animazione\/la-sua-storia\/","name":"La sua storia - Camping Bravoplaya","isPartOf":{"@id":"https:\/\/www.bravoplaya.com\/it\/#website"},"primaryImageOfPage":{"@id":"https:\/\/www.bravoplaya.com\/it\/animazione\/la-sua-storia\/#primaryimage"},"image":{"@id":"https:\/\/www.bravoplaya.com\/it\/animazione\/la-sua-storia\/#primaryimage"},"thumbnailUrl":"https:\/\/www.bravoplaya.com\/wp-content\/uploads\/bravito-mansita-inicio.jpg","datePublished":"2025-06-04T08:35:17+00:00","dateModified":"2026-04-27T14:28:04+00:00","description":"C'era una volta una piccola ma graziosa piazzetta dove si svolgevano spettacoli con giovenche...","breadcrumb":{"@id":"https:\/\/www.bravoplaya.com\/it\/animazione\/la-sua-storia\/#breadcrumb"},"inLanguage":"it-IT","potentialAction":[{"@type":"ReadAction","target":["https:\/\/www.bravoplaya.com\/it\/animazione\/la-sua-storia\/"]}]},{"@type":"ImageObject","inLanguage":"it-IT","@id":"https:\/\/www.bravoplaya.com\/it\/animazione\/la-sua-storia\/#primaryimage","url":"https:\/\/www.bravoplaya.com\/wp-content\/uploads\/bravito-mansita-inicio.jpg","contentUrl":"https:\/\/www.bravoplaya.com\/wp-content\/uploads\/bravito-mansita-inicio.jpg","width":1200,"height":1074},{"@type":"BreadcrumbList","@id":"https:\/\/www.bravoplaya.com\/it\/animazione\/la-sua-storia\/#breadcrumb","itemListElement":[{"@type":"ListItem","position":1,"name":"Inicio","item":"https:\/\/www.bravoplaya.com\/it\/"},{"@type":"ListItem","position":2,"name":"Animazione","item":"https:\/\/www.bravoplaya.com\/it\/animazione\/"},{"@type":"ListItem","position":3,"name":"La sua storia"}]},{"@type":"WebSite","@id":"https:\/\/www.bravoplaya.com\/it\/#website","url":"https:\/\/www.bravoplaya.com\/it\/","name":"Camping Bravoplaya","description":"Un mare di sensazioni","publisher":{"@id":"https:\/\/www.bravoplaya.com\/it\/#organization"},"potentialAction":[{"@type":"SearchAction","target":{"@type":"EntryPoint","urlTemplate":"https:\/\/www.bravoplaya.com\/it\/?s={search_term_string}"},"query-input":{"@type":"PropertyValueSpecification","valueRequired":true,"valueName":"search_term_string"}}],"inLanguage":"it-IT"},{"@type":"Organization","@id":"https:\/\/www.bravoplaya.com\/it\/#organization","name":"Camping Bravoplaya","url":"https:\/\/www.bravoplaya.com\/it\/","logo":{"@type":"ImageObject","inLanguage":"it-IT","@id":"https:\/\/www.bravoplaya.com\/it\/#\/schema\/logo\/image\/","url":"https:\/\/www.bravoplaya.com\/wp-content\/uploads\/logo-bravoplaya.png","contentUrl":"https:\/\/www.bravoplaya.com\/wp-content\/uploads\/logo-bravoplaya.png","width":225,"height":225,"caption":"Camping Bravoplaya"},"image":{"@id":"https:\/\/www.bravoplaya.com\/it\/#\/schema\/logo\/image\/"}}]}},"_links":{"self":[{"href":"https:\/\/www.bravoplaya.com\/it\/wp-json\/wp\/v2\/pages\/3489","targetHints":{"allow":["GET"]}}],"collection":[{"href":"https:\/\/www.bravoplaya.com\/it\/wp-json\/wp\/v2\/pages"}],"about":[{"href":"https:\/\/www.bravoplaya.com\/it\/wp-json\/wp\/v2\/types\/page"}],"author":[{"embeddable":true,"href":"https:\/\/www.bravoplaya.com\/it\/wp-json\/wp\/v2\/users\/2"}],"replies":[{"embeddable":true,"href":"https:\/\/www.bravoplaya.com\/it\/wp-json\/wp\/v2\/comments?post=3489"}],"version-history":[{"count":1,"href":"https:\/\/www.bravoplaya.com\/it\/wp-json\/wp\/v2\/pages\/3489\/revisions"}],"predecessor-version":[{"id":3500,"href":"https:\/\/www.bravoplaya.com\/it\/wp-json\/wp\/v2\/pages\/3489\/revisions\/3500"}],"up":[{"embeddable":true,"href":"https:\/\/www.bravoplaya.com\/it\/wp-json\/wp\/v2\/pages\/3453"}],"wp:featuredmedia":[{"embeddable":true,"href":"https:\/\/www.bravoplaya.com\/it\/wp-json\/wp\/v2\/media\/2563"}],"wp:attachment":[{"href":"https:\/\/www.bravoplaya.com\/it\/wp-json\/wp\/v2\/media?parent=3489"}],"curies":[{"name":"wp","href":"https:\/\/api.w.org\/{rel}","templated":true}]}}