{"id":3573,"date":"2025-06-04T12:59:13","date_gmt":"2025-06-04T10:59:13","guid":{"rendered":"https:\/\/bravoplaya.com\/dintorni\/parques-naturales\/"},"modified":"2026-04-21T12:03:45","modified_gmt":"2026-04-21T10:03:45","slug":"parchi-naturali","status":"publish","type":"page","link":"https:\/\/www.bravoplaya.com\/it\/dintorni\/parchi-naturali\/","title":{"rendered":"Parchi naturali"},"content":{"rendered":"\n<div class=\"wp-block-cover alignfull has-parallax header-top has-animation\" style=\"margin-top:0px;margin-bottom:0px\"><span aria-hidden=\"true\" class=\"wp-block-cover__background has-theme-blue-background-color has-background-dim-20 has-background-dim\"><\/span><div role=\"img\" class=\"wp-block-cover__image-background wp-image-2154 has-parallax\" style=\"background-position:50% 50%;background-image:url(https:\/\/www.bravoplaya.com\/wp-content\/uploads\/entorno-parques-top.jpg)\"><\/div><div class=\"wp-block-cover__inner-container is-layout-constrained wp-block-cover-is-layout-constrained\">\n<h1 class=\"wp-block-heading has-text-align-center animation--init--once animation--bottom has-theme-white-color has-text-color has-link-color wp-elements-7663e0f23d43c9726f23aa63a7e02374\">Parchi naturali<\/h1>\n\n\n\n<div class=\"wp-block-group alignwide breadcrumbs animation--init--once is-layout-constrained wp-block-group-is-layout-constrained\" style=\"margin-top:0px;margin-bottom:0px\">\n<div class=\"wp-block-group alignfull los-breadcrumbs is-layout-constrained wp-block-group-is-layout-constrained\">\n<span><span><a href=\"https:\/\/www.bravoplaya.com\/it\/\">Inicio<\/a><\/span><\/span>\n<\/div>\n<\/div>\n\n\n\n<div class=\"wp-block-group alignfull motor-thelis has-theme-brown-2-background-color has-background is-layout-constrained wp-container-core-group-is-layout-703874a8 wp-block-group-is-layout-constrained\" style=\"margin-top:0px;margin-bottom:0px;padding-top:10px;padding-right:0px;padding-bottom:12px;padding-left:0px\">\n<div class=\"wp-block-columns is-layout-flex wp-container-core-columns-is-layout-28f84493 wp-block-columns-is-layout-flex\">\n<div class=\"wp-block-column is-layout-flow wp-block-column-is-layout-flow\" style=\"flex-basis:100%\">\n<section class=\"formulaire-de-recherche-bar\">\r\n            <div id=\"expand-thelis-formulaire\">Prenota<\/div>\r\n            <div class=\"container-form\"><thr-search-engine search-text=\"Cerca\"><\/thr-search-engine><a id=\"pay-btn-2\" onclick=\"window.open('https:\/\/thelisresa.webcamp.fr\/cart-directPayment.php?camping=pcyeyp&amp;lang=it');\"><i><\/i>Saldi soggiorno<\/a>\r\n            <style>\r\n            \r\n            .thr-search-engine .thr-search-engine-main > .thr-btn-search { max-width: 20% !important; }\r\n            .thr .btn i { margin-right: 0 !important; }\r\n            #pay-btn-2 { \r\n                position: absolute;\r\n                right: 0;top: 0;\r\n                margin: 10px;\r\n                border: 0;\r\n                background-color: ;\r\n                color: ;\r\n                cursor: pointer;\r\n                width: calc(17% - 5px);\r\n                padding: 17px 0;\r\n                font-size: 18px;\r\n                font-weight: bold;\r\n                text-transform: auto;\r\n                transition: all .35s;\r\n                display: flex;justify-content: center;\r\n                align-items: center;\r\n            }\r\n            #pay-btn-2 i {\r\n                display: inline-flex;\r\n                width:18px;height:18px;\r\n                margin-right: 5px;\r\n                background-image: url('data:image\/svg+xml;utf8,<?xml version=\"1.0\" encoding=\"utf-8\"?><svg width=\"1792\" height=\"1792\" viewBox=\"0 0 1792 1792\" xmlns=\"http:\/\/www.w3.org\/2000\/svg\"><path d=\"M704 1536q0 52-38 90t-90 38-90-38-38-90 38-90 90-38 90 38 38 90zm896 0q0 52-38 90t-90 38-90-38-38-90 38-90 90-38 90 38 38 90zm128-1088v512q0 24-16.5 42.5t-40.5 21.5l-1044 122q13 60 13 70 0 16-24 64h920q26 0 45 19t19 45-19 45-45 19h-1024q-26 0-45-19t-19-45q0-11 8-31.5t16-36 21.5-40 15.5-29.5l-177-823h-204q-26 0-45-19t-19-45 19-45 45-19h256q16 0 28.5 6.5t19.5 15.5 13 24.5 8 26 5.5 29.5 4.5 26h1201q26 0 45 19t19 45z\" fill=\"rgba(255,255,255,1)\" \/><\/svg>');\r\n                background-size: cover;background-position: center center;background-repeat: no-repeat;\r\n            }\r\n            #pay-btn-2:hover { background-color: ; }\r\n            .thr-search-engine { width: 83%; }\r\n\r\n            @media screen and (max-width: 1024px) {\r\n                #pay-btn-2 { top: 52px; }\r\n                .thr-search-engine .thr-search-engine-main > .thr-btn-search { max-width: inherit !important; }\r\n            }\r\n            @media screen and (max-width: 990px) {\r\n                .thr-search-engine { width: 100%; }\r\n                #pay-btn-2 { position: relative;width: calc(100% - 20px);top: auto;margin-top: 0; }\r\n            }\r\n\r\n            thr-search-engine { border-right: 200px rgba(0,0,0,0) solid;display: block; }\r\n            @media screen and (max-width: 1024px) {\r\n                thr-search-engine { border-right: inherit;display: inherit; }\r\n            }\r\n            <\/style>\r\n            <\/div><\/section><!-- .formulaire-de-recherche-bar --><style>\r\n        #expand-thelis-formulaire { display: none; }\r\n        @media screen and (max-width: 1024px) {\r\n            #expand-thelis-formulaire { display: block; }\r\n            .formulaire-de-recherche-bar .container-form { display: none; }\r\n        }\r\n    <\/style><script>\r\n    jQuery(document).ready(function($){\r\n        jQuery('#expand-thelis-formulaire').click(function(){\r\n            if(\r\n                jQuery('.formulaire-de-recherche-bar .container-form').css('display') == 'none'\r\n            ){\r\n                jQuery('.formulaire-de-recherche-bar .container-form').css('display', 'block');\r\n                jQuery('#expand-thelis-formulaire').addClass('expanded');\r\n            }else{\r\n                jQuery('.formulaire-de-recherche-bar .container-form').css('display', 'none');\r\n                jQuery('#expand-thelis-formulaire').removeClass('expanded');\r\n            }\r\n        });\r\n    });\r\n    <\/script>\n<\/div>\n<\/div>\n<\/div>\n<\/div><\/div>\n\n\n\n<div class=\"wp-block-group alignfull bloque-intro oh is-layout-constrained wp-block-group-is-layout-constrained\">\n<div class=\"wp-block-columns are-vertically-aligned-center has-animation is-layout-flex wp-container-core-columns-is-layout-28f84493 wp-block-columns-is-layout-flex\">\n<div class=\"wp-block-column is-vertically-aligned-center is-layout-flow wp-block-column-is-layout-flow\">\n<h2 class=\"wp-block-heading has-text-align-center animation--init--once animation--bottom\"><sup>Scopri i dintorni<\/sup>Parchi naturali<\/h2>\n\n\n\n<p class=\"has-text-align-center bloque-pek\">El comune di Cabanes \u00e8 il maggior centro di ricchezze naturali di tutta la Comunit\u00e1 Valenciana.<\/p>\n\n\n\n<p class=\"has-text-align-center bloque-pek\">Tra i parchi del Prat Cabanes-Torreblanca e il Deserto delle Palme, il turista potr\u00e1 praticare attivit\u00e1 di trekking, sentieri, Montainbike. Le Isole Columbretes sono un ecosistema unico e molto molto fragile per questo molto protetto.<\/p>\n\n\n\n<div class=\"wp-block-group animation--init--once animation--left is-layout-constrained wp-block-group-is-layout-constrained\" style=\"margin-top:70px\">\n<h4 class=\"wp-block-heading has-text-align-center\">El Prat di Cabanes-Torreblanca<\/h4>\n\n\n\n<p class=\"has-text-align-center\">\u00c8 la principale palude di tutta la provincia di Castellon. Il centro di Interpretazione e Informazione ai turisti si trova appena fuori dal paese Torre la Sal, en La Ribera. Offre informazioni complete dell\u2019habitat naturale con percorsi a piedi dove si possono ammirare molte specie di animali selvatici.<\/p>\n\n\n\n<h4 class=\"wp-block-heading has-text-align-center\">Il Deserto delle Palme<\/h4>\n\n\n\n<p class=\"has-text-align-center\">Nasconde molti luoghi dove si pu\u00f3 accedere solo a piedi. Possiamo trovare molti sentieri, con paesaggi bellissimi come il sentiero di Bartolo por las Crestas; il sentiero Castillo de Miravet; Bartolo \u2013 Les Santes o il sentiero circolare dell\u2019eremo de Les Santes. Entrare in questo paesaggio \u00e8 una esperienza \u00fanica per conoscere la variet\u00e1 della flora e fauna aut\u00f3ctona della zona, la pi\u00fa diversificata d\u2019Europa cos\u00ed come paesaggi con una ricchezza naturale \u00fanica.<\/p>\n\n\n\n<h4 class=\"wp-block-heading has-text-align-center\">Ler Isole Columbretes<\/h4>\n\n\n\n<p class=\"has-text-align-center\">Vicino alla costa di Castellon, a 28 miglia marine da Oropesa emergono le isole dei Serpenti, ora chiamate Columbretes. Un picco,o arcipelago di 19 ettari, di origine vulcanica a meta strata tra la penisola e le Baleari. Per la sua posizione cosi isolata e un eccellente stato di conservazione, albergano vari especie di animali e vegetali rari nel Mediterraneo. Si tratta di 4 gruppi di Isolette, L\u2019isola Grossa, Dove si trova il faro de Columbretes ed \u00e8 anche la \u00fanica abitada. La Ferrera, la Foradada e il Carrallot. <\/p>\n\n\n\n<p class=\"has-text-align-center\">Le acque sono caratterizzate per la sua straordinaria belleza, ricchezza e grado di conservazione, per la sua chiarezza inusuale costituiscono un Paradiso per i sub.<\/p>\n\n\n\n<p class=\"has-text-align-center\">Le Columbretes rappresentano il miglior esempio di Isole Vulcaniche del nostro paese, riconoscibili per il materiale che le formano e per il suo peculiare aspetto.<\/p>\n\n\n\n<p class=\"has-text-align-center\">Si tratta dell\u2019arcipelago pi\u00fa singolare di tutta la Comunit\u00e1 Valenciana e uno dei piccoli spazi insoliti di maggior interesse ecol\u00f3gico del Mediterraneo.<\/p>\n<\/div>\n<\/div>\n<\/div>\n<\/div>\n","protected":false},"excerpt":{"rendered":"<p>Scopri i dintorniParchi naturali El comune di Cabanes \u00e8 il maggior centro di ricchezze naturali di tutta la Comunit\u00e1 Valenciana. Tra i parchi del Prat&#8230;<\/p>\n","protected":false},"author":2,"featured_media":2143,"parent":3513,"menu_order":2,"comment_status":"closed","ping_status":"closed","template":"","meta":{"_acf_changed":false,"inline_featured_image":false,"footnotes":""},"class_list":["post-3573","page","type-page","status-publish","has-post-thumbnail","hentry"],"acf":[],"yoast_head":"<!-- This site is optimized with the Yoast SEO plugin v26.6 - https:\/\/yoast.com\/wordpress\/plugins\/seo\/ -->\n<title>Parchi naturali - Camping Bravoplaya<\/title>\n<meta name=\"description\" content=\"Il Camping Bravoplaya si trova nel comune di Cabanes, uno dei contesti naturali pi\u00f9 suggestivi della Comunit\u00e0 Valenciana.\" \/>\n<meta name=\"robots\" content=\"index, follow, max-snippet:-1, max-image-preview:large, max-video-preview:-1\" \/>\n<link rel=\"canonical\" href=\"https:\/\/www.bravoplaya.com\/it\/dintorni\/parchi-naturali\/\" \/>\n<meta property=\"og:locale\" content=\"it_IT\" \/>\n<meta property=\"og:type\" content=\"article\" \/>\n<meta property=\"og:title\" content=\"Parchi naturali - Camping Bravoplaya\" \/>\n<meta property=\"og:description\" content=\"Il Camping Bravoplaya si trova nel comune di Cabanes, uno dei contesti naturali pi\u00f9 suggestivi della Comunit\u00e0 Valenciana.\" \/>\n<meta property=\"og:url\" content=\"https:\/\/www.bravoplaya.com\/it\/dintorni\/parchi-naturali\/\" \/>\n<meta property=\"og:site_name\" content=\"Camping Bravoplaya\" \/>\n<meta property=\"article:modified_time\" content=\"2026-04-21T10:03:45+00:00\" \/>\n<meta property=\"og:image\" content=\"https:\/\/www.bravoplaya.com\/wp-content\/uploads\/entorno-parques-feat.jpg\" \/>\n\t<meta property=\"og:image:width\" content=\"850\" \/>\n\t<meta property=\"og:image:height\" content=\"500\" \/>\n\t<meta property=\"og:image:type\" content=\"image\/jpeg\" \/>\n<meta name=\"twitter:card\" content=\"summary_large_image\" \/>\n<meta name=\"twitter:label1\" content=\"Tempo di lettura stimato\" \/>\n\t<meta name=\"twitter:data1\" content=\"2 minuti\" \/>\n<!-- \/ Yoast SEO plugin. -->","yoast_head_json":{"title":"Parchi naturali - Camping Bravoplaya","description":"Il Camping Bravoplaya si trova nel comune di Cabanes, uno dei contesti naturali pi\u00f9 suggestivi della Comunit\u00e0 Valenciana.","robots":{"index":"index","follow":"follow","max-snippet":"max-snippet:-1","max-image-preview":"max-image-preview:large","max-video-preview":"max-video-preview:-1"},"canonical":"https:\/\/www.bravoplaya.com\/it\/dintorni\/parchi-naturali\/","og_locale":"it_IT","og_type":"article","og_title":"Parchi naturali - Camping Bravoplaya","og_description":"Il Camping Bravoplaya si trova nel comune di Cabanes, uno dei contesti naturali pi\u00f9 suggestivi della Comunit\u00e0 Valenciana.","og_url":"https:\/\/www.bravoplaya.com\/it\/dintorni\/parchi-naturali\/","og_site_name":"Camping Bravoplaya","article_modified_time":"2026-04-21T10:03:45+00:00","og_image":[{"width":850,"height":500,"url":"https:\/\/www.bravoplaya.com\/wp-content\/uploads\/entorno-parques-feat.jpg","type":"image\/jpeg"}],"twitter_card":"summary_large_image","twitter_misc":{"Tempo di lettura stimato":"2 minuti"},"schema":{"@context":"https:\/\/schema.org","@graph":[{"@type":"WebPage","@id":"https:\/\/www.bravoplaya.com\/it\/dintorni\/parchi-naturali\/","url":"https:\/\/www.bravoplaya.com\/it\/dintorni\/parchi-naturali\/","name":"Parchi naturali - Camping Bravoplaya","isPartOf":{"@id":"https:\/\/www.bravoplaya.com\/it\/#website"},"primaryImageOfPage":{"@id":"https:\/\/www.bravoplaya.com\/it\/dintorni\/parchi-naturali\/#primaryimage"},"image":{"@id":"https:\/\/www.bravoplaya.com\/it\/dintorni\/parchi-naturali\/#primaryimage"},"thumbnailUrl":"https:\/\/www.bravoplaya.com\/wp-content\/uploads\/entorno-parques-feat.jpg","datePublished":"2025-06-04T10:59:13+00:00","dateModified":"2026-04-21T10:03:45+00:00","description":"Il Camping Bravoplaya si trova nel comune di Cabanes, uno dei contesti naturali pi\u00f9 suggestivi della Comunit\u00e0 Valenciana.","breadcrumb":{"@id":"https:\/\/www.bravoplaya.com\/it\/dintorni\/parchi-naturali\/#breadcrumb"},"inLanguage":"it-IT","potentialAction":[{"@type":"ReadAction","target":["https:\/\/www.bravoplaya.com\/it\/dintorni\/parchi-naturali\/"]}]},{"@type":"ImageObject","inLanguage":"it-IT","@id":"https:\/\/www.bravoplaya.com\/it\/dintorni\/parchi-naturali\/#primaryimage","url":"https:\/\/www.bravoplaya.com\/wp-content\/uploads\/entorno-parques-feat.jpg","contentUrl":"https:\/\/www.bravoplaya.com\/wp-content\/uploads\/entorno-parques-feat.jpg","width":850,"height":500},{"@type":"BreadcrumbList","@id":"https:\/\/www.bravoplaya.com\/it\/dintorni\/parchi-naturali\/#breadcrumb","itemListElement":[{"@type":"ListItem","position":1,"name":"Inicio","item":"https:\/\/www.bravoplaya.com\/it\/"},{"@type":"ListItem","position":2,"name":"Dintorni","item":"https:\/\/www.bravoplaya.com\/it\/entorno\/"},{"@type":"ListItem","position":3,"name":"Parchi naturali"}]},{"@type":"WebSite","@id":"https:\/\/www.bravoplaya.com\/it\/#website","url":"https:\/\/www.bravoplaya.com\/it\/","name":"Camping Bravoplaya","description":"Un mare di sensazioni","publisher":{"@id":"https:\/\/www.bravoplaya.com\/it\/#organization"},"potentialAction":[{"@type":"SearchAction","target":{"@type":"EntryPoint","urlTemplate":"https:\/\/www.bravoplaya.com\/it\/?s={search_term_string}"},"query-input":{"@type":"PropertyValueSpecification","valueRequired":true,"valueName":"search_term_string"}}],"inLanguage":"it-IT"},{"@type":"Organization","@id":"https:\/\/www.bravoplaya.com\/it\/#organization","name":"Camping Bravoplaya","url":"https:\/\/www.bravoplaya.com\/it\/","logo":{"@type":"ImageObject","inLanguage":"it-IT","@id":"https:\/\/www.bravoplaya.com\/it\/#\/schema\/logo\/image\/","url":"https:\/\/www.bravoplaya.com\/wp-content\/uploads\/logo-bravoplaya.png","contentUrl":"https:\/\/www.bravoplaya.com\/wp-content\/uploads\/logo-bravoplaya.png","width":225,"height":225,"caption":"Camping Bravoplaya"},"image":{"@id":"https:\/\/www.bravoplaya.com\/it\/#\/schema\/logo\/image\/"}}]}},"_links":{"self":[{"href":"https:\/\/www.bravoplaya.com\/it\/wp-json\/wp\/v2\/pages\/3573","targetHints":{"allow":["GET"]}}],"collection":[{"href":"https:\/\/www.bravoplaya.com\/it\/wp-json\/wp\/v2\/pages"}],"about":[{"href":"https:\/\/www.bravoplaya.com\/it\/wp-json\/wp\/v2\/types\/page"}],"author":[{"embeddable":true,"href":"https:\/\/www.bravoplaya.com\/it\/wp-json\/wp\/v2\/users\/2"}],"replies":[{"embeddable":true,"href":"https:\/\/www.bravoplaya.com\/it\/wp-json\/wp\/v2\/comments?post=3573"}],"version-history":[{"count":1,"href":"https:\/\/www.bravoplaya.com\/it\/wp-json\/wp\/v2\/pages\/3573\/revisions"}],"predecessor-version":[{"id":3584,"href":"https:\/\/www.bravoplaya.com\/it\/wp-json\/wp\/v2\/pages\/3573\/revisions\/3584"}],"up":[{"embeddable":true,"href":"https:\/\/www.bravoplaya.com\/it\/wp-json\/wp\/v2\/pages\/3513"}],"wp:featuredmedia":[{"embeddable":true,"href":"https:\/\/www.bravoplaya.com\/it\/wp-json\/wp\/v2\/media\/2143"}],"wp:attachment":[{"href":"https:\/\/www.bravoplaya.com\/it\/wp-json\/wp\/v2\/media?parent=3573"}],"curies":[{"name":"wp","href":"https:\/\/api.w.org\/{rel}","templated":true}]}}