{"id":2746,"date":"2025-06-04T10:35:17","date_gmt":"2025-06-04T08:35:17","guid":{"rendered":"https:\/\/bravoplaya.com\/animacion\/la-historia\/"},"modified":"2026-04-27T16:25:42","modified_gmt":"2026-04-27T14:25:42","slug":"die-geschichte","status":"publish","type":"page","link":"https:\/\/www.bravoplaya.com\/nl\/animatie\/die-geschichte\/","title":{"rendered":"Die geschichte"},"content":{"rendered":"\n<div class=\"wp-block-cover alignfull has-parallax header-top has-animation\" style=\"margin-top:0px;margin-bottom:0px\"><span aria-hidden=\"true\" class=\"wp-block-cover__background has-theme-blue-background-color has-background-dim-20 has-background-dim\"><\/span><div role=\"img\" class=\"wp-block-cover__image-background wp-image-2563 has-parallax\" style=\"background-position:50% 50%;background-image:url(https:\/\/www.bravoplaya.com\/wp-content\/uploads\/bravito-mansita-inicio.jpg)\"><\/div><div class=\"wp-block-cover__inner-container is-layout-constrained wp-block-cover-is-layout-constrained\">\n<h1 class=\"wp-block-heading has-text-align-center animation--init--once animation--bottom has-theme-white-color has-text-color has-link-color wp-elements-22572c9155e2fc6eaf1617ed38f5f6df\">Die geschichte<\/h1>\n\n\n\n<div class=\"wp-block-group alignwide breadcrumbs animation--init--once is-layout-constrained wp-block-group-is-layout-constrained\" style=\"margin-top:0px;margin-bottom:0px\">\n<div class=\"wp-block-group alignfull los-breadcrumbs is-layout-constrained wp-block-group-is-layout-constrained\">\n<span><span><a href=\"https:\/\/www.bravoplaya.com\/nl\/\">Inicio<\/a><\/span><\/span>\n<\/div>\n<\/div>\n\n\n\n<div class=\"wp-block-group alignfull motor-thelis has-theme-brown-2-background-color has-background is-layout-constrained wp-container-core-group-is-layout-703874a8 wp-block-group-is-layout-constrained\" style=\"margin-top:0px;margin-bottom:0px;padding-top:10px;padding-right:0px;padding-bottom:12px;padding-left:0px\">\n<div class=\"wp-block-columns is-layout-flex wp-container-core-columns-is-layout-28f84493 wp-block-columns-is-layout-flex\">\n<div class=\"wp-block-column is-layout-flow wp-block-column-is-layout-flow\" style=\"flex-basis:100%\">\n<section class=\"formulaire-de-recherche-bar\">\r\n            <div id=\"expand-thelis-formulaire\">Boek<\/div>\r\n            <div class=\"container-form\"><thr-search-engine search-text=\"Zoek naar\"><\/thr-search-engine><a id=\"pay-btn-2\" onclick=\"window.open('https:\/\/thelisresa.webcamp.fr\/cart-directPayment.php?camping=pcyeyp&amp;lang=nl');\"><i><\/i>Vestig je verblijf<\/a>\r\n            <style>\r\n            \r\n            .thr-search-engine .thr-search-engine-main > .thr-btn-search { max-width: 20% !important; }\r\n            .thr .btn i { margin-right: 0 !important; }\r\n            #pay-btn-2 { \r\n                position: absolute;\r\n                right: 0;top: 0;\r\n                margin: 10px;\r\n                border: 0;\r\n                background-color: ;\r\n                color: ;\r\n                cursor: pointer;\r\n                width: calc(17% - 5px);\r\n                padding: 17px 0;\r\n                font-size: 18px;\r\n                font-weight: bold;\r\n                text-transform: auto;\r\n                transition: all .35s;\r\n                display: flex;justify-content: center;\r\n                align-items: center;\r\n            }\r\n            #pay-btn-2 i {\r\n                display: inline-flex;\r\n                width:18px;height:18px;\r\n                margin-right: 5px;\r\n                background-image: url('data:image\/svg+xml;utf8,<?xml version=\"1.0\" encoding=\"utf-8\"?><svg width=\"1792\" height=\"1792\" viewBox=\"0 0 1792 1792\" xmlns=\"http:\/\/www.w3.org\/2000\/svg\"><path d=\"M704 1536q0 52-38 90t-90 38-90-38-38-90 38-90 90-38 90 38 38 90zm896 0q0 52-38 90t-90 38-90-38-38-90 38-90 90-38 90 38 38 90zm128-1088v512q0 24-16.5 42.5t-40.5 21.5l-1044 122q13 60 13 70 0 16-24 64h920q26 0 45 19t19 45-19 45-45 19h-1024q-26 0-45-19t-19-45q0-11 8-31.5t16-36 21.5-40 15.5-29.5l-177-823h-204q-26 0-45-19t-19-45 19-45 45-19h256q16 0 28.5 6.5t19.5 15.5 13 24.5 8 26 5.5 29.5 4.5 26h1201q26 0 45 19t19 45z\" fill=\"rgba(255,255,255,1)\" \/><\/svg>');\r\n                background-size: cover;background-position: center center;background-repeat: no-repeat;\r\n            }\r\n            #pay-btn-2:hover { background-color: ; }\r\n            .thr-search-engine { width: 83%; }\r\n\r\n            @media screen and (max-width: 1024px) {\r\n                #pay-btn-2 { top: 52px; }\r\n                .thr-search-engine .thr-search-engine-main > .thr-btn-search { max-width: inherit !important; }\r\n            }\r\n            @media screen and (max-width: 990px) {\r\n                .thr-search-engine { width: 100%; }\r\n                #pay-btn-2 { position: relative;width: calc(100% - 20px);top: auto;margin-top: 0; }\r\n            }\r\n\r\n            thr-search-engine { border-right: 200px rgba(0,0,0,0) solid;display: block; }\r\n            @media screen and (max-width: 1024px) {\r\n                thr-search-engine { border-right: inherit;display: inherit; }\r\n            }\r\n            <\/style>\r\n            <\/div><\/section><!-- .formulaire-de-recherche-bar --><style>\r\n        #expand-thelis-formulaire { display: none; }\r\n        @media screen and (max-width: 1024px) {\r\n            #expand-thelis-formulaire { display: block; }\r\n            .formulaire-de-recherche-bar .container-form { display: none; }\r\n        }\r\n    <\/style><script>\r\n    jQuery(document).ready(function($){\r\n        jQuery('#expand-thelis-formulaire').click(function(){\r\n            if(\r\n                jQuery('.formulaire-de-recherche-bar .container-form').css('display') == 'none'\r\n            ){\r\n                jQuery('.formulaire-de-recherche-bar .container-form').css('display', 'block');\r\n                jQuery('#expand-thelis-formulaire').addClass('expanded');\r\n            }else{\r\n                jQuery('.formulaire-de-recherche-bar .container-form').css('display', 'none');\r\n                jQuery('#expand-thelis-formulaire').removeClass('expanded');\r\n            }\r\n        });\r\n    });\r\n    <\/script>\n<\/div>\n<\/div>\n<\/div>\n<\/div><\/div>\n\n\n\n<div class=\"wp-block-group alignfull bloque-intro oh is-layout-constrained wp-block-group-is-layout-constrained\">\n<div class=\"wp-block-columns are-vertically-aligned-center has-animation is-layout-flex wp-container-core-columns-is-layout-28f84493 wp-block-columns-is-layout-flex\">\n<div class=\"wp-block-column is-vertically-aligned-center is-layout-flow wp-block-column-is-layout-flow\">\n<h2 class=\"wp-block-heading has-text-align-center animation--init--once animation--bottom\"><sup>Bravito en mansita<\/sup>Die geschichte<\/h2>\n\n\n\n<p>Es war einmal eine kleine Stierkampfarena die sehr sch\u00f6n war und wo unterhaltsame und harmlose Stierk\u00e4mpfe f\u00fcr jedes Publikum stattfanden. Diese Arena befand sich im Camping Torre la Sal 2, gleich neben einem herrlichen Strand.<\/p>\n\n\n\n<p>Am Samstag der Osterwoche des Jahres 2012, nahm Bravito, ein kleiner, sympatischer, zutraulicher und lieber Stier an dieser Veranstaltung teil. Die Arena f\u00fcllte sich mit Menschen und um die Vorstellung am\u00fcsanter zu machen, machte auch ein verr\u00fccktes Huhn namens Artemia mit, das als Stierk\u00e4mpferin auftritt, jajaja jajaja\u2026<\/p>\n\n\n\n<p>Bravito war von dem Klang des Kinderlachens wie verzaubert, er war wie benommen uns sah das Huhn Artemia gar nicht, wie es auf jede Weise versuchte ihn in Bewegung zu bringen. Das Lachen der Kinder wurde immer lauter und Bravito wurde immer verdutzter und blieb unbeweglich in der Mitte der Arena stehen.<\/p>\n\n\n\n<p>Tomaset, der Viehz\u00fcchter, der sehr ver\u00e4rgert war, zog den widerwilligen Bravito zum Stierzwinger wo die anderen jungen Stiere schon aufgeregt ihren Auftritt erwarteten. Dort fragte er ihn was denn mit ihm los w\u00e4re, aber Bravito blieb unbeweglich und l\u00e4chelnd stehen ohne einen Laut von sich zu geben.<br>Die Vorstellung ging weiter, endlich konnte Artemia mit den anderen Jungstieren in der Arena stierk\u00e4mpfen und alle Zuschauer, die Kinder eingeschlossen vergn\u00fcgten sich wahnsinnig bis zum letzten Stier und turu turuuuu, die Vorstellung war zu Ende.<\/p>\n\n\n\n<p>W\u00e4hrend dessen, fuhr Bravito fort wie bet\u00e4ubt dazustehen und dem Murmeln und Lachen der Kinder zuzuh\u00f6ren. In dem Moment wo es still wurde und man den Motor des Lastwagens, der Bravito und die anderen Jungstiere zu diesem wundervollen Ort gebracht hatte, anspringen h\u00f6rte, denn sie waren kurz vor der Abfahrt, bekam Bravito Panik und ihn \u00fcberkam eine tiefe Traurigkeit, NEIN, er wollte nicht fortfahren und er fing untr\u00f6stlich zu weinen an\u2026\u2026\u2026<\/p>\n\n\n\n<p>Tomaset verstand sein Verhalten \u00fcberhaupt nicht, er dachte das er vielleicht krank w\u00e4re, eine seltene Grippe oder so,\u2026\u2026\u2026..<\/p>\n\n\n\n<p>Nur Bravito fehlte noch um in den Lastwagen einzusteigen, doch dann\u2026h\u00f6rte er pl\u00f6tzlich zu weinen auf, nahm all seinen Mut zusammen und stemmte sich mit seinen Hufen, all seine Kraft zur Hilfe nehmend, in den sandigen Boden der Arena, er wollte im Camping Torre la Sal2 und bei den Kindern bleiben. Und so sagte er es Tomaset als dieser ihn nochmals fragte was denn nur mit ihm los sei.<\/p>\n\n\n\n<p>Tomaset antwortete das dies nicht m\u00f6glich w\u00e4re, das er auf den Bauernhof zur\u00fcckkehren m\u00fcsse, aber Bravito r\u00fchrte sich nicht vom Fleck, dies war unm\u00f6glich.<br>Als Tomaset merkte das sich seine Abfahrt von Camping immer mehr verz\u00f6gern w\u00fcrde, ging er zu Fernando, dem Eigent\u00fcmer des Campings und der Arena, um mit ihm zu sprechen und ihm zu erz\u00e4hlen was vorgefallen war. Fernando war sehr ger\u00fchrt von dieser Geschichte und er schlug Tomaset vor das Bravito bleiben und im Camping wohnen k\u00f6nne.<\/p>\n\n\n\n<p>Uns so verbrachte Bravito das sch\u00f6nste Jahr seines Lebens, er h\u00e4tte nicht gl\u00fccklicher sein k\u00f6nnen. Die Kinder beteten ihn an und er traf sie jeden Tag w\u00e4hrend des Sommers, am Morgen suchte er sie in den Schwimmb\u00e4dern und am Strand, am Nachmittag im Kinderpark, bei den H\u00fcpfburgen und auch auf dem Sportplatz und manche N\u00e4chte, nicht alle denn er war machmal auch sehr m\u00fcde, in der Disco des Campings. Bei den Kinderfesten die von den freundlichen Erzieherinnen organisiert wurden, fehlte er nie. Und nat\u00fcrlich begr\u00fcsste er auch, ausser den Kindern, die anderen jungen Stiere die einmal die Woche f\u00fcr die Stiershow in die Arena des Campings kamen.<\/p>\n\n\n\n<p>Zuf\u00e4llig, als schon ein Jahr von Bravitos Aufenthalt im Camping um war, ebenfalls in der Osterwoche, brachte Tomaset Mansita zu einer Stiershow mit, eine kleine sanftm\u00fctige Kuh, sehr kokett und immer l\u00e4chelnd und als Bravito und Mansita sich ansahen, war es um beide geschehen, Bravito verliebte sich in ihr l\u00e4cheln und ihre fr\u00f6hlichen Augen und Mansita war entz\u00fcckt wie die Kinder Bravito liebten.<\/p>\n\n\n\n<p>W\u00e4hrend der Vorstellung war Bravito mit Mansita im Stierzwinger, sie unterhielten sich, aber vor allem lachten sie, es war phantastisch, sie verstanden sich vollkommen.<\/p>\n\n\n\n<p>Als die Vorstellung zu Ende war, verschwand Mansita, Bravito war ein wenig traurig, aber sobald er ein Kind sah ging es vor\u00fcber, doch als er zur\u00fcck in den Stall zum essen und zum schlafen ging,\u2026\u2026\u2026.begann er an Mansita zu denken; ohh welch sch\u00f6ne Wimpern! Aber es ermunterte ihn daran zu denken das er sie bestimmt im Juli wiedersehen w\u00fcrde\u2026\u2026\u2026<\/p>\n\n\n\n<p>An einem Nachmittag Anfang Juni, als noch keine Kinder im Camping waren, sie waren alle noch in der Schule, sah Fernando wie Bravito am Strand sass und mit einem verlorenen Blick auf\u2019s Meer hinaus blickte. Er setzte sich neben ihn und als Bravito ihn bemerkte, fragte ihn Fernando wie es im gehe und da gestand ihm Bravito seine Gef\u00fchle und Fernando war wieder sehr ger\u00fchrt. Dar\u00fcberhinaus war er Bravito auch unheimlich dankbar das er die Kinder des Campings so gl\u00fccklich machte.<\/p>\n\n\n\n<p>Noch am selben Nachmittag rief Fernando Tomaset an, erz\u00e4hlte ihm was Bravito ihm erz\u00e4hlt hatte und Tomaset verstand nun endlich warum Mansita sich seit ihrem Treffen mit Bravito so ver\u00e4ndert hatte.<\/p>\n\n\n\n<p>Fernando bat ihn Mansita zu Bravito zu bringen, einem kleinen Stier der es verdient hatte vollends gl\u00fccklich zu sein, daf\u00fcr das er die Kinder so bedingungslos liebte.<\/p>\n\n\n\n<p>Und deshalb kam es, das Bravito am 29. Juni des letzten Jahres 2013 seine Gef\u00e4hrtin Mansita allen Kinder vorstellte.<\/p>\n\n\n\n<p>Uns bis heute sind der kleine Stier und die kleine Kuh die gl\u00fccklichsten Gesch\u00f6pfe auf der ganzen Welt.<\/p>\n\n\n\n<p>Aber diese Geschichte ist noch lange nicht zu Ende.<\/p>\n<\/div>\n<\/div>\n<\/div>\n","protected":false},"excerpt":{"rendered":"<p>Er was eens een klein maar heel mooi stierenvechtterrein waar shows met jonge stieren werden gehouden&#8230;<\/p>\n","protected":false},"author":2,"featured_media":2563,"parent":2741,"menu_order":1,"comment_status":"closed","ping_status":"closed","template":"","meta":{"_acf_changed":false,"inline_featured_image":false,"footnotes":""},"class_list":["post-2746","page","type-page","status-publish","has-post-thumbnail","hentry"],"acf":[],"yoast_head":"<!-- This site is optimized with the Yoast SEO plugin v26.6 - https:\/\/yoast.com\/wordpress\/plugins\/seo\/ -->\n<title>Die geschichte - Camping Bravoplaya<\/title>\n<meta name=\"description\" content=\"Er was eens een klein maar heel mooi stierenvechtterrein waar shows met jonge stieren werden gehouden...\" \/>\n<meta name=\"robots\" content=\"index, follow, max-snippet:-1, max-image-preview:large, max-video-preview:-1\" \/>\n<link rel=\"canonical\" href=\"https:\/\/www.bravoplaya.com\/nl\/animatie\/die-geschichte\/\" \/>\n<meta property=\"og:locale\" content=\"nl_NL\" \/>\n<meta property=\"og:type\" content=\"article\" \/>\n<meta property=\"og:title\" content=\"Die geschichte - Camping Bravoplaya\" \/>\n<meta property=\"og:description\" content=\"Er was eens een klein maar heel mooi stierenvechtterrein waar shows met jonge stieren werden gehouden...\" \/>\n<meta property=\"og:url\" content=\"https:\/\/www.bravoplaya.com\/nl\/animatie\/die-geschichte\/\" \/>\n<meta property=\"og:site_name\" content=\"Camping Bravoplaya\" \/>\n<meta property=\"article:modified_time\" content=\"2026-04-27T14:25:42+00:00\" \/>\n<meta property=\"og:image\" content=\"https:\/\/www.bravoplaya.com\/wp-content\/uploads\/bravito-mansita-inicio.jpg\" \/>\n\t<meta property=\"og:image:width\" content=\"1200\" \/>\n\t<meta property=\"og:image:height\" content=\"1074\" \/>\n\t<meta property=\"og:image:type\" content=\"image\/jpeg\" \/>\n<meta name=\"twitter:card\" content=\"summary_large_image\" \/>\n<meta name=\"twitter:label1\" content=\"Geschatte leestijd\" \/>\n\t<meta name=\"twitter:data1\" content=\"5 minuten\" \/>\n<!-- \/ Yoast SEO plugin. -->","yoast_head_json":{"title":"Die geschichte - Camping Bravoplaya","description":"Er was eens een klein maar heel mooi stierenvechtterrein waar shows met jonge stieren werden gehouden...","robots":{"index":"index","follow":"follow","max-snippet":"max-snippet:-1","max-image-preview":"max-image-preview:large","max-video-preview":"max-video-preview:-1"},"canonical":"https:\/\/www.bravoplaya.com\/nl\/animatie\/die-geschichte\/","og_locale":"nl_NL","og_type":"article","og_title":"Die geschichte - Camping Bravoplaya","og_description":"Er was eens een klein maar heel mooi stierenvechtterrein waar shows met jonge stieren werden gehouden...","og_url":"https:\/\/www.bravoplaya.com\/nl\/animatie\/die-geschichte\/","og_site_name":"Camping Bravoplaya","article_modified_time":"2026-04-27T14:25:42+00:00","og_image":[{"width":1200,"height":1074,"url":"https:\/\/www.bravoplaya.com\/wp-content\/uploads\/bravito-mansita-inicio.jpg","type":"image\/jpeg"}],"twitter_card":"summary_large_image","twitter_misc":{"Geschatte leestijd":"5 minuten"},"schema":{"@context":"https:\/\/schema.org","@graph":[{"@type":"WebPage","@id":"https:\/\/www.bravoplaya.com\/nl\/animatie\/die-geschichte\/","url":"https:\/\/www.bravoplaya.com\/nl\/animatie\/die-geschichte\/","name":"Die geschichte - Camping Bravoplaya","isPartOf":{"@id":"https:\/\/www.bravoplaya.com\/nl\/#website"},"primaryImageOfPage":{"@id":"https:\/\/www.bravoplaya.com\/nl\/animatie\/die-geschichte\/#primaryimage"},"image":{"@id":"https:\/\/www.bravoplaya.com\/nl\/animatie\/die-geschichte\/#primaryimage"},"thumbnailUrl":"https:\/\/www.bravoplaya.com\/wp-content\/uploads\/bravito-mansita-inicio.jpg","datePublished":"2025-06-04T08:35:17+00:00","dateModified":"2026-04-27T14:25:42+00:00","description":"Er was eens een klein maar heel mooi stierenvechtterrein waar shows met jonge stieren werden gehouden...","breadcrumb":{"@id":"https:\/\/www.bravoplaya.com\/nl\/animatie\/die-geschichte\/#breadcrumb"},"inLanguage":"nl-NL","potentialAction":[{"@type":"ReadAction","target":["https:\/\/www.bravoplaya.com\/nl\/animatie\/die-geschichte\/"]}]},{"@type":"ImageObject","inLanguage":"nl-NL","@id":"https:\/\/www.bravoplaya.com\/nl\/animatie\/die-geschichte\/#primaryimage","url":"https:\/\/www.bravoplaya.com\/wp-content\/uploads\/bravito-mansita-inicio.jpg","contentUrl":"https:\/\/www.bravoplaya.com\/wp-content\/uploads\/bravito-mansita-inicio.jpg","width":1200,"height":1074},{"@type":"BreadcrumbList","@id":"https:\/\/www.bravoplaya.com\/nl\/animatie\/die-geschichte\/#breadcrumb","itemListElement":[{"@type":"ListItem","position":1,"name":"Inicio","item":"https:\/\/www.bravoplaya.com\/nl\/"},{"@type":"ListItem","position":2,"name":"Animatie","item":"https:\/\/www.bravoplaya.com\/nl\/animatie\/"},{"@type":"ListItem","position":3,"name":"Die geschichte"}]},{"@type":"WebSite","@id":"https:\/\/www.bravoplaya.com\/nl\/#website","url":"https:\/\/www.bravoplaya.com\/nl\/","name":"Camping Bravoplaya","description":"een zee van sensaties","publisher":{"@id":"https:\/\/www.bravoplaya.com\/nl\/#organization"},"potentialAction":[{"@type":"SearchAction","target":{"@type":"EntryPoint","urlTemplate":"https:\/\/www.bravoplaya.com\/nl\/?s={search_term_string}"},"query-input":{"@type":"PropertyValueSpecification","valueRequired":true,"valueName":"search_term_string"}}],"inLanguage":"nl-NL"},{"@type":"Organization","@id":"https:\/\/www.bravoplaya.com\/nl\/#organization","name":"Camping Bravoplaya","url":"https:\/\/www.bravoplaya.com\/nl\/","logo":{"@type":"ImageObject","inLanguage":"nl-NL","@id":"https:\/\/www.bravoplaya.com\/nl\/#\/schema\/logo\/image\/","url":"https:\/\/www.bravoplaya.com\/wp-content\/uploads\/logo-bravoplaya.png","contentUrl":"https:\/\/www.bravoplaya.com\/wp-content\/uploads\/logo-bravoplaya.png","width":225,"height":225,"caption":"Camping Bravoplaya"},"image":{"@id":"https:\/\/www.bravoplaya.com\/nl\/#\/schema\/logo\/image\/"}}]}},"_links":{"self":[{"href":"https:\/\/www.bravoplaya.com\/nl\/wp-json\/wp\/v2\/pages\/2746","targetHints":{"allow":["GET"]}}],"collection":[{"href":"https:\/\/www.bravoplaya.com\/nl\/wp-json\/wp\/v2\/pages"}],"about":[{"href":"https:\/\/www.bravoplaya.com\/nl\/wp-json\/wp\/v2\/types\/page"}],"author":[{"embeddable":true,"href":"https:\/\/www.bravoplaya.com\/nl\/wp-json\/wp\/v2\/users\/2"}],"replies":[{"embeddable":true,"href":"https:\/\/www.bravoplaya.com\/nl\/wp-json\/wp\/v2\/comments?post=2746"}],"version-history":[{"count":3,"href":"https:\/\/www.bravoplaya.com\/nl\/wp-json\/wp\/v2\/pages\/2746\/revisions"}],"predecessor-version":[{"id":3496,"href":"https:\/\/www.bravoplaya.com\/nl\/wp-json\/wp\/v2\/pages\/2746\/revisions\/3496"}],"up":[{"embeddable":true,"href":"https:\/\/www.bravoplaya.com\/nl\/wp-json\/wp\/v2\/pages\/2741"}],"wp:featuredmedia":[{"embeddable":true,"href":"https:\/\/www.bravoplaya.com\/nl\/wp-json\/wp\/v2\/media\/2563"}],"wp:attachment":[{"href":"https:\/\/www.bravoplaya.com\/nl\/wp-json\/wp\/v2\/media?parent=2746"}],"curies":[{"name":"wp","href":"https:\/\/api.w.org\/{rel}","templated":true}]}}